{"id":1188,"date":"2021-09-22T15:48:02","date_gmt":"2021-09-22T13:48:02","guid":{"rendered":"https:\/\/www.studiomedicofanton.it\/?page_id=1188"},"modified":"2022-05-16T18:34:36","modified_gmt":"2022-05-16T16:34:36","slug":"ambulatorio-glaucoma","status":"publish","type":"page","link":"https:\/\/www.studiomedicofanton.it\/it\/i-nostri-servizi\/ambulatorio-glaucoma\/","title":{"rendered":"Ambulatorio Glaucoma"},"content":{"rendered":"<div id=\"pl-1188\"  class=\"panel-layout\" ><div id=\"pg-1188-0\"  class=\"panel-grid panel-has-style\" ><div class=\"panel-row-style panel-row-style-for-1188-0\" ><div id=\"pgc-1188-0-0\"  class=\"panel-grid-cell\" ><div id=\"panel-1188-0-0-0\" class=\"widget_text so-panel widget widget_custom_html panel-first-child panel-last-child\" data-index=\"0\" ><div class=\"textwidget custom-html-widget\"><div class=\"pag-servizio-wrapper\">\n\t<h1 class=\"pag-servizio-title\">\n\t\tCome diagnosticare il Glaucoma\n<\/h1>\n<\/div>\n<hr class=\"pag-servizio-title-line\"\/><\/div><\/div><\/div><\/div><\/div><div id=\"pg-1188-1\"  class=\"panel-grid panel-no-style\" ><div id=\"pgc-1188-1-0\"  class=\"panel-grid-cell\" ><div id=\"panel-1188-1-0-0\" class=\"widget_text so-panel widget widget_custom_html panel-first-child panel-last-child\" data-index=\"1\" ><div class=\"textwidget custom-html-widget\"><div class=\"pag-servizio-wrapper\">\n\t<h2 class=\"pag-servizio-subtitile\">\n\t\tIl Glaucoma\n\t<\/h2>\n<\/div><\/div><\/div><\/div><\/div><div id=\"pg-1188-2\"  class=\"panel-grid panel-no-style\" ><div id=\"pgc-1188-2-0\"  class=\"panel-grid-cell\" ><div id=\"panel-1188-2-0-0\" class=\"widget_text so-panel widget widget_custom_html panel-first-child panel-last-child\" data-index=\"2\" ><div class=\"textwidget custom-html-widget\"><div class=\"pag-servizio-wrapper\">\n\t<p class=\"pag-servizio-text\">\n\t\t&Egrave; una malattia neurodegenerativa di tipo multifattoriale, con alterazioni tipiche della testa del nervo ottico e dello strato delle fibre nervose.<br \/>\n\t\t&Egrave; caratterizzata da:\n\t<\/p>\n\t<ul class=\"pag-servizio-text\">\n\t\t<li>AUMENTO DELLA PRESSIONE INTRAOCULARE<\/li>\n\t\t<li>ALTERAZIONI ANATOMICHE DELLA PAPILLA OTTICA<\/li>\n\t\t<li>ALTERAZIONI DEL CAMPO VISIVO <\/li>\n\t<\/ul>\n\t<p class=\"pag-servizio-text\">\n\t\t&Egrave; possibile diagnosticarlo tramite esami funzionali e morfometrici, quali il Campo Visivo, la Tomografia a coerenza ottica (OCT) e la Tonometria.\n\t<\/p>\n<\/div><\/div><\/div><\/div><div id=\"pgc-1188-2-1\"  class=\"panel-grid-cell\" ><div id=\"panel-1188-2-1-0\" class=\"widget_text so-panel widget widget_custom_html panel-first-child panel-last-child\" data-index=\"3\" ><div class=\"textwidget custom-html-widget\"><img loading=\"lazy\" decoding=\"async\" class=\"alignnone size-medium wp-image-1208 aligncenter\" src=\"https:\/\/www.studiomedicofanton.it\/wp-content\/uploads\/2021\/09\/gruppo-cdc-chi-siamo-storia-logo-2012-1B-1-300x201.jpg\" alt=\"\" width=\"300\" height=\"201\" srcset=\"https:\/\/www.studiomedicofanton.it\/wp-content\/uploads\/2021\/09\/gruppo-cdc-chi-siamo-storia-logo-2012-1B-1-300x201.jpg 300w, https:\/\/www.studiomedicofanton.it\/wp-content\/uploads\/2021\/09\/gruppo-cdc-chi-siamo-storia-logo-2012-1B-1-272x182.jpg 272w, https:\/\/www.studiomedicofanton.it\/wp-content\/uploads\/2021\/09\/gruppo-cdc-chi-siamo-storia-logo-2012-1B-1.jpg 500w\" sizes=\"auto, (max-width: 300px) 100vw, 300px\" \/><\/div><\/div><\/div><\/div><div id=\"pg-1188-3\"  class=\"panel-grid panel-has-style\" ><div class=\"section-wrapper panel-row-style panel-row-style-for-1188-3\" ><div id=\"pgc-1188-3-0\"  class=\"panel-grid-cell\" ><div id=\"panel-1188-3-0-0\" class=\"widget_text so-panel widget widget_custom_html panel-first-child panel-last-child\" data-index=\"4\" ><div class=\"textwidget custom-html-widget\"><div class=\"pag-servizio-wrapper\">\n\t<h2 class=\"pag-servizio-subtitile pag-servizio-section centrato\">\n\t\tOCT\n\t<\/h2><hr \/>\n\t<p class=\"pag-servizio-text\">\n\t\t&Egrave; un esame morfometrico indispensabile per valutare la struttura della testa del nervo ottico e la conformazione delle fibre nervose retiniche (RNFL).\n\t<\/p>\n<\/div><\/div><\/div><\/div><div id=\"pgc-1188-3-1\"  class=\"panel-grid-cell\" ><div id=\"panel-1188-3-1-0\" class=\"widget_text so-panel widget widget_custom_html panel-first-child panel-last-child\" data-index=\"5\" ><div class=\"textwidget custom-html-widget\"><div class=\"pag-servizio-wrapper\">\n<h2 class=\"pag-servizio-subtitile pag-servizio-section centrato\">\n\t\tEsame del campo visivo\n\t<\/h2><hr \/>\n\t<p class=\"pag-servizio-text\">\n\t\t&Egrave; un esame funzionale che, mediante impulsi luminosi di intensit\u00e0 variabile, riesce a fornirci informazioni in merito al livello di sensibilit\u00e0 agli stimoli da parte della retina.\n\t<\/p>\n<\/div><\/div><\/div><\/div><div id=\"pgc-1188-3-2\"  class=\"panel-grid-cell\" ><div id=\"panel-1188-3-2-0\" class=\"widget_text so-panel widget widget_custom_html panel-first-child panel-last-child\" data-index=\"6\" ><div class=\"textwidget custom-html-widget\"><div class=\"pag-servizio-wrapper\">\n\t<h2 class=\"pag-servizio-subtitile pag-servizio-section centrato\">\n\t\tTonometria\n\t<\/h2><hr \/>\n\t<p class=\"pag-servizio-text\">\n\t\t&Egrave; l\u2019esame che permette di rilevare la pressione intraoculare (tono oculare) mediante il relativo strumento (tonometro). Serve a valutare le variazioni della pressione interna dell\u2019 occhio.\n\t<\/p>\n<\/div><\/div><\/div><\/div><\/div><\/div><div id=\"pg-1188-4\"  class=\"panel-grid panel-no-style\" ><div id=\"pgc-1188-4-0\"  class=\"panel-grid-cell\" ><div id=\"panel-1188-4-0-0\" class=\"widget_text so-panel widget widget_custom_html panel-first-child panel-last-child\" data-index=\"7\" ><div class=\"textwidget custom-html-widget\"><div class=\"pag-servizio-wrapper\">\n\t<h2 class=\"pag-servizio-subtitile\">\n\t\tQuanti tipi di GLAUCOMA ci sono?\n\t<\/h2>\n\t<ol class=\"pag-servizio-text\">\n\t\t<li>GLAUCOMA CRONICO AD ANGOLO APERTO <\/li>\n\t\t<li>GLAUCOMA ACUTO AD ANGOLO CHIUSO<\/li>\n\t\t<li>GLAUCOMA CONGENITO (presente gi\u00e0 alla nascita)<\/li>\n\t\t<li>GLAUCOMI SECONDARI (in presenza di altre patologie, come diabete, trombosi venose, tumori, infiammazioni) <\/li>\n\t<\/ol>\n\t<h2 class=\"pag-servizio-subtitile\">\n\t\tSintomi?\n\t<\/h2>\n\t<p class=\"pag-servizio-text\">\n\t\tNelle fase iniziali il glaucoma \u00e8 sostanzialmente asintomatico. Solo nelle fasi molto avanzate possono manifestarsi difficolt\u00e0 nella visione degli oggetti periferici e un calo del visus, che non sono pi\u00f9 recuperabili.<br \/>\n\t\tDiscorso a parte per il <strong>glaucoma acuto<\/strong> che, nella sua manifestazione, rappresenta un\u2019emergenza medica da \u201cpronto soccorso\u201d. E' accompagnato da un intensissimo dolore (simile a cefalea), colore dell'occhio molto rosso (solitamente solo uno), nausea, vomito, improvviso e marcato calo del visus. Necessita di un intervento farmacologico immediato, entro pochi minuti dall\u2019attacco. Nella maggior parte dei casi non si riesce ad ottenere un completo recupero della funzionalit\u00e0 visiva e del campo visivo. Pu\u00f2 essere preceduto da \u201cattacchi premonitori\u201d difficili da riconoscere soggettivamente, dal momento che si tratta di leggere cefalee e transitori arrossamenti oculari. \u00c8 prevenibile al 99% mediante <strong>Iridectomia Yag Laser Preventiva<\/strong>, nel caso in cui ne venga riconosciuta una predisposizione anatomica.\n\t<\/p>\n<\/div>\n<\/div><\/div><\/div><\/div><div id=\"pg-1188-5\"  class=\"panel-grid panel-no-style\" ><div id=\"pgc-1188-5-0\"  class=\"panel-grid-cell\" ><div id=\"panel-1188-5-0-0\" class=\"widget_text so-panel widget widget_custom_html panel-first-child panel-last-child\" data-index=\"8\" ><div class=\"textwidget custom-html-widget\"><div class=\"pag-servizio-wrapper\">\n\t<h2 class=\"pag-servizio-subtitile\">\n\t\tLa pressione nell'occhio\n\t<\/h2>\n\t<p class=\"pag-servizio-text\">\n\t\tIn condizioni normali, all'interno dell'occhio \u00e8 presente un liquido, chiamato umore acqueo, che viene continuamente prodotto e riassorbito. L'occhio si pu\u00f2 paragonare a un piccolo serbatoio con un rubinetto ed uno scarico sempre aperti. Se il tubo di scarico \u00e8 ostruito, la pressione all'interno del serbatoio (pressione dell'occhio) aumenter\u00e0. Esattamente come avviene con un pneumatico: se la pressione \u00e8 troppo elevata, a lungo andare il bulbo oculare presenter\u00e0 dei danni.\n\t<\/p>\t\n<\/div><\/div><\/div><\/div><div id=\"pgc-1188-5-1\"  class=\"panel-grid-cell\" ><div id=\"panel-1188-5-1-0\" class=\"widget_text so-panel widget widget_custom_html panel-first-child panel-last-child\" data-index=\"9\" ><div class=\"textwidget custom-html-widget\"><img loading=\"lazy\" decoding=\"async\" class=\"aligncenter size-medium wp-image-1231\" src=\"https:\/\/www.studiomedicofanton.it\/wp-content\/uploads\/2021\/09\/glaucoma-valvole2.jpg\" alt=\"\" width=\"300\" height=\"284\" \/><\/div><\/div><\/div><\/div><div id=\"pg-1188-6\"  class=\"panel-grid panel-has-style\" ><div class=\"section-wrapper panel-row-style panel-row-style-for-1188-6\" ><div id=\"pgc-1188-6-0\"  class=\"panel-grid-cell\" ><div id=\"panel-1188-6-0-0\" class=\"widget_text so-panel widget widget_custom_html panel-first-child panel-last-child\" data-index=\"10\" ><div class=\"textwidget custom-html-widget\"><div class=\"pag-servizio-wrapper\">\n\t<h2 class=\"pag-servizio-subtitile section-wrapper-title centrato\">\n\t\tIMPORTANZA DI UNA DIAGNOSI PRECOCE\n\t<\/h2>\n\t<p class=\"pag-servizio-text\">\n\t\t\tIl Glaucoma \u00e8 una patologia che, se non trattata, pu\u00f2 portare nel corso degli anni alla cecit\u00e0. Solo attraverso una terapia mirata, iniziata precocemente, il decorso della malattia pu\u00f2 essere arrestato o rallentato e la funzione visiva pu\u00f2 essere conservata. L\u2019obiettivo del trattamento \u00e8 quello di preservare la visione centrale e la maggior ampiezza possibile del campo visivo, per poter garantire ai pazienti glaucomatosi una buona qualit\u00e0 della vita. \n\t<\/p>\n<\/div><\/div><\/div><\/div><\/div><\/div><div id=\"pg-1188-7\"  class=\"panel-grid panel-has-style\" ><div class=\"section-wrapper panel-row-style panel-row-style-for-1188-7\" ><div id=\"pgc-1188-7-0\"  class=\"panel-grid-cell\" ><div id=\"panel-1188-7-0-0\" class=\"widget_text so-panel widget widget_custom_html panel-first-child panel-last-child\" data-index=\"11\" ><div class=\"textwidget custom-html-widget\"><div class=\"sezione-prenotazione-text justify\">\n\t<h3 class=\"pag-servizio-form-title\">\n\t\tL'Importanza di una visita Oculistica! \n\t<\/h3>\nDal momento che la vista \u00e8 parte integrante della nostra esperienza sensoriale quotidiana, \u00e8 fondamentale non sottovalutare la quantit\u00e0 di stress a cui sono sottoposti i nostri occhi.<br> Le visite mediche hanno lo scopo di salvaguardarne lo stato di salute, diagnosticando precocemente gravi patologie e intervenendo con terapie mirate ed efficienti. Prenota una visita presso il nostro Studio Medico utilizzando il pulsante sottostante. <br> Se hai dubbi o desideri maggiori informazioni contattaci compilando il seguente modulo. Saremo lieti di risponderti e venire incontro alle tue esigenze.\n<\/div>\n<div class=\"centrato\" style=\"margin-top:50px;\">\n\t<a class=\"mh-button-visit-form\" href=\"tel:+3901522979\">Prenota una visita<\/a>\n<\/div>\n<\/div><\/div><\/div><div id=\"pgc-1188-7-1\"  class=\"panel-grid-cell\" ><div id=\"panel-1188-7-1-0\" class=\"widget_text so-panel widget widget_custom_html panel-first-child panel-last-child\" data-index=\"12\" ><div class=\"textwidget custom-html-widget\"><div class=\"container-form centrato\">\n\t\n<div class=\"wpcf7 no-js\" id=\"wpcf7-f4-o1\" lang=\"it-IT\" dir=\"ltr\" data-wpcf7-id=\"4\">\n<div class=\"screen-reader-response\"><p role=\"status\" aria-live=\"polite\" aria-atomic=\"true\"><\/p> <ul><\/ul><\/div>\n<form action=\"\/it\/wp-json\/wp\/v2\/pages\/1188#wpcf7-f4-o1\" method=\"post\" class=\"wpcf7-form init\" aria-label=\"Modulo di contatto\" novalidate=\"novalidate\" data-status=\"init\">\n<fieldset class=\"hidden-fields-container\"><input type=\"hidden\" name=\"_wpcf7\" value=\"4\" \/><input type=\"hidden\" name=\"_wpcf7_version\" value=\"6.1.5\" \/><input type=\"hidden\" name=\"_wpcf7_locale\" value=\"it_IT\" \/><input type=\"hidden\" name=\"_wpcf7_unit_tag\" value=\"wpcf7-f4-o1\" \/><input type=\"hidden\" name=\"_wpcf7_container_post\" value=\"0\" \/><input type=\"hidden\" name=\"_wpcf7_posted_data_hash\" value=\"\" \/>\n<\/fieldset>\n<div class=\"wpcf7-turnstile cf-turnstile\" data-sitekey=\"0x4AAAAAABs1d-jl9c7nQQX9\" data-response-field-name=\"_wpcf7_turnstile_response\"><\/div>\n\n<p><span class=\"wpcf7-form-control-wrap\" data-name=\"your-name\"><input size=\"40\" maxlength=\"400\" class=\"wpcf7-form-control wpcf7-text wpcf7-validates-as-required\" aria-required=\"true\" aria-invalid=\"false\" placeholder=\"Nome e Cognome*\" value=\"\" type=\"text\" name=\"your-name\" \/><\/span>\n<\/p>\n<p><span class=\"wpcf7-form-control-wrap\" data-name=\"your-email\"><input size=\"40\" maxlength=\"400\" class=\"wpcf7-form-control wpcf7-email wpcf7-validates-as-required wpcf7-text wpcf7-validates-as-email\" aria-required=\"true\" aria-invalid=\"false\" placeholder=\"Email*\" value=\"\" type=\"email\" name=\"your-email\" \/><\/span>\n<\/p>\n<p><span class=\"wpcf7-form-control-wrap\" data-name=\"your-phone\"><input size=\"40\" maxlength=\"400\" class=\"wpcf7-form-control wpcf7-text\" aria-invalid=\"false\" placeholder=\"Numero di Telefono\" value=\"\" type=\"text\" name=\"your-phone\" \/><\/span>\n<\/p>\n<p><span class=\"wpcf7-form-control-wrap\" data-name=\"your-message\"><textarea cols=\"40\" rows=\"2\" maxlength=\"2000\" class=\"wpcf7-form-control wpcf7-textarea wpcf7-validates-as-required\" aria-required=\"true\" aria-invalid=\"false\" placeholder=\"Messaggio*\" name=\"your-message\"><\/textarea><\/span>\n<\/p>\n<div style=\"font-size:0.9em !important;margin-bottom: 10px;color:#5b779d;\" >\n\t<p><span class=\"wpcf7-form-control-wrap\" data-name=\"acceptance-privacy\"><span class=\"wpcf7-form-control wpcf7-acceptance\"><span class=\"wpcf7-list-item\"><label><input type=\"checkbox\" name=\"acceptance-privacy\" value=\"1\" aria-invalid=\"false\" \/><span class=\"wpcf7-list-item-label\">- Acconsento al trattamento dei miei dati personali in accordo con la pi\u00f9 recente <a href=\"https:\/\/www.studiomedicofanton.it\/it\/privacy-policy\/\" target=\"_blank\" style=\"font-size:0.9em;color:#5b779d70;\" >Privacy Policy<\/a><\/span><\/label><\/span><\/span><\/span>\n\t<\/p>\n<\/div>\n<p><input class=\"wpcf7-form-control wpcf7-submit has-spinner\" type=\"submit\" value=\"Invia\" \/>\n<\/p><div class=\"wpcf7-response-output\" aria-hidden=\"true\"><\/div>\n<\/form>\n<\/div>\n\n<\/div>\n<\/div><\/div><\/div><\/div><\/div><\/div>","protected":false},"excerpt":{"rendered":"<p>Come diagnosticare il Glaucoma Il Glaucoma &Egrave; una malattia neurodegenerativa di tipo multifattoriale, con alterazioni tipiche della testa del nervo ottico e dello strato delle fibre nervose. &Egrave; caratterizzata da:&hellip;<\/p>\n","protected":false},"author":1,"featured_media":1206,"parent":26,"menu_order":10,"comment_status":"closed","ping_status":"closed","template":"","meta":{"footnotes":""},"class_list":["post-1188","page","type-page","status-publish","has-post-thumbnail","hentry","post"],"yoast_head":"<!-- This site is optimized with the Yoast SEO plugin v27.2 - https:\/\/yoast.com\/product\/yoast-seo-wordpress\/ -->\n<title>Ambulatorio Glaucoma - Studio Medico Fanton<\/title>\n<meta name=\"robots\" content=\"index, follow, max-snippet:-1, max-image-preview:large, max-video-preview:-1\" \/>\n<link rel=\"canonical\" href=\"https:\/\/www.studiomedicofanton.it\/it\/i-nostri-servizi\/ambulatorio-glaucoma\/\" \/>\n<meta property=\"og:locale\" content=\"it_IT\" \/>\n<meta property=\"og:type\" content=\"article\" \/>\n<meta property=\"og:title\" content=\"Ambulatorio Glaucoma - Studio Medico Fanton\" \/>\n<meta property=\"og:description\" content=\"Come diagnosticare il Glaucoma Il Glaucoma &Egrave; una malattia neurodegenerativa di tipo multifattoriale, con alterazioni tipiche della testa del nervo ottico e dello strato delle fibre nervose. &Egrave; caratterizzata da:&hellip;\" \/>\n<meta property=\"og:url\" content=\"https:\/\/www.studiomedicofanton.it\/it\/i-nostri-servizi\/ambulatorio-glaucoma\/\" \/>\n<meta property=\"og:site_name\" content=\"Studio Medico Fanton\" \/>\n<meta property=\"article:modified_time\" content=\"2022-05-16T16:34:36+00:00\" \/>\n<meta property=\"og:image\" content=\"https:\/\/www.studiomedicofanton.it\/wp-content\/uploads\/2021\/09\/ambulatorio-glaucoma.jpg\" \/>\n\t<meta property=\"og:image:width\" content=\"1920\" \/>\n\t<meta property=\"og:image:height\" content=\"700\" \/>\n\t<meta property=\"og:image:type\" content=\"image\/jpeg\" \/>\n<meta name=\"twitter:card\" content=\"summary_large_image\" \/>\n<meta name=\"twitter:label1\" content=\"Tempo di lettura stimato\" \/>\n\t<meta name=\"twitter:data1\" content=\"1 minuto\" \/>\n<script type=\"application\/ld+json\" class=\"yoast-schema-graph\">{\"@context\":\"https:\/\/schema.org\",\"@graph\":[{\"@type\":\"WebPage\",\"@id\":\"https:\/\/www.studiomedicofanton.it\/it\/i-nostri-servizi\/ambulatorio-glaucoma\/\",\"url\":\"https:\/\/www.studiomedicofanton.it\/it\/i-nostri-servizi\/ambulatorio-glaucoma\/\",\"name\":\"Ambulatorio Glaucoma - Studio Medico Fanton\",\"isPartOf\":{\"@id\":\"https:\/\/www.studiomedicofanton.it\/it\/#website\"},\"primaryImageOfPage\":{\"@id\":\"https:\/\/www.studiomedicofanton.it\/it\/i-nostri-servizi\/ambulatorio-glaucoma\/#primaryimage\"},\"image\":{\"@id\":\"https:\/\/www.studiomedicofanton.it\/it\/i-nostri-servizi\/ambulatorio-glaucoma\/#primaryimage\"},\"thumbnailUrl\":\"https:\/\/www.studiomedicofanton.it\/wp-content\/uploads\/2021\/09\/ambulatorio-glaucoma.jpg\",\"datePublished\":\"2021-09-22T13:48:02+00:00\",\"dateModified\":\"2022-05-16T16:34:36+00:00\",\"breadcrumb\":{\"@id\":\"https:\/\/www.studiomedicofanton.it\/it\/i-nostri-servizi\/ambulatorio-glaucoma\/#breadcrumb\"},\"inLanguage\":\"it-IT\",\"potentialAction\":[{\"@type\":\"ReadAction\",\"target\":[\"https:\/\/www.studiomedicofanton.it\/it\/i-nostri-servizi\/ambulatorio-glaucoma\/\"]}]},{\"@type\":\"ImageObject\",\"inLanguage\":\"it-IT\",\"@id\":\"https:\/\/www.studiomedicofanton.it\/it\/i-nostri-servizi\/ambulatorio-glaucoma\/#primaryimage\",\"url\":\"https:\/\/www.studiomedicofanton.it\/wp-content\/uploads\/2021\/09\/ambulatorio-glaucoma.jpg\",\"contentUrl\":\"https:\/\/www.studiomedicofanton.it\/wp-content\/uploads\/2021\/09\/ambulatorio-glaucoma.jpg\",\"width\":1920,\"height\":700},{\"@type\":\"BreadcrumbList\",\"@id\":\"https:\/\/www.studiomedicofanton.it\/it\/i-nostri-servizi\/ambulatorio-glaucoma\/#breadcrumb\",\"itemListElement\":[{\"@type\":\"ListItem\",\"position\":1,\"name\":\"Home\",\"item\":\"https:\/\/www.studiomedicofanton.it\/it\/\"},{\"@type\":\"ListItem\",\"position\":2,\"name\":\"I Nostri Servizi\",\"item\":\"https:\/\/www.studiomedicofanton.it\/it\/i-nostri-servizi\/\"},{\"@type\":\"ListItem\",\"position\":3,\"name\":\"Ambulatorio Glaucoma\"}]},{\"@type\":\"WebSite\",\"@id\":\"https:\/\/www.studiomedicofanton.it\/it\/#website\",\"url\":\"https:\/\/www.studiomedicofanton.it\/it\/\",\"name\":\"Studio Medico Fanton\",\"description\":\"Biella Torino Lugano -  I Vostri Occhi, la Nostra Passione\",\"alternateName\":\"Studio Fanton\",\"potentialAction\":[{\"@type\":\"SearchAction\",\"target\":{\"@type\":\"EntryPoint\",\"urlTemplate\":\"https:\/\/www.studiomedicofanton.it\/it\/?s={search_term_string}\"},\"query-input\":{\"@type\":\"PropertyValueSpecification\",\"valueRequired\":true,\"valueName\":\"search_term_string\"}}],\"inLanguage\":\"it-IT\"}]}<\/script>\n<!-- \/ Yoast SEO plugin. -->","yoast_head_json":{"title":"Ambulatorio Glaucoma - Studio Medico Fanton","robots":{"index":"index","follow":"follow","max-snippet":"max-snippet:-1","max-image-preview":"max-image-preview:large","max-video-preview":"max-video-preview:-1"},"canonical":"https:\/\/www.studiomedicofanton.it\/it\/i-nostri-servizi\/ambulatorio-glaucoma\/","og_locale":"it_IT","og_type":"article","og_title":"Ambulatorio Glaucoma - Studio Medico Fanton","og_description":"Come diagnosticare il Glaucoma Il Glaucoma &Egrave; una malattia neurodegenerativa di tipo multifattoriale, con alterazioni tipiche della testa del nervo ottico e dello strato delle fibre nervose. &Egrave; caratterizzata da:&hellip;","og_url":"https:\/\/www.studiomedicofanton.it\/it\/i-nostri-servizi\/ambulatorio-glaucoma\/","og_site_name":"Studio Medico Fanton","article_modified_time":"2022-05-16T16:34:36+00:00","og_image":[{"width":1920,"height":700,"url":"https:\/\/www.studiomedicofanton.it\/wp-content\/uploads\/2021\/09\/ambulatorio-glaucoma.jpg","type":"image\/jpeg"}],"twitter_card":"summary_large_image","twitter_misc":{"Tempo di lettura stimato":"1 minuto"},"schema":{"@context":"https:\/\/schema.org","@graph":[{"@type":"WebPage","@id":"https:\/\/www.studiomedicofanton.it\/it\/i-nostri-servizi\/ambulatorio-glaucoma\/","url":"https:\/\/www.studiomedicofanton.it\/it\/i-nostri-servizi\/ambulatorio-glaucoma\/","name":"Ambulatorio Glaucoma - Studio Medico Fanton","isPartOf":{"@id":"https:\/\/www.studiomedicofanton.it\/it\/#website"},"primaryImageOfPage":{"@id":"https:\/\/www.studiomedicofanton.it\/it\/i-nostri-servizi\/ambulatorio-glaucoma\/#primaryimage"},"image":{"@id":"https:\/\/www.studiomedicofanton.it\/it\/i-nostri-servizi\/ambulatorio-glaucoma\/#primaryimage"},"thumbnailUrl":"https:\/\/www.studiomedicofanton.it\/wp-content\/uploads\/2021\/09\/ambulatorio-glaucoma.jpg","datePublished":"2021-09-22T13:48:02+00:00","dateModified":"2022-05-16T16:34:36+00:00","breadcrumb":{"@id":"https:\/\/www.studiomedicofanton.it\/it\/i-nostri-servizi\/ambulatorio-glaucoma\/#breadcrumb"},"inLanguage":"it-IT","potentialAction":[{"@type":"ReadAction","target":["https:\/\/www.studiomedicofanton.it\/it\/i-nostri-servizi\/ambulatorio-glaucoma\/"]}]},{"@type":"ImageObject","inLanguage":"it-IT","@id":"https:\/\/www.studiomedicofanton.it\/it\/i-nostri-servizi\/ambulatorio-glaucoma\/#primaryimage","url":"https:\/\/www.studiomedicofanton.it\/wp-content\/uploads\/2021\/09\/ambulatorio-glaucoma.jpg","contentUrl":"https:\/\/www.studiomedicofanton.it\/wp-content\/uploads\/2021\/09\/ambulatorio-glaucoma.jpg","width":1920,"height":700},{"@type":"BreadcrumbList","@id":"https:\/\/www.studiomedicofanton.it\/it\/i-nostri-servizi\/ambulatorio-glaucoma\/#breadcrumb","itemListElement":[{"@type":"ListItem","position":1,"name":"Home","item":"https:\/\/www.studiomedicofanton.it\/it\/"},{"@type":"ListItem","position":2,"name":"I Nostri Servizi","item":"https:\/\/www.studiomedicofanton.it\/it\/i-nostri-servizi\/"},{"@type":"ListItem","position":3,"name":"Ambulatorio Glaucoma"}]},{"@type":"WebSite","@id":"https:\/\/www.studiomedicofanton.it\/it\/#website","url":"https:\/\/www.studiomedicofanton.it\/it\/","name":"Studio Medico Fanton","description":"Biella Torino Lugano -  I Vostri Occhi, la Nostra Passione","alternateName":"Studio Fanton","potentialAction":[{"@type":"SearchAction","target":{"@type":"EntryPoint","urlTemplate":"https:\/\/www.studiomedicofanton.it\/it\/?s={search_term_string}"},"query-input":{"@type":"PropertyValueSpecification","valueRequired":true,"valueName":"search_term_string"}}],"inLanguage":"it-IT"}]}},"_links":{"self":[{"href":"https:\/\/www.studiomedicofanton.it\/it\/wp-json\/wp\/v2\/pages\/1188","targetHints":{"allow":["GET"]}}],"collection":[{"href":"https:\/\/www.studiomedicofanton.it\/it\/wp-json\/wp\/v2\/pages"}],"about":[{"href":"https:\/\/www.studiomedicofanton.it\/it\/wp-json\/wp\/v2\/types\/page"}],"author":[{"embeddable":true,"href":"https:\/\/www.studiomedicofanton.it\/it\/wp-json\/wp\/v2\/users\/1"}],"replies":[{"embeddable":true,"href":"https:\/\/www.studiomedicofanton.it\/it\/wp-json\/wp\/v2\/comments?post=1188"}],"version-history":[{"count":10,"href":"https:\/\/www.studiomedicofanton.it\/it\/wp-json\/wp\/v2\/pages\/1188\/revisions"}],"predecessor-version":[{"id":2691,"href":"https:\/\/www.studiomedicofanton.it\/it\/wp-json\/wp\/v2\/pages\/1188\/revisions\/2691"}],"up":[{"embeddable":true,"href":"https:\/\/www.studiomedicofanton.it\/it\/wp-json\/wp\/v2\/pages\/26"}],"wp:featuredmedia":[{"embeddable":true,"href":"https:\/\/www.studiomedicofanton.it\/it\/wp-json\/wp\/v2\/media\/1206"}],"wp:attachment":[{"href":"https:\/\/www.studiomedicofanton.it\/it\/wp-json\/wp\/v2\/media?parent=1188"}],"curies":[{"name":"wp","href":"https:\/\/api.w.org\/{rel}","templated":true}]}}