{"id":1367,"date":"2021-09-23T14:40:22","date_gmt":"2021-09-23T12:40:22","guid":{"rendered":"https:\/\/www.studiomedicofanton.it\/?page_id=1367"},"modified":"2022-05-16T17:15:00","modified_gmt":"2022-05-16T15:15:00","slug":"consulenza-ortottica","status":"publish","type":"page","link":"https:\/\/www.studiomedicofanton.it\/it\/i-nostri-servizi\/consulenza-ortottica\/","title":{"rendered":"Consulenza Ortottica"},"content":{"rendered":"<div id=\"pl-1367\"  class=\"panel-layout\" ><div id=\"pg-1367-0\"  class=\"panel-grid panel-has-style\" ><div class=\"panel-row-style panel-row-style-for-1367-0\" ><div id=\"pgc-1367-0-0\"  class=\"panel-grid-cell\" ><div id=\"panel-1367-0-0-0\" class=\"widget_text so-panel widget widget_custom_html panel-first-child panel-last-child\" data-index=\"0\" ><div class=\"textwidget custom-html-widget\"><div class=\"pag-servizio-wrapper\">\n\t<h1 class=\"pag-servizio-title\">\n\t\tConsulenza Ortottica\n<\/h1>\n\t<hr class=\"pag-servizio-title-line\"\/>\n<\/div>\n<\/div><\/div><\/div><\/div><\/div><div id=\"pg-1367-1\"  class=\"panel-grid panel-no-style\" ><div id=\"pgc-1367-1-0\"  class=\"panel-grid-cell\" ><div id=\"panel-1367-1-0-0\" class=\"widget_text so-panel widget widget_custom_html panel-first-child panel-last-child\" data-index=\"1\" ><div class=\"textwidget custom-html-widget\"><div class=\"pag-servizio-wrapper\">\n\t<h2 class=\"pag-servizio-subtitile\">\n\t\tChe cos'\u00e9 l'Ortottica\n\t<\/h2>\n<\/div><\/div><\/div><\/div><\/div><div id=\"pg-1367-2\"  class=\"panel-grid panel-no-style\" ><div id=\"pgc-1367-2-0\"  class=\"panel-grid-cell\" ><div id=\"panel-1367-2-0-0\" class=\"widget_text so-panel widget widget_custom_html panel-first-child panel-last-child\" data-index=\"2\" ><div class=\"textwidget custom-html-widget\"><div class=\"pag-servizio-wrapper\">\n\t<p class=\"pag-servizio-text justify\">\n\t\t&Egrave; una branca dell\u2019Oculistica che si occupa di strabismo e di tutte le alterazioni dei movimenti oculari, nel bambino e nell\u2019adulto. L'ortottista lavora in stretta collaborazione con il medico oculista, cui spetta il compito di indicare la terapia ottica, ortottica, farmacologica o chirurgica.\n\t<\/p>\n<\/div><\/div><\/div><\/div><div id=\"pgc-1367-2-1\"  class=\"panel-grid-cell\" ><div id=\"panel-1367-2-1-0\" class=\"widget_text so-panel widget widget_custom_html panel-first-child panel-last-child\" data-index=\"3\" ><div class=\"textwidget custom-html-widget\"><img loading=\"lazy\" decoding=\"async\" class=\"aligncenter wp-image-2260 size-full\" src=\"https:\/\/www.studiomedicofanton.it\/wp-content\/uploads\/2021\/11\/consulenza-ortottica-fanton.jpg\" alt=\"\" width=\"800\" height=\"532\" srcset=\"https:\/\/www.studiomedicofanton.it\/wp-content\/uploads\/2021\/11\/consulenza-ortottica-fanton.jpg 800w, https:\/\/www.studiomedicofanton.it\/wp-content\/uploads\/2021\/11\/consulenza-ortottica-fanton-300x200.jpg 300w, https:\/\/www.studiomedicofanton.it\/wp-content\/uploads\/2021\/11\/consulenza-ortottica-fanton-768x511.jpg 768w, https:\/\/www.studiomedicofanton.it\/wp-content\/uploads\/2021\/11\/consulenza-ortottica-fanton-263x174.jpg 263w, https:\/\/www.studiomedicofanton.it\/wp-content\/uploads\/2021\/11\/consulenza-ortottica-fanton-360x238.jpg 360w, https:\/\/www.studiomedicofanton.it\/wp-content\/uploads\/2021\/11\/consulenza-ortottica-fanton-272x182.jpg 272w\" sizes=\"auto, (max-width: 800px) 100vw, 800px\" \/><\/div><\/div><\/div><\/div><div id=\"pg-1367-3\"  class=\"panel-grid panel-has-style\" ><div class=\"section-wrapper panel-row-style panel-row-style-for-1367-3\" ><div id=\"pgc-1367-3-0\"  class=\"panel-grid-cell\" ><div id=\"panel-1367-3-0-0\" class=\"widget_text so-panel widget widget_custom_html panel-first-child panel-last-child\" data-index=\"4\" ><div class=\"textwidget custom-html-widget\"><div class=\"pag-servizio-wrapper\">\n\t<h2 class=\"pag-servizio-subtitile section-wrapper-title centrato\">\n\t\tNel Bambino\n\t<\/h2><hr \/>\n\t<p class=\"pag-servizio-text\">\n\t\tper trattare l\u2019ambliopia. Esistono trattamenti personalizzati: \n\t<\/p>\n\t<ul class=\"pag-servizio-text\">\n\t\t<li>Ambulatoriali, attraverso metodiche tradizionali. <\/li>\n\t\t<li>Domiciliari, attraverso software specifici appositamente studiati per offrire al paziente un comodo strumento di training visivo.<\/li>\n\t<\/ul>\n<\/div><\/div><\/div><\/div><div id=\"pgc-1367-3-1\"  class=\"panel-grid-cell\" ><div id=\"panel-1367-3-1-0\" class=\"widget_text so-panel widget widget_custom_html panel-first-child panel-last-child\" data-index=\"5\" ><div class=\"textwidget custom-html-widget\"><div class=\"pag-servizio-wrapper\">\n\t<h2 class=\"pag-servizio-subtitile section-wrapper-title centrato\">\n\t\tNell'Adulto\n\t<\/h2><hr \/>\n\t<p class=\"pag-servizio-text\">\n\t\tper individuare precocemente e trattare: \n\t<\/p>\n\t<ul class=\"pag-servizio-text\">\n\t\t<li><strong>diplopia<\/strong> (visione sdoppiata) da un punto di vista funzionale, laddove possibile attraverso l'applicazione di particolari lenti (dette \"prismi\") <\/li>\n\t\t<li>disturbi legati all\u2019affaticamento visivo (astenopia)<\/li>\n\t<\/ul>\n<\/div><\/div><\/div><\/div><\/div><\/div><div id=\"pg-1367-4\"  class=\"panel-grid panel-no-style\" ><div id=\"pgc-1367-4-0\"  class=\"panel-grid-cell\" ><div id=\"panel-1367-4-0-0\" class=\"widget_text so-panel widget widget_custom_html panel-first-child panel-last-child\" data-index=\"6\" ><div class=\"textwidget custom-html-widget\"><div class=\"pag-servizio-wrapper\">\n\t<h2 class=\"pag-servizio-subtitile\">\n\t\tDi cosa si occupa?\n\t<\/h2>\n\t<p class=\"pag-servizio-text\">\n\t\tL'Ortottica si occupa di studiare i movimenti oculari legati alla letto-scrittura (dislessia e\/o Disturbi Specifici dell\u2019Apprendimento) e di fornire preziose indicazioni per quanto riguarda i migliori stimoli visivi da fornire al soggetto durante il suo percorso scolastico, al fine di garantirgli un adeguato sviluppo cognitivo. Studia il residuo visivo in pazienti affetti da patologie oculari che per gravit\u00e0 e decorso, compromettono notevolmente la capacit\u00e0 visiva globale (ipovisione). Pertanto offre training personalizzati attraverso l\u2019impiego di ausili ottici dedicati.\n\t<\/p>\n<\/div>\n<\/div><\/div><\/div><\/div><div id=\"pg-1367-5\"  class=\"panel-grid panel-has-style\" ><div class=\"panel-row-style panel-row-style-for-1367-5\" ><div id=\"pgc-1367-5-0\"  class=\"panel-grid-cell\" ><div id=\"panel-1367-5-0-0\" class=\"widget_text so-panel widget widget_custom_html panel-first-child panel-last-child\" data-index=\"7\" ><div class=\"textwidget custom-html-widget\"><div class=\"pag-servizio-wrapper\">\n\t<h2 class=\"pag-servizio-subtitile\">\n\t\tL'importanza della valutazione ortottica\n\t<\/h2>\n<\/div><\/div><\/div><\/div><\/div><\/div><div id=\"pg-1367-6\"  class=\"panel-grid panel-has-style\" ><div class=\"panel-row-style panel-row-style-for-1367-6\" ><div id=\"pgc-1367-6-0\"  class=\"panel-grid-cell\" ><div id=\"panel-1367-6-0-0\" class=\"widget_text so-panel widget widget_custom_html panel-first-child panel-last-child\" data-index=\"8\" ><div class=\"textwidget custom-html-widget\"><div class=\"pag-servizio-wrapper\">\n\t<p class=\"pag-servizio-text justify\">\n\t\tLa valutazione Ortottica serve ad individuare o ad escludere disturbi quali i disallineamenti oculari,  strabismo, visione doppia e l\u2019occhio pigro.\nLa visita ortottica \u00e8 una prestazione indolore e veloce, che agli occhi del piccolo paziente pu\u00f2 risultare anche divertente, in quanto il personale (altamente qualificato) si relaziona con il bambino instaurando un rapporto di fiducia e di complicit\u00e0, volto a catturare l\u2019attenzione del paziente.<br \/>\nPer questo motivo vengono utilizzati strumenti colorati e cerotti Ortopad con disegni. <br \/>\nOccorre che i pi\u00f9 piccoli facciano una visita oculistica ed una valutazione ortottica intorno ai 3\/4 anni per diagnosticare o prevenire eventuali problematiche.\nLe patologie oculari sono condizioni cliniche che spesso vengono trascurate, soprattutto se sono di lieve entit\u00e0 ma  possono essere risolte se diagnosticate e trattate in tempo. \nL\u2019esecuzione di esercizi ortottici \u00e8 fondamentale per la cura di varie patologie ed \u00e8 molto utile per rieducare il sistema sensorio-motorio dell\u2019occhio.<br \/>\n\t<\/p>\t\n<\/div><\/div><\/div><\/div><div id=\"pgc-1367-6-1\"  class=\"panel-grid-cell\" ><div id=\"panel-1367-6-1-0\" class=\"widget_text so-panel widget widget_custom_html panel-first-child panel-last-child\" data-index=\"9\" ><div class=\"textwidget custom-html-widget\"><img loading=\"lazy\" decoding=\"async\" class=\"aligncenter size-medium wp-image-1231\" src=\"https:\/\/www.studiomedicofanton.it\/wp-content\/uploads\/2021\/09\/ORTOTTICA-2.jpg\" alt=\"\" width=\"300\" height=\"284\" \/><\/div><\/div><\/div><\/div><\/div><div id=\"pg-1367-7\"  class=\"panel-grid panel-has-style\" ><div class=\"panel-row-style panel-row-style-for-1367-7\" ><div id=\"pgc-1367-7-0\"  class=\"panel-grid-cell\" ><div id=\"panel-1367-7-0-0\" class=\"widget_text so-panel widget widget_custom_html panel-first-child panel-last-child\" data-index=\"10\" ><div class=\"textwidget custom-html-widget\"><div class=\"sezione-prenotazione-text justify\">\n\t<h3 class=\"pag-servizio-form-title\">\n\t\tL'Importanza di una visita Oculistica! \n\t<\/h3>\nDal momento che la vista \u00e8 parte integrante della nostra esperienza sensoriale quotidiana, \u00e8 fondamentale non sottovalutare la quantit\u00e0 di stress a cui sono sottoposti i nostri occhi.<br> Le visite mediche hanno lo scopo di salvaguardarne lo stato di salute, diagnosticando precocemente gravi patologie e intervenendo con terapie mirate ed efficienti. Prenota una visita presso il nostro Studio Medico utilizzando il pulsante sottostante. <br> Se hai dubbi o desideri maggiori informazioni contattaci compilando il seguente modulo. Saremo lieti di risponderti e venire incontro alle tue esigenze.\n<\/div>\n<div class=\"centrato\" style=\"margin-top:50px;\">\n\t<a class=\"mh-button-visit-form\" href=\"tel:+3901522979\">Prenota una visita<\/a>\n<\/div>\n<\/div><\/div><\/div><div id=\"pgc-1367-7-1\"  class=\"panel-grid-cell\" ><div id=\"panel-1367-7-1-0\" class=\"widget_text so-panel widget widget_custom_html panel-first-child panel-last-child\" data-index=\"11\" ><div class=\"textwidget custom-html-widget\"><div class=\"container-form centrato\">\n\t\n<div class=\"wpcf7 no-js\" id=\"wpcf7-f4-o1\" lang=\"it-IT\" dir=\"ltr\" data-wpcf7-id=\"4\">\n<div class=\"screen-reader-response\"><p role=\"status\" aria-live=\"polite\" aria-atomic=\"true\"><\/p> <ul><\/ul><\/div>\n<form action=\"\/it\/wp-json\/wp\/v2\/pages\/1367#wpcf7-f4-o1\" method=\"post\" class=\"wpcf7-form init\" aria-label=\"Modulo di contatto\" novalidate=\"novalidate\" data-status=\"init\">\n<fieldset class=\"hidden-fields-container\"><input type=\"hidden\" name=\"_wpcf7\" value=\"4\" \/><input type=\"hidden\" name=\"_wpcf7_version\" value=\"6.1.5\" \/><input type=\"hidden\" name=\"_wpcf7_locale\" value=\"it_IT\" \/><input type=\"hidden\" name=\"_wpcf7_unit_tag\" value=\"wpcf7-f4-o1\" \/><input type=\"hidden\" name=\"_wpcf7_container_post\" value=\"0\" \/><input type=\"hidden\" name=\"_wpcf7_posted_data_hash\" value=\"\" \/>\n<\/fieldset>\n<div class=\"wpcf7-turnstile cf-turnstile\" data-sitekey=\"0x4AAAAAABs1d-jl9c7nQQX9\" data-response-field-name=\"_wpcf7_turnstile_response\"><\/div>\n\n<p><span class=\"wpcf7-form-control-wrap\" data-name=\"your-name\"><input size=\"40\" maxlength=\"400\" class=\"wpcf7-form-control wpcf7-text wpcf7-validates-as-required\" aria-required=\"true\" aria-invalid=\"false\" placeholder=\"Nome e Cognome*\" value=\"\" type=\"text\" name=\"your-name\" \/><\/span>\n<\/p>\n<p><span class=\"wpcf7-form-control-wrap\" data-name=\"your-email\"><input size=\"40\" maxlength=\"400\" class=\"wpcf7-form-control wpcf7-email wpcf7-validates-as-required wpcf7-text wpcf7-validates-as-email\" aria-required=\"true\" aria-invalid=\"false\" placeholder=\"Email*\" value=\"\" type=\"email\" name=\"your-email\" \/><\/span>\n<\/p>\n<p><span class=\"wpcf7-form-control-wrap\" data-name=\"your-phone\"><input size=\"40\" maxlength=\"400\" class=\"wpcf7-form-control wpcf7-text\" aria-invalid=\"false\" placeholder=\"Numero di Telefono\" value=\"\" type=\"text\" name=\"your-phone\" \/><\/span>\n<\/p>\n<p><span class=\"wpcf7-form-control-wrap\" data-name=\"your-message\"><textarea cols=\"40\" rows=\"2\" maxlength=\"2000\" class=\"wpcf7-form-control wpcf7-textarea wpcf7-validates-as-required\" aria-required=\"true\" aria-invalid=\"false\" placeholder=\"Messaggio*\" name=\"your-message\"><\/textarea><\/span>\n<\/p>\n<div style=\"font-size:0.9em !important;margin-bottom: 10px;color:#5b779d;\" >\n\t<p><span class=\"wpcf7-form-control-wrap\" data-name=\"acceptance-privacy\"><span class=\"wpcf7-form-control wpcf7-acceptance\"><span class=\"wpcf7-list-item\"><label><input type=\"checkbox\" name=\"acceptance-privacy\" value=\"1\" aria-invalid=\"false\" \/><span class=\"wpcf7-list-item-label\">- Acconsento al trattamento dei miei dati personali in accordo con la pi\u00f9 recente <a href=\"https:\/\/www.studiomedicofanton.it\/it\/privacy-policy\/\" target=\"_blank\" style=\"font-size:0.9em;color:#5b779d70;\" >Privacy Policy<\/a><\/span><\/label><\/span><\/span><\/span>\n\t<\/p>\n<\/div>\n<p><input class=\"wpcf7-form-control wpcf7-submit has-spinner\" type=\"submit\" value=\"Invia\" \/>\n<\/p><div class=\"wpcf7-response-output\" aria-hidden=\"true\"><\/div>\n<\/form>\n<\/div>\n\n<\/div>\n<\/div><\/div><\/div><\/div><\/div><\/div>","protected":false},"excerpt":{"rendered":"<p>Consulenza Ortottica Che cos&#8217;\u00e9 l&#8217;Ortottica &Egrave; una branca dell\u2019Oculistica che si occupa di strabismo e di tutte le alterazioni dei movimenti oculari, nel bambino e nell\u2019adulto. L&#8217;ortottista lavora in stretta&hellip;<\/p>\n","protected":false},"author":1,"featured_media":1200,"parent":26,"menu_order":40,"comment_status":"closed","ping_status":"closed","template":"","meta":{"footnotes":""},"class_list":["post-1367","page","type-page","status-publish","has-post-thumbnail","hentry","post"],"yoast_head":"<!-- This site is optimized with the Yoast SEO plugin v27.2 - https:\/\/yoast.com\/product\/yoast-seo-wordpress\/ -->\n<title>Consulenza Ortottica - Studio Medico Fanton<\/title>\n<meta name=\"robots\" content=\"index, follow, max-snippet:-1, max-image-preview:large, max-video-preview:-1\" \/>\n<link rel=\"canonical\" href=\"https:\/\/www.studiomedicofanton.it\/it\/i-nostri-servizi\/consulenza-ortottica\/\" \/>\n<meta property=\"og:locale\" content=\"it_IT\" \/>\n<meta property=\"og:type\" content=\"article\" \/>\n<meta property=\"og:title\" content=\"Consulenza Ortottica - Studio Medico Fanton\" \/>\n<meta property=\"og:description\" content=\"Consulenza Ortottica Che cos&#039;\u00e9 l&#039;Ortottica &Egrave; una branca dell\u2019Oculistica che si occupa di strabismo e di tutte le alterazioni dei movimenti oculari, nel bambino e nell\u2019adulto. L&#039;ortottista lavora in stretta&hellip;\" \/>\n<meta property=\"og:url\" content=\"https:\/\/www.studiomedicofanton.it\/it\/i-nostri-servizi\/consulenza-ortottica\/\" \/>\n<meta property=\"og:site_name\" content=\"Studio Medico Fanton\" \/>\n<meta property=\"article:modified_time\" content=\"2022-05-16T15:15:00+00:00\" \/>\n<meta property=\"og:image\" content=\"https:\/\/www.studiomedicofanton.it\/wp-content\/uploads\/2021\/09\/ortottica.jpg\" \/>\n\t<meta property=\"og:image:width\" content=\"1920\" \/>\n\t<meta property=\"og:image:height\" content=\"700\" \/>\n\t<meta property=\"og:image:type\" content=\"image\/jpeg\" \/>\n<meta name=\"twitter:card\" content=\"summary_large_image\" \/>\n<meta name=\"twitter:label1\" content=\"Tempo di lettura stimato\" \/>\n\t<meta name=\"twitter:data1\" content=\"1 minuto\" \/>\n<script type=\"application\/ld+json\" class=\"yoast-schema-graph\">{\"@context\":\"https:\/\/schema.org\",\"@graph\":[{\"@type\":\"WebPage\",\"@id\":\"https:\/\/www.studiomedicofanton.it\/it\/i-nostri-servizi\/consulenza-ortottica\/\",\"url\":\"https:\/\/www.studiomedicofanton.it\/it\/i-nostri-servizi\/consulenza-ortottica\/\",\"name\":\"Consulenza Ortottica - Studio Medico Fanton\",\"isPartOf\":{\"@id\":\"https:\/\/www.studiomedicofanton.it\/it\/#website\"},\"primaryImageOfPage\":{\"@id\":\"https:\/\/www.studiomedicofanton.it\/it\/i-nostri-servizi\/consulenza-ortottica\/#primaryimage\"},\"image\":{\"@id\":\"https:\/\/www.studiomedicofanton.it\/it\/i-nostri-servizi\/consulenza-ortottica\/#primaryimage\"},\"thumbnailUrl\":\"https:\/\/www.studiomedicofanton.it\/wp-content\/uploads\/2021\/09\/ortottica.jpg\",\"datePublished\":\"2021-09-23T12:40:22+00:00\",\"dateModified\":\"2022-05-16T15:15:00+00:00\",\"breadcrumb\":{\"@id\":\"https:\/\/www.studiomedicofanton.it\/it\/i-nostri-servizi\/consulenza-ortottica\/#breadcrumb\"},\"inLanguage\":\"it-IT\",\"potentialAction\":[{\"@type\":\"ReadAction\",\"target\":[\"https:\/\/www.studiomedicofanton.it\/it\/i-nostri-servizi\/consulenza-ortottica\/\"]}]},{\"@type\":\"ImageObject\",\"inLanguage\":\"it-IT\",\"@id\":\"https:\/\/www.studiomedicofanton.it\/it\/i-nostri-servizi\/consulenza-ortottica\/#primaryimage\",\"url\":\"https:\/\/www.studiomedicofanton.it\/wp-content\/uploads\/2021\/09\/ortottica.jpg\",\"contentUrl\":\"https:\/\/www.studiomedicofanton.it\/wp-content\/uploads\/2021\/09\/ortottica.jpg\",\"width\":1920,\"height\":700},{\"@type\":\"BreadcrumbList\",\"@id\":\"https:\/\/www.studiomedicofanton.it\/it\/i-nostri-servizi\/consulenza-ortottica\/#breadcrumb\",\"itemListElement\":[{\"@type\":\"ListItem\",\"position\":1,\"name\":\"Home\",\"item\":\"https:\/\/www.studiomedicofanton.it\/it\/\"},{\"@type\":\"ListItem\",\"position\":2,\"name\":\"I Nostri Servizi\",\"item\":\"https:\/\/www.studiomedicofanton.it\/it\/i-nostri-servizi\/\"},{\"@type\":\"ListItem\",\"position\":3,\"name\":\"Consulenza Ortottica\"}]},{\"@type\":\"WebSite\",\"@id\":\"https:\/\/www.studiomedicofanton.it\/it\/#website\",\"url\":\"https:\/\/www.studiomedicofanton.it\/it\/\",\"name\":\"Studio Medico Fanton\",\"description\":\"Biella Torino Lugano -  I Vostri Occhi, la Nostra Passione\",\"alternateName\":\"Studio Fanton\",\"potentialAction\":[{\"@type\":\"SearchAction\",\"target\":{\"@type\":\"EntryPoint\",\"urlTemplate\":\"https:\/\/www.studiomedicofanton.it\/it\/?s={search_term_string}\"},\"query-input\":{\"@type\":\"PropertyValueSpecification\",\"valueRequired\":true,\"valueName\":\"search_term_string\"}}],\"inLanguage\":\"it-IT\"}]}<\/script>\n<!-- \/ Yoast SEO plugin. -->","yoast_head_json":{"title":"Consulenza Ortottica - Studio Medico Fanton","robots":{"index":"index","follow":"follow","max-snippet":"max-snippet:-1","max-image-preview":"max-image-preview:large","max-video-preview":"max-video-preview:-1"},"canonical":"https:\/\/www.studiomedicofanton.it\/it\/i-nostri-servizi\/consulenza-ortottica\/","og_locale":"it_IT","og_type":"article","og_title":"Consulenza Ortottica - Studio Medico Fanton","og_description":"Consulenza Ortottica Che cos'\u00e9 l'Ortottica &Egrave; una branca dell\u2019Oculistica che si occupa di strabismo e di tutte le alterazioni dei movimenti oculari, nel bambino e nell\u2019adulto. L'ortottista lavora in stretta&hellip;","og_url":"https:\/\/www.studiomedicofanton.it\/it\/i-nostri-servizi\/consulenza-ortottica\/","og_site_name":"Studio Medico Fanton","article_modified_time":"2022-05-16T15:15:00+00:00","og_image":[{"width":1920,"height":700,"url":"https:\/\/www.studiomedicofanton.it\/wp-content\/uploads\/2021\/09\/ortottica.jpg","type":"image\/jpeg"}],"twitter_card":"summary_large_image","twitter_misc":{"Tempo di lettura stimato":"1 minuto"},"schema":{"@context":"https:\/\/schema.org","@graph":[{"@type":"WebPage","@id":"https:\/\/www.studiomedicofanton.it\/it\/i-nostri-servizi\/consulenza-ortottica\/","url":"https:\/\/www.studiomedicofanton.it\/it\/i-nostri-servizi\/consulenza-ortottica\/","name":"Consulenza Ortottica - Studio Medico Fanton","isPartOf":{"@id":"https:\/\/www.studiomedicofanton.it\/it\/#website"},"primaryImageOfPage":{"@id":"https:\/\/www.studiomedicofanton.it\/it\/i-nostri-servizi\/consulenza-ortottica\/#primaryimage"},"image":{"@id":"https:\/\/www.studiomedicofanton.it\/it\/i-nostri-servizi\/consulenza-ortottica\/#primaryimage"},"thumbnailUrl":"https:\/\/www.studiomedicofanton.it\/wp-content\/uploads\/2021\/09\/ortottica.jpg","datePublished":"2021-09-23T12:40:22+00:00","dateModified":"2022-05-16T15:15:00+00:00","breadcrumb":{"@id":"https:\/\/www.studiomedicofanton.it\/it\/i-nostri-servizi\/consulenza-ortottica\/#breadcrumb"},"inLanguage":"it-IT","potentialAction":[{"@type":"ReadAction","target":["https:\/\/www.studiomedicofanton.it\/it\/i-nostri-servizi\/consulenza-ortottica\/"]}]},{"@type":"ImageObject","inLanguage":"it-IT","@id":"https:\/\/www.studiomedicofanton.it\/it\/i-nostri-servizi\/consulenza-ortottica\/#primaryimage","url":"https:\/\/www.studiomedicofanton.it\/wp-content\/uploads\/2021\/09\/ortottica.jpg","contentUrl":"https:\/\/www.studiomedicofanton.it\/wp-content\/uploads\/2021\/09\/ortottica.jpg","width":1920,"height":700},{"@type":"BreadcrumbList","@id":"https:\/\/www.studiomedicofanton.it\/it\/i-nostri-servizi\/consulenza-ortottica\/#breadcrumb","itemListElement":[{"@type":"ListItem","position":1,"name":"Home","item":"https:\/\/www.studiomedicofanton.it\/it\/"},{"@type":"ListItem","position":2,"name":"I Nostri Servizi","item":"https:\/\/www.studiomedicofanton.it\/it\/i-nostri-servizi\/"},{"@type":"ListItem","position":3,"name":"Consulenza Ortottica"}]},{"@type":"WebSite","@id":"https:\/\/www.studiomedicofanton.it\/it\/#website","url":"https:\/\/www.studiomedicofanton.it\/it\/","name":"Studio Medico Fanton","description":"Biella Torino Lugano -  I Vostri Occhi, la Nostra Passione","alternateName":"Studio Fanton","potentialAction":[{"@type":"SearchAction","target":{"@type":"EntryPoint","urlTemplate":"https:\/\/www.studiomedicofanton.it\/it\/?s={search_term_string}"},"query-input":{"@type":"PropertyValueSpecification","valueRequired":true,"valueName":"search_term_string"}}],"inLanguage":"it-IT"}]}},"_links":{"self":[{"href":"https:\/\/www.studiomedicofanton.it\/it\/wp-json\/wp\/v2\/pages\/1367","targetHints":{"allow":["GET"]}}],"collection":[{"href":"https:\/\/www.studiomedicofanton.it\/it\/wp-json\/wp\/v2\/pages"}],"about":[{"href":"https:\/\/www.studiomedicofanton.it\/it\/wp-json\/wp\/v2\/types\/page"}],"author":[{"embeddable":true,"href":"https:\/\/www.studiomedicofanton.it\/it\/wp-json\/wp\/v2\/users\/1"}],"replies":[{"embeddable":true,"href":"https:\/\/www.studiomedicofanton.it\/it\/wp-json\/wp\/v2\/comments?post=1367"}],"version-history":[{"count":10,"href":"https:\/\/www.studiomedicofanton.it\/it\/wp-json\/wp\/v2\/pages\/1367\/revisions"}],"predecessor-version":[{"id":2643,"href":"https:\/\/www.studiomedicofanton.it\/it\/wp-json\/wp\/v2\/pages\/1367\/revisions\/2643"}],"up":[{"embeddable":true,"href":"https:\/\/www.studiomedicofanton.it\/it\/wp-json\/wp\/v2\/pages\/26"}],"wp:featuredmedia":[{"embeddable":true,"href":"https:\/\/www.studiomedicofanton.it\/it\/wp-json\/wp\/v2\/media\/1200"}],"wp:attachment":[{"href":"https:\/\/www.studiomedicofanton.it\/it\/wp-json\/wp\/v2\/media?parent=1367"}],"curies":[{"name":"wp","href":"https:\/\/api.w.org\/{rel}","templated":true}]}}