{"id":1420,"date":"2021-09-23T17:18:51","date_gmt":"2021-09-23T15:18:51","guid":{"rendered":"https:\/\/www.studiomedicofanton.it\/?page_id=1420"},"modified":"2022-05-16T17:40:10","modified_gmt":"2022-05-16T15:40:10","slug":"riabilitazione-ipovisione","status":"publish","type":"page","link":"https:\/\/www.studiomedicofanton.it\/it\/i-nostri-servizi\/riabilitazione-ipovisione\/","title":{"rendered":"Riabilitazione Ipovisione"},"content":{"rendered":"<div id=\"pl-1420\"  class=\"panel-layout\" ><div id=\"pg-1420-0\"  class=\"panel-grid panel-has-style\" ><div class=\"panel-row-style panel-row-style-for-1420-0\" ><div id=\"pgc-1420-0-0\"  class=\"panel-grid-cell\" ><div id=\"panel-1420-0-0-0\" class=\"widget_text so-panel widget widget_custom_html panel-first-child panel-last-child\" data-index=\"0\" ><div class=\"textwidget custom-html-widget\"><div class=\"pag-servizio-wrapper\">\n\t<h1 class=\"pag-servizio-title\">\n\t\tRiabilitazione Ipovisione\n<\/h1>\n\t<hr class=\"pag-servizio-title-line\" \/>\n<\/div>\n<\/div><\/div><\/div><\/div><\/div><div id=\"pg-1420-1\"  class=\"panel-grid panel-has-style\" ><div class=\"panel-row-style panel-row-style-for-1420-1\" ><div id=\"pgc-1420-1-0\"  class=\"panel-grid-cell\" ><div id=\"panel-1420-1-0-0\" class=\"widget_text so-panel widget widget_custom_html panel-first-child panel-last-child\" data-index=\"1\" ><div class=\"textwidget custom-html-widget\"><div class=\"pag-servizio-wrapper\">\n\t<h2 class=\"pag-servizio-subtitile\">\n\t\tChe cos'\u00e8 l'Ipovisione\n\t<\/h2>\n<\/div><\/div><\/div><\/div><\/div><\/div><div id=\"pg-1420-2\"  class=\"panel-grid panel-has-style\" ><div class=\"panel-row-style panel-row-style-for-1420-2\" ><div id=\"pgc-1420-2-0\"  class=\"panel-grid-cell\" ><div id=\"panel-1420-2-0-0\" class=\"widget_text so-panel widget widget_custom_html panel-first-child panel-last-child\" data-index=\"2\" ><div class=\"textwidget custom-html-widget\"><div class=\"pag-servizio-wrapper\">\n\t<p class=\"pag-servizio-text justify\">\n\t\tL\u2019Ipovisione \u00e8 una significativa riduzione della funzione visiva (VISUS INFERIORE A 3\/10) che non pu\u00f2 essere corretta da occhiali ordinari, da lenti a contatto, dal trattamento medico e\/o dalla chirurgia. L\u2019Ipovisione interessa la popolazione di tutte le et\u00e0 ed i relativi contesti (scuola, lavoro, casa). Ha effetto sulle attivit\u00e0 quotidiane come la lettura, la scrittura, l\u2019igiene personale, l\u2019autonomia domestica, la possibilit\u00e0 di guardare il cibo nel proprio piatto, vedere il volto sorridente del proprio nipotino, giocare a carte.<br \/>\nUn paziente <strong>ipovedente<\/strong> potrebbe avere difficolt\u00e0 ad assolvere le attivit\u00e0 sopra descritte.<br \/><br \/>\n\t<\/p>\n<\/div><\/div><\/div><\/div><div id=\"pgc-1420-2-1\"  class=\"panel-grid-cell\" ><div id=\"panel-1420-2-1-0\" class=\"widget_text so-panel widget widget_custom_html panel-first-child panel-last-child\" data-index=\"3\" ><div class=\"textwidget custom-html-widget\"><img loading=\"lazy\" decoding=\"async\" class=\"alignnone size-medium wp-image-1208 aligncenter\" src=\"https:\/\/www.studiomedicofanton.it\/wp-content\/uploads\/2021\/09\/Riabilitazione-ipovisione-300x199-1.jpg\" alt=\"\" width=\"300\" height=\"201\" \/><\/div><\/div><\/div><\/div><\/div><div id=\"pg-1420-3\"  class=\"panel-grid panel-has-style\" ><div class=\"section-wrapper panel-row-style panel-row-style-for-1420-3\" ><div id=\"pgc-1420-3-0\"  class=\"panel-grid-cell\" ><div id=\"panel-1420-3-0-0\" class=\"widget_text so-panel widget widget_custom_html panel-first-child panel-last-child\" data-index=\"4\" ><div class=\"textwidget custom-html-widget\"><div class=\"pag-servizio-wrapper\">\n\t<h2 class=\"pag-servizio-title centrato\">\n\t\tCome vede un ipovedente?\n<\/h2>\n\t<hr class=\"pag-servizio-title-line\" \/>\n<\/div>\n<\/div><\/div><\/div><\/div><\/div><div id=\"pg-1420-4\"  class=\"panel-grid panel-has-style\" ><div class=\"section-wrapper-with-img panel-row-style panel-row-style-for-1420-4\" ><div id=\"pgc-1420-4-0\"  class=\"panel-grid-cell\" ><div id=\"panel-1420-4-0-0\" class=\"widget_text so-panel widget widget_custom_html panel-first-child panel-last-child\" data-index=\"5\" ><div class=\"textwidget custom-html-widget\"><div class=\"pag-servizio-wrapper\">\n\t<img loading=\"lazy\" decoding=\"async\" class=\"alignnone size-medium wp-image-1208 aligncenter\" src=\"https:\/\/www.studiomedicofanton.it\/wp-content\/uploads\/2021\/09\/Screenshot-2014-02-22-18.43.57.png\" alt=\"\" width=\"300\" height=\"201\" \/>\n<\/div><\/div><\/div><\/div><div id=\"pgc-1420-4-1\"  class=\"panel-grid-cell\" ><div id=\"panel-1420-4-1-0\" class=\"widget_text so-panel widget widget_custom_html panel-first-child panel-last-child\" data-index=\"6\" ><div class=\"textwidget custom-html-widget\"><div class=\"pag-servizio-wrapper\">\n\t<img loading=\"lazy\" decoding=\"async\" class=\"alignnone size-medium wp-image-1208 aligncenter\" src=\"https:\/\/www.studiomedicofanton.it\/wp-content\/uploads\/2021\/09\/Screenshot-2014-02-22-18.18.10.png\" alt=\"\" width=\"300\" height=\"201\" \/>\n<\/div><\/div><\/div><\/div><div id=\"pgc-1420-4-2\"  class=\"panel-grid-cell\" ><div id=\"panel-1420-4-2-0\" class=\"widget_text so-panel widget widget_custom_html panel-first-child panel-last-child\" data-index=\"7\" ><div class=\"textwidget custom-html-widget\"><div class=\"pag-servizio-wrapper\">\n\t<img loading=\"lazy\" decoding=\"async\" class=\"alignnone size-medium wp-image-1208 aligncenter\" src=\"https:\/\/www.studiomedicofanton.it\/wp-content\/uploads\/2021\/09\/Screenshot-2014-02-22-18.18.15.png\" alt=\"\" width=\"300\" height=\"201\" \/>\n<\/div><\/div><\/div><\/div><\/div><\/div><div id=\"pg-1420-5\"  class=\"panel-grid panel-has-style\" ><div class=\"panel-row-style panel-row-style-for-1420-5\" ><div id=\"pgc-1420-5-0\"  class=\"panel-grid-cell\" ><div id=\"panel-1420-5-0-0\" class=\"widget_text so-panel widget widget_custom_html panel-first-child panel-last-child\" data-index=\"8\" ><div class=\"textwidget custom-html-widget\"><div class=\"pag-servizio-wrapper\">\n\t<p class=\"pag-servizio-text\">\n\t\tL\u2019ipovisione \u00e8 una condizione che pu\u00f2 essere congenita o acquisita in seguito a patologie oculari invalidanti quali maculopatia, retinopatie e glaucoma evoluto. La visione risulta fortemente compromessa in modo irreversibile. In molti casi, dopo una serie di accurate valutazioni, \u00e8 possibile mettere in atto dei programmi di riabilitazione specifica che mirano a sviluppare le capacit\u00e0 visive di aree naturalmente presenti ma sotto-utilizzate o a riattivare circuiti sinaptici inattivi.<br \/>\n\t\tCon pazienza, costanza e continua assistenza da parte di personale dedicato e specializzato, \u00e8 possibile raggiungere risultati molto spesso soddisfacenti. Nel nostro centro sono effettuati percorsi riabilitativi personalizzati e di addestramento all\u2019utilizzo degli ausili strumentali. Particolare menzione merita la riabilitazione foveale a biofeedback, una rivoluzionaria frontiera nella lotta alla cecit\u00e0 legale.<br \/><br \/>\n\t<\/p>\n<\/div>\n<\/div><\/div><\/div><\/div><\/div><div id=\"pg-1420-6\"  class=\"panel-grid panel-has-style\" ><div class=\"panel-row-style panel-row-style-for-1420-6\" ><div id=\"pgc-1420-6-0\"  class=\"panel-grid-cell\" ><div id=\"panel-1420-6-0-0\" class=\"widget_text so-panel widget widget_custom_html panel-first-child panel-last-child\" data-index=\"9\" ><div class=\"textwidget custom-html-widget\"><div class=\"pag-servizio-wrapper\">\n\t\t<h2 class=\"pag-servizio-subtitle\">\n\t\tLa Riabilitazione\n\t<\/h2>\n\t<p class=\"pag-servizio-text justify\">\n\t\tAttraverso valutazioni competenti del residuo visivo \u00e8 possibile programmare la <strong>riabilitazione visiva<\/strong>, ovvero la ricerca di AUSILI e metodi di \u201cnuova\u201d visione per sfruttare appieno le potenzialit\u00e0 visive.<br \/>\n\t\tLe soluzioni previste per questo tipo di patologia prevedono l\u2019uso delle pi\u00f9 recenti innovazioni ottiche come: lenti ipercorrettive con componente prismatica, lenti ingrandenti, video ingranditori. Il nostro personale qualificato seguir\u00e0 i pazienti aiutandoli a scoprire nuove strategie di sguardo ed esplorazione spaziale e insegnando loro ad usare ausili adatti alle esigenze manifestate.<br \/><br \/>\n\t<\/p>\n<\/div>\n<\/div><\/div><\/div><div id=\"pgc-1420-6-1\"  class=\"panel-grid-cell\" ><div id=\"panel-1420-6-1-0\" class=\"widget_text so-panel widget widget_custom_html panel-first-child panel-last-child\" data-index=\"10\" ><div class=\"textwidget custom-html-widget\"><img loading=\"lazy\" decoding=\"async\" class=\"aligncenter wp-image-1958 size-full\" src=\"https:\/\/www.studiomedicofanton.it\/wp-content\/uploads\/2021\/10\/riabilitazione-ipovisione.jpg\" alt=\"\" width=\"900\" height=\"600\" srcset=\"https:\/\/www.studiomedicofanton.it\/wp-content\/uploads\/2021\/10\/riabilitazione-ipovisione.jpg 900w, https:\/\/www.studiomedicofanton.it\/wp-content\/uploads\/2021\/10\/riabilitazione-ipovisione-300x200.jpg 300w, https:\/\/www.studiomedicofanton.it\/wp-content\/uploads\/2021\/10\/riabilitazione-ipovisione-768x512.jpg 768w, https:\/\/www.studiomedicofanton.it\/wp-content\/uploads\/2021\/10\/riabilitazione-ipovisione-263x174.jpg 263w, https:\/\/www.studiomedicofanton.it\/wp-content\/uploads\/2021\/10\/riabilitazione-ipovisione-272x182.jpg 272w\" sizes=\"auto, (max-width: 900px) 100vw, 900px\" \/><\/div><\/div><\/div><\/div><\/div><div id=\"pg-1420-7\"  class=\"panel-grid panel-has-style\" ><div class=\"panel-row-style panel-row-style-for-1420-7\" ><div id=\"pgc-1420-7-0\"  class=\"panel-grid-cell\" ><div id=\"panel-1420-7-0-0\" class=\"widget_text so-panel widget widget_custom_html panel-first-child panel-last-child\" data-index=\"11\" ><div class=\"textwidget custom-html-widget\"><div class=\"sezione-prenotazione-text justify\">\n\t<h3 class=\"pag-servizio-form-title\">\n\t\tL'Importanza di una visita Oculistica! \n\t<\/h3>\nDal momento che la vista \u00e8 parte integrante della nostra esperienza sensoriale quotidiana, \u00e8 fondamentale non sottovalutare la quantit\u00e0 di stress a cui sono sottoposti i nostri occhi.<br> Le visite mediche hanno lo scopo di salvaguardarne lo stato di salute, diagnosticando precocemente gravi patologie e intervenendo con terapie mirate ed efficienti. Prenota una visita presso il nostro Studio Medico utilizzando il pulsante sottostante. <br> Se hai dubbi o desideri maggiori informazioni contattaci compilando il seguente modulo. Saremo lieti di risponderti e venire incontro alle tue esigenze.\n<\/div>\n<div class=\"centrato\" style=\"margin-top:50px;\">\n\t<a class=\"mh-button-visit-form\" href=\"tel:+3901522979\">Prenota una visita<\/a>\n<\/div>\n<\/div><\/div><\/div><div id=\"pgc-1420-7-1\"  class=\"panel-grid-cell\" ><div id=\"panel-1420-7-1-0\" class=\"widget_text so-panel widget widget_custom_html panel-first-child panel-last-child\" data-index=\"12\" ><div class=\"textwidget custom-html-widget\"><div class=\"container-form centrato\">\n\t\n<div class=\"wpcf7 no-js\" id=\"wpcf7-f4-o1\" lang=\"it-IT\" dir=\"ltr\" data-wpcf7-id=\"4\">\n<div class=\"screen-reader-response\"><p role=\"status\" aria-live=\"polite\" aria-atomic=\"true\"><\/p> <ul><\/ul><\/div>\n<form action=\"\/it\/wp-json\/wp\/v2\/pages\/1420#wpcf7-f4-o1\" method=\"post\" class=\"wpcf7-form init\" aria-label=\"Modulo di contatto\" novalidate=\"novalidate\" data-status=\"init\">\n<fieldset class=\"hidden-fields-container\"><input type=\"hidden\" name=\"_wpcf7\" value=\"4\" \/><input type=\"hidden\" name=\"_wpcf7_version\" value=\"6.1.5\" \/><input type=\"hidden\" name=\"_wpcf7_locale\" value=\"it_IT\" \/><input type=\"hidden\" name=\"_wpcf7_unit_tag\" value=\"wpcf7-f4-o1\" \/><input type=\"hidden\" name=\"_wpcf7_container_post\" value=\"0\" \/><input type=\"hidden\" name=\"_wpcf7_posted_data_hash\" value=\"\" \/>\n<\/fieldset>\n<div class=\"wpcf7-turnstile cf-turnstile\" data-sitekey=\"0x4AAAAAABs1d-jl9c7nQQX9\" data-response-field-name=\"_wpcf7_turnstile_response\"><\/div>\n\n<p><span class=\"wpcf7-form-control-wrap\" data-name=\"your-name\"><input size=\"40\" maxlength=\"400\" class=\"wpcf7-form-control wpcf7-text wpcf7-validates-as-required\" aria-required=\"true\" aria-invalid=\"false\" placeholder=\"Nome e Cognome*\" value=\"\" type=\"text\" name=\"your-name\" \/><\/span>\n<\/p>\n<p><span class=\"wpcf7-form-control-wrap\" data-name=\"your-email\"><input size=\"40\" maxlength=\"400\" class=\"wpcf7-form-control wpcf7-email wpcf7-validates-as-required wpcf7-text wpcf7-validates-as-email\" aria-required=\"true\" aria-invalid=\"false\" placeholder=\"Email*\" value=\"\" type=\"email\" name=\"your-email\" \/><\/span>\n<\/p>\n<p><span class=\"wpcf7-form-control-wrap\" data-name=\"your-phone\"><input size=\"40\" maxlength=\"400\" class=\"wpcf7-form-control wpcf7-text\" aria-invalid=\"false\" placeholder=\"Numero di Telefono\" value=\"\" type=\"text\" name=\"your-phone\" \/><\/span>\n<\/p>\n<p><span class=\"wpcf7-form-control-wrap\" data-name=\"your-message\"><textarea cols=\"40\" rows=\"2\" maxlength=\"2000\" class=\"wpcf7-form-control wpcf7-textarea wpcf7-validates-as-required\" aria-required=\"true\" aria-invalid=\"false\" placeholder=\"Messaggio*\" name=\"your-message\"><\/textarea><\/span>\n<\/p>\n<div style=\"font-size:0.9em !important;margin-bottom: 10px;color:#5b779d;\" >\n\t<p><span class=\"wpcf7-form-control-wrap\" data-name=\"acceptance-privacy\"><span class=\"wpcf7-form-control wpcf7-acceptance\"><span class=\"wpcf7-list-item\"><label><input type=\"checkbox\" name=\"acceptance-privacy\" value=\"1\" aria-invalid=\"false\" \/><span class=\"wpcf7-list-item-label\">- Acconsento al trattamento dei miei dati personali in accordo con la pi\u00f9 recente <a href=\"https:\/\/www.studiomedicofanton.it\/it\/privacy-policy\/\" target=\"_blank\" style=\"font-size:0.9em;color:#5b779d70;\" >Privacy Policy<\/a><\/span><\/label><\/span><\/span><\/span>\n\t<\/p>\n<\/div>\n<p><input class=\"wpcf7-form-control wpcf7-submit has-spinner\" type=\"submit\" value=\"Invia\" \/>\n<\/p><div class=\"wpcf7-response-output\" aria-hidden=\"true\"><\/div>\n<\/form>\n<\/div>\n\n<\/div>\n<\/div><\/div><\/div><\/div><\/div><\/div>","protected":false},"excerpt":{"rendered":"<p>Riabilitazione Ipovisione Che cos&#8217;\u00e8 l&#8217;Ipovisione L\u2019Ipovisione \u00e8 una significativa riduzione della funzione visiva (VISUS INFERIORE A 3\/10) che non pu\u00f2 essere corretta da occhiali ordinari, da lenti a contatto, dal&hellip;<\/p>\n","protected":false},"author":1,"featured_media":1196,"parent":26,"menu_order":90,"comment_status":"closed","ping_status":"closed","template":"","meta":{"footnotes":""},"class_list":["post-1420","page","type-page","status-publish","has-post-thumbnail","hentry","post"],"yoast_head":"<!-- This site is optimized with the Yoast SEO plugin v27.2 - https:\/\/yoast.com\/product\/yoast-seo-wordpress\/ -->\n<title>Riabilitazione Ipovisione - Studio Medico Fanton<\/title>\n<meta name=\"robots\" content=\"index, follow, max-snippet:-1, max-image-preview:large, max-video-preview:-1\" \/>\n<link rel=\"canonical\" href=\"https:\/\/www.studiomedicofanton.it\/it\/i-nostri-servizi\/riabilitazione-ipovisione\/\" \/>\n<meta property=\"og:locale\" content=\"it_IT\" \/>\n<meta property=\"og:type\" content=\"article\" \/>\n<meta property=\"og:title\" content=\"Riabilitazione Ipovisione - Studio Medico Fanton\" \/>\n<meta property=\"og:description\" content=\"Riabilitazione Ipovisione Che cos&#039;\u00e8 l&#039;Ipovisione L\u2019Ipovisione \u00e8 una significativa riduzione della funzione visiva (VISUS INFERIORE A 3\/10) che non pu\u00f2 essere corretta da occhiali ordinari, da lenti a contatto, dal&hellip;\" \/>\n<meta property=\"og:url\" content=\"https:\/\/www.studiomedicofanton.it\/it\/i-nostri-servizi\/riabilitazione-ipovisione\/\" \/>\n<meta property=\"og:site_name\" content=\"Studio Medico Fanton\" \/>\n<meta property=\"article:modified_time\" content=\"2022-05-16T15:40:10+00:00\" \/>\n<meta property=\"og:image\" content=\"https:\/\/www.studiomedicofanton.it\/wp-content\/uploads\/2021\/09\/ipovisione.jpg\" \/>\n\t<meta property=\"og:image:width\" content=\"1920\" \/>\n\t<meta property=\"og:image:height\" content=\"700\" \/>\n\t<meta property=\"og:image:type\" content=\"image\/jpeg\" \/>\n<meta name=\"twitter:card\" content=\"summary_large_image\" \/>\n<meta name=\"twitter:label1\" content=\"Tempo di lettura stimato\" \/>\n\t<meta name=\"twitter:data1\" content=\"1 minuto\" \/>\n<script type=\"application\/ld+json\" class=\"yoast-schema-graph\">{\"@context\":\"https:\/\/schema.org\",\"@graph\":[{\"@type\":\"WebPage\",\"@id\":\"https:\/\/www.studiomedicofanton.it\/it\/i-nostri-servizi\/riabilitazione-ipovisione\/\",\"url\":\"https:\/\/www.studiomedicofanton.it\/it\/i-nostri-servizi\/riabilitazione-ipovisione\/\",\"name\":\"Riabilitazione Ipovisione - Studio Medico Fanton\",\"isPartOf\":{\"@id\":\"https:\/\/www.studiomedicofanton.it\/it\/#website\"},\"primaryImageOfPage\":{\"@id\":\"https:\/\/www.studiomedicofanton.it\/it\/i-nostri-servizi\/riabilitazione-ipovisione\/#primaryimage\"},\"image\":{\"@id\":\"https:\/\/www.studiomedicofanton.it\/it\/i-nostri-servizi\/riabilitazione-ipovisione\/#primaryimage\"},\"thumbnailUrl\":\"https:\/\/www.studiomedicofanton.it\/wp-content\/uploads\/2021\/09\/ipovisione.jpg\",\"datePublished\":\"2021-09-23T15:18:51+00:00\",\"dateModified\":\"2022-05-16T15:40:10+00:00\",\"breadcrumb\":{\"@id\":\"https:\/\/www.studiomedicofanton.it\/it\/i-nostri-servizi\/riabilitazione-ipovisione\/#breadcrumb\"},\"inLanguage\":\"it-IT\",\"potentialAction\":[{\"@type\":\"ReadAction\",\"target\":[\"https:\/\/www.studiomedicofanton.it\/it\/i-nostri-servizi\/riabilitazione-ipovisione\/\"]}]},{\"@type\":\"ImageObject\",\"inLanguage\":\"it-IT\",\"@id\":\"https:\/\/www.studiomedicofanton.it\/it\/i-nostri-servizi\/riabilitazione-ipovisione\/#primaryimage\",\"url\":\"https:\/\/www.studiomedicofanton.it\/wp-content\/uploads\/2021\/09\/ipovisione.jpg\",\"contentUrl\":\"https:\/\/www.studiomedicofanton.it\/wp-content\/uploads\/2021\/09\/ipovisione.jpg\",\"width\":1920,\"height\":700},{\"@type\":\"BreadcrumbList\",\"@id\":\"https:\/\/www.studiomedicofanton.it\/it\/i-nostri-servizi\/riabilitazione-ipovisione\/#breadcrumb\",\"itemListElement\":[{\"@type\":\"ListItem\",\"position\":1,\"name\":\"Home\",\"item\":\"https:\/\/www.studiomedicofanton.it\/it\/\"},{\"@type\":\"ListItem\",\"position\":2,\"name\":\"I Nostri Servizi\",\"item\":\"https:\/\/www.studiomedicofanton.it\/it\/i-nostri-servizi\/\"},{\"@type\":\"ListItem\",\"position\":3,\"name\":\"Riabilitazione Ipovisione\"}]},{\"@type\":\"WebSite\",\"@id\":\"https:\/\/www.studiomedicofanton.it\/it\/#website\",\"url\":\"https:\/\/www.studiomedicofanton.it\/it\/\",\"name\":\"Studio Medico Fanton\",\"description\":\"Biella Torino Lugano -  I Vostri Occhi, la Nostra Passione\",\"alternateName\":\"Studio Fanton\",\"potentialAction\":[{\"@type\":\"SearchAction\",\"target\":{\"@type\":\"EntryPoint\",\"urlTemplate\":\"https:\/\/www.studiomedicofanton.it\/it\/?s={search_term_string}\"},\"query-input\":{\"@type\":\"PropertyValueSpecification\",\"valueRequired\":true,\"valueName\":\"search_term_string\"}}],\"inLanguage\":\"it-IT\"}]}<\/script>\n<!-- \/ Yoast SEO plugin. -->","yoast_head_json":{"title":"Riabilitazione Ipovisione - Studio Medico Fanton","robots":{"index":"index","follow":"follow","max-snippet":"max-snippet:-1","max-image-preview":"max-image-preview:large","max-video-preview":"max-video-preview:-1"},"canonical":"https:\/\/www.studiomedicofanton.it\/it\/i-nostri-servizi\/riabilitazione-ipovisione\/","og_locale":"it_IT","og_type":"article","og_title":"Riabilitazione Ipovisione - Studio Medico Fanton","og_description":"Riabilitazione Ipovisione Che cos'\u00e8 l'Ipovisione L\u2019Ipovisione \u00e8 una significativa riduzione della funzione visiva (VISUS INFERIORE A 3\/10) che non pu\u00f2 essere corretta da occhiali ordinari, da lenti a contatto, dal&hellip;","og_url":"https:\/\/www.studiomedicofanton.it\/it\/i-nostri-servizi\/riabilitazione-ipovisione\/","og_site_name":"Studio Medico Fanton","article_modified_time":"2022-05-16T15:40:10+00:00","og_image":[{"width":1920,"height":700,"url":"https:\/\/www.studiomedicofanton.it\/wp-content\/uploads\/2021\/09\/ipovisione.jpg","type":"image\/jpeg"}],"twitter_card":"summary_large_image","twitter_misc":{"Tempo di lettura stimato":"1 minuto"},"schema":{"@context":"https:\/\/schema.org","@graph":[{"@type":"WebPage","@id":"https:\/\/www.studiomedicofanton.it\/it\/i-nostri-servizi\/riabilitazione-ipovisione\/","url":"https:\/\/www.studiomedicofanton.it\/it\/i-nostri-servizi\/riabilitazione-ipovisione\/","name":"Riabilitazione Ipovisione - Studio Medico Fanton","isPartOf":{"@id":"https:\/\/www.studiomedicofanton.it\/it\/#website"},"primaryImageOfPage":{"@id":"https:\/\/www.studiomedicofanton.it\/it\/i-nostri-servizi\/riabilitazione-ipovisione\/#primaryimage"},"image":{"@id":"https:\/\/www.studiomedicofanton.it\/it\/i-nostri-servizi\/riabilitazione-ipovisione\/#primaryimage"},"thumbnailUrl":"https:\/\/www.studiomedicofanton.it\/wp-content\/uploads\/2021\/09\/ipovisione.jpg","datePublished":"2021-09-23T15:18:51+00:00","dateModified":"2022-05-16T15:40:10+00:00","breadcrumb":{"@id":"https:\/\/www.studiomedicofanton.it\/it\/i-nostri-servizi\/riabilitazione-ipovisione\/#breadcrumb"},"inLanguage":"it-IT","potentialAction":[{"@type":"ReadAction","target":["https:\/\/www.studiomedicofanton.it\/it\/i-nostri-servizi\/riabilitazione-ipovisione\/"]}]},{"@type":"ImageObject","inLanguage":"it-IT","@id":"https:\/\/www.studiomedicofanton.it\/it\/i-nostri-servizi\/riabilitazione-ipovisione\/#primaryimage","url":"https:\/\/www.studiomedicofanton.it\/wp-content\/uploads\/2021\/09\/ipovisione.jpg","contentUrl":"https:\/\/www.studiomedicofanton.it\/wp-content\/uploads\/2021\/09\/ipovisione.jpg","width":1920,"height":700},{"@type":"BreadcrumbList","@id":"https:\/\/www.studiomedicofanton.it\/it\/i-nostri-servizi\/riabilitazione-ipovisione\/#breadcrumb","itemListElement":[{"@type":"ListItem","position":1,"name":"Home","item":"https:\/\/www.studiomedicofanton.it\/it\/"},{"@type":"ListItem","position":2,"name":"I Nostri Servizi","item":"https:\/\/www.studiomedicofanton.it\/it\/i-nostri-servizi\/"},{"@type":"ListItem","position":3,"name":"Riabilitazione Ipovisione"}]},{"@type":"WebSite","@id":"https:\/\/www.studiomedicofanton.it\/it\/#website","url":"https:\/\/www.studiomedicofanton.it\/it\/","name":"Studio Medico Fanton","description":"Biella Torino Lugano -  I Vostri Occhi, la Nostra Passione","alternateName":"Studio Fanton","potentialAction":[{"@type":"SearchAction","target":{"@type":"EntryPoint","urlTemplate":"https:\/\/www.studiomedicofanton.it\/it\/?s={search_term_string}"},"query-input":{"@type":"PropertyValueSpecification","valueRequired":true,"valueName":"search_term_string"}}],"inLanguage":"it-IT"}]}},"_links":{"self":[{"href":"https:\/\/www.studiomedicofanton.it\/it\/wp-json\/wp\/v2\/pages\/1420","targetHints":{"allow":["GET"]}}],"collection":[{"href":"https:\/\/www.studiomedicofanton.it\/it\/wp-json\/wp\/v2\/pages"}],"about":[{"href":"https:\/\/www.studiomedicofanton.it\/it\/wp-json\/wp\/v2\/types\/page"}],"author":[{"embeddable":true,"href":"https:\/\/www.studiomedicofanton.it\/it\/wp-json\/wp\/v2\/users\/1"}],"replies":[{"embeddable":true,"href":"https:\/\/www.studiomedicofanton.it\/it\/wp-json\/wp\/v2\/comments?post=1420"}],"version-history":[{"count":10,"href":"https:\/\/www.studiomedicofanton.it\/it\/wp-json\/wp\/v2\/pages\/1420\/revisions"}],"predecessor-version":[{"id":2654,"href":"https:\/\/www.studiomedicofanton.it\/it\/wp-json\/wp\/v2\/pages\/1420\/revisions\/2654"}],"up":[{"embeddable":true,"href":"https:\/\/www.studiomedicofanton.it\/it\/wp-json\/wp\/v2\/pages\/26"}],"wp:featuredmedia":[{"embeddable":true,"href":"https:\/\/www.studiomedicofanton.it\/it\/wp-json\/wp\/v2\/media\/1196"}],"wp:attachment":[{"href":"https:\/\/www.studiomedicofanton.it\/it\/wp-json\/wp\/v2\/media?parent=1420"}],"curies":[{"name":"wp","href":"https:\/\/api.w.org\/{rel}","templated":true}]}}