{"id":20,"date":"2021-08-18T12:48:25","date_gmt":"2021-08-18T10:48:25","guid":{"rendered":"https:\/\/www.studiomedicofanton.it\/?page_id=20"},"modified":"2025-06-05T15:42:41","modified_gmt":"2025-06-05T13:42:41","slug":"contatti","status":"publish","type":"page","link":"https:\/\/www.studiomedicofanton.it\/it\/contatti\/","title":{"rendered":"Contatti"},"content":{"rendered":"<div id=\"pl-20\"  class=\"panel-layout\" ><div id=\"pg-20-0\"  class=\"panel-grid panel-has-style\" ><div class=\"siteorigin-panels-stretch panel-row-style panel-row-style-for-20-0\" data-stretch-type=\"full\" ><div id=\"pgc-20-0-0\"  class=\"panel-grid-cell\" ><div id=\"panel-20-0-0-0\" class=\"widget_text so-panel widget widget_custom_html panel-first-child panel-last-child\" data-index=\"0\" ><div class=\"textwidget custom-html-widget\"><div class=\"title-page-wrapper\">\n\t<h1 class=\"title-page\">\n\t\tContatti\n\t<\/h1>\n<\/div>\n<\/div><\/div><\/div><\/div><\/div><div id=\"pg-20-1\"  class=\"panel-grid panel-has-style\" ><div class=\"panel-row-style panel-row-style-for-20-1\" ><div id=\"pgc-20-1-0\"  class=\"panel-grid-cell\" ><div id=\"panel-20-1-0-0\" class=\"widget_text so-panel widget widget_custom_html panel-first-child panel-last-child\" data-index=\"1\" ><div class=\"widget_text panel-widget-style panel-widget-style-for-20-1-0-0\" ><div class=\"textwidget custom-html-widget\"><h3 class=\"contatti-recapiti-title\" >Biella<\/h3> \n\t\t\t\t\t\t\t<hr class=\"contatti-hr-title\" \/>\n\t\t\t\t\t\t\t<div class=\"contatti-icon-wrapper\" >\n\t\t\t\t\t\t\t\t<a href=\"https:\/\/goo.gl\/maps\/SxHNAonq6Tm818gp9\" class=\"ft-icon-link\" target=\"_blank\" rel=\"noopener\">\n\t\t\t\t\t\t\t\t\t<div class=\"contatti-name\" >\n\t\t\t\t\t\t\t\t\t\tStudio Medico Fanton\n\t\t\t\t\t\t\t\t\t<\/div>\n\t\t\t\t\t\t\t\t\t<div class=\"contatti-icon-image-address\" >\n\t\t\t\t\t\t\t\t\t\t<img loading=\"lazy\" decoding=\"async\" src=\"https:\/\/www.studiomedicofanton.it\/wp-content\/uploads\/2021\/09\/pointer-w-300x300-1.png\" alt=\"\" width=\"300\" height=\"300\" class=\"aligncenter size-medium wp-image-238\" \/>\n\t\t\t\t\t\t\t\t\t<\/div>\n\t\t\t\t\t\t\t\t\t<div class=\"contatti-icon-desc\" >\n\t\t\t\t\t\t\t\t\t\t<p class=\"contatti-icon-caption\" >Via Bertodano, 11<br>13900 Biella (BI)<br>Italia<\/p>\n\t\t\t\t\t\t\t\t\t<\/div>\n\t\t\t\t\t\t\t\t<\/a>\n\t\t\t\t\t\t\t<\/div>\n\t\t\t\t\t\t\t<div class=\"contatti-icon-wrapper\" >\n\t\t\t\t\t\t\t\t<a href=\"tel:003901522979\" class=\"ft-icon-link\" target=\"_blank\" rel=\"noopener\">\n\t\t\t\t\t\t\t\t\t<div class=\"contatti-icon-image\" >\n\t\t\t\t\t\t\t\t\t\t<img loading=\"lazy\" decoding=\"async\" src=\"https:\/\/www.studiomedicofanton.it\/wp-content\/uploads\/2021\/09\/phone-b-300x300-1.png\" alt=\"\" width=\"300\" height=\"300\" class=\"aligncenter size-medium wp-image-237\" \/>\n\t\t\t\t\t\t\t\t\t<\/div>\n\t\t\t\t\t\t\t\t\t<div class=\"contatti-icon-desc\" >\n\t\t\t\t\t\t\t\t\t\t<p class=\"contatti-icon-caption\" >+39 015 22 979 (Appuntamenti)<\/p>\n\t\t\t\t\t\t\t\t\t<\/div>\n\t\t\t\t\t\t\t\t<\/a>\n\t\t\t\t\t\t\t<\/div>\n\t\t\t\t\t\t\t<div class=\"contatti-icon-wrapper\" >\n\t\t\t\t\t\t\t\t<a href=\"tel:00393338785812\" class=\"ft-icon-link\" target=\"_blank\" rel=\"noopener\">\n\t\t\t\t\t\t\t\t\t<div class=\"ft-icon-image\" >\n\t\t\t\t\t\t\t\t\t\t<img loading=\"lazy\" decoding=\"async\" src=\"https:\/\/www.studiomedicofanton.it\/wp-content\/uploads\/2021\/09\/smartphone-b-300x300-1.png\" alt=\"\" width=\"300\" height=\"300\" class=\"aligncenter size-medium wp-image-239\" \/>\n\t\t\t\t\t\t\t\t\t<\/div>\n\t\t\t\t\t\t\t\t\t<div class=\"contatti-icon-desc\" >\n\t\t\t\t\t\t\t\t\t\t<p class=\"contatti-icon-caption\" >+39 333 87 85 812 (Urgenze)<\/p>\n\t\t\t\t\t\t\t\t\t<\/div>\n\t\t\t\t\t\t\t\t<\/a>\n\t\t\t\t\t\t\t<\/div>\n\t\t\t\t\t\t\t<div class=\"contatti-icon-wrapper\" >\n\t\t\t\t\t\t\t\t<a href=\"mailto:studiomedicofanton@gmail.com\" class=\"ft-icon-link\" target=\"_blank\" rel=\"noopener\">\n\t\t\t\t\t\t\t\t\t<div class=\"contatti-icon-image\" >\n\t\t\t\t\t\t\t\t\t\t<img loading=\"lazy\" decoding=\"async\" src=\"https:\/\/www.studiomedicofanton.it\/wp-content\/uploads\/2021\/09\/email-b-300x300-1.png\" alt=\"\" width=\"300\" height=\"300\" class=\"aligncenter size-medium wp-image-235\" \/>\n\t\t\t\t\t\t\t\t\t<\/div>\n\t\t\t\t\t\t\t\t\t<div class=\"contatti-icon-desc\" >\n\t\t\t\t\t\t\t\t\t\t<p class=\"contatti-icon-caption\" >studiomedicofanton@gmail.com<\/p>\n\t\t\t\t\t\t\t\t\t<\/div>\n\t\t\t\t\t\t\t\t<\/a>\n\t\t\t\t\t\t\t<\/div><\/div><\/div><\/div><\/div><div id=\"pgc-20-1-1\"  class=\"panel-grid-cell\" ><div id=\"panel-20-1-1-0\" class=\"so-panel widget widget_sow-editor panel-first-child panel-last-child\" data-index=\"2\" ><div\n\t\t\t\n\t\t\tclass=\"so-widget-sow-editor so-widget-sow-editor-base\"\n\t\t\t\n\t\t>\n<div class=\"siteorigin-widget-tinymce textwidget\">\n\t<iframe loading=\"lazy\" style=\"border: 0;\" src=\"https:\/\/www.google.com\/maps\/embed?pb=!1m18!1m12!1m3!1d2793.348843411403!2d8.057570015882513!3d45.56342307910229!2m3!1f0!2f0!3f0!3m2!1i1024!2i768!4f13.1!3m3!1m2!1s0x478620e011f60bdf%3A0xf14065460b5e3e14!2sStudio%20Medico%20Fanton!5e0!3m2!1sit!2sit!4v1632757225936!5m2!1sit!2sit\" width=\"600\" height=\"450\" allowfullscreen=\"allowfullscreen\"><\/iframe><\/div>\n<\/div><\/div><\/div><\/div><\/div><div id=\"pg-20-2\"  class=\"panel-grid panel-has-style\" ><div class=\"siteorigin-panels-stretch panel-row-style panel-row-style-for-20-2\" data-stretch-type=\"full\" ><div id=\"pgc-20-2-0\"  class=\"panel-grid-cell\" ><div id=\"panel-20-2-0-0\" class=\"widget_text so-panel widget widget_custom_html panel-first-child panel-last-child\" data-index=\"3\" ><div class=\"widget_text panel-widget-style panel-widget-style-for-20-2-0-0\" ><div class=\"textwidget custom-html-widget\"><h3 class=\"contatti-recapiti-title\" >Lugano<\/h3> \n\t\t\t\t\t\t\t<hr class=\"contatti-hr-title\" \/>\n\t\t\t\t\t\t\t<div class=\"contatti-icon-wrapper\" >\n\t\t\t\t\t\t\t\t<a href=\"https:\/\/goo.gl\/maps\/NQg9tsmVb4EhyASK7\" class=\"ft-icon-link\" target=\"_blank\" rel=\"noopener\">\n\t\t\t\t\t\t\t\t\t<div class=\"contatti-name\" >\n\t\t\t\t\t\t\t\t\t\tCentro Oculistico Lugano<br>Central Park\n\t\t\t\t\t\t\t\t\t<\/div>\n\t\t\t\t\t\t\t\t\t<div class=\"contatti-icon-image-address\" >\n\t\t\t\t\t\t\t\t\t\t<img loading=\"lazy\" decoding=\"async\" src=\"https:\/\/www.studiomedicofanton.it\/wp-content\/uploads\/2021\/09\/pointer-w-300x300-1.png\" alt=\"\" width=\"300\" height=\"300\" class=\"aligncenter size-medium wp-image-238\" \/>\n\t\t\t\t\t\t\t\t\t<\/div>\n\t\t\t\t\t\t\t\t\t<div class=\"contatti-icon-desc\" >\n\t\t\t\t\t\t\t\t\t\t<p class=\"contatti-icon-caption\" >Riva Antonio Caccia, 1b<br>6900 Lugano<br>Svizzera<\/p>\n\t\t\t\t\t\t\t\t\t<\/div>\n\t\t\t\t\t\t\t\t<\/a>\n\t\t\t\t\t\t\t<\/div>\n\t\t\t\t\t\t\t<div class=\"contatti-icon-wrapper\" >\n\t\t\t\t\t\t\t\t<a href=\"tel:0041919857050\" class=\"ft-icon-link\" target=\"_blank\" rel=\"noopener\">\n\t\t\t\t\t\t\t\t\t<div class=\"contatti-icon-image\" >\n\t\t\t\t\t\t\t\t\t\t<img loading=\"lazy\" decoding=\"async\" src=\"https:\/\/www.studiomedicofanton.it\/wp-content\/uploads\/2021\/09\/phone-b-300x300-1.png\" alt=\"\" width=\"300\" height=\"300\" class=\"aligncenter size-medium wp-image-237\" \/>\n\t\t\t\t\t\t\t\t\t<\/div>\n\t\t\t\t\t\t\t\t\t<div class=\"contatti-icon-desc\" >\n\t\t\t\t\t\t\t\t\t\t<p class=\"contatti-icon-caption\" >+41 91 98 57 050<\/p>\n\t\t\t\t\t\t\t\t\t<\/div>\n\t\t\t\t\t\t\t\t<\/a>\n\t\t\t\t\t\t\t<\/div>\n\t\t\t\t\t\t\t<div class=\"contatti-icon-wrapper\" >\n\t\t\t\t\t\t\t\t<a href=\"tel:00393338785812\" class=\"ft-icon-link\" target=\"_blank\" rel=\"noopener\">\n\t\t\t\t\t\t\t\t\t<div class=\"contatti-icon-image\" >\n\t\t\t\t\t\t\t\t\t\t<img loading=\"lazy\" decoding=\"async\" src=\"https:\/\/www.studiomedicofanton.it\/wp-content\/uploads\/2021\/09\/smartphone-b-300x300-1.png\" alt=\"\" width=\"300\" height=\"300\" class=\"aligncenter size-medium wp-image-239\" \/>\n\t\t\t\t\t\t\t\t\t<\/div>\n\t\t\t\t\t\t\t\t\t<div class=\"contatti-icon-desc\" >\n\t\t\t\t\t\t\t\t\t\t<p class=\"contatti-icon-caption\" >333 87 85 812 (Urgenze)<\/p>\n\t\t\t\t\t\t\t\t\t<\/div>\n\t\t\t\t\t\t\t\t<\/a>\n\t\t\t\t\t\t\t<\/div>\n\t\t\t\t\t\t\t<div class=\"contatti-icon-wrapper\" >\n\t\t\t\t\t\t\t\t<a href=\"mailto:studiomedicofanton@gmail.com\" class=\"ft-icon-link\" target=\"_blank\" rel=\"noopener\">\n\t\t\t\t\t\t\t\t\t<div class=\"contatti-icon-image\" >\n\t\t\t\t\t\t\t\t\t\t<img loading=\"lazy\" decoding=\"async\" src=\"https:\/\/www.studiomedicofanton.it\/wp-content\/uploads\/2021\/09\/email-b-300x300-1.png\" alt=\"\" width=\"300\" height=\"300\" class=\"aligncenter size-medium wp-image-235\" \/>\n\t\t\t\t\t\t\t\t\t<\/div>\n\t\t\t\t\t\t\t\t\t<div class=\"contatti-icon-desc\" >\n\t\t\t\t\t\t\t\t\t\t<p class=\"contatti-icon-caption\" >studiomedicofanton@gmail.com<\/p>\n\t\t\t\t\t\t\t\t\t<\/div>\n\t\t\t\t\t\t\t\t<\/a>\n\t\t\t\t\t\t\t<\/div>\n\t\t\t\t\t\t\t<\/div><\/div><\/div><\/div><div id=\"pgc-20-2-1\"  class=\"panel-grid-cell\" ><div id=\"panel-20-2-1-0\" class=\"so-panel widget widget_sow-editor panel-first-child panel-last-child\" data-index=\"4\" ><div class=\"panel-widget-style panel-widget-style-for-20-2-1-0\" ><div\n\t\t\t\n\t\t\tclass=\"so-widget-sow-editor so-widget-sow-editor-base\"\n\t\t\t\n\t\t>\n<div class=\"siteorigin-widget-tinymce textwidget\">\n\t<iframe loading=\"lazy\" style=\"border: 0;\" src=\"https:\/\/www.google.com\/maps\/embed?pb=!1m18!1m12!1m3!1d2771.6557047093006!2d8.945170765841683!3d45.9981032056792!2m3!1f0!2f0!3f0!3m2!1i1024!2i768!4f13.1!3m3!1m2!1s0x47842d9122c43803%3A0xfce450c7b35e43fe!2sCENTRO%20OCULISTICO%20LUGANO%20SA!5e0!3m2!1sit!2sit!4v1632757054854!5m2!1sit!2sit\" width=\"600\" height=\"450\" allowfullscreen=\"allowfullscreen\"><\/iframe><\/div>\n<\/div><\/div><\/div><\/div><\/div><\/div><div id=\"pg-20-3\"  class=\"panel-grid panel-has-style\" ><div class=\"panel-row-style panel-row-style-for-20-3\" ><div id=\"pgc-20-3-0\"  class=\"panel-grid-cell\" ><div id=\"panel-20-3-0-0\" class=\"widget_text so-panel widget widget_custom_html panel-first-child panel-last-child\" data-index=\"5\" ><div class=\"widget_text panel-widget-style panel-widget-style-for-20-3-0-0\" ><div class=\"textwidget custom-html-widget\"><h3 class=\"contatti-recapiti-title\" >Torino<\/h3> \n\t\t\t\t\t\t\t<hr class=\"contatti-hr-title\" \/>\n\t\t\t\t\t\t\t<div class=\"contatti-icon-wrapper\" >\n\t\t\t\t\t\t\t\t<a href=\"https:\/\/goo.gl\/maps\/AHKiGyBbRDGrrtfG9\" class=\"ft-icon-link\" target=\"_blank\" rel=\"noopener\">\n\t\t\t\t\t\t\t\t\t<div class=\"contatti-name\" >\n\t\t\t\t\t\t\t\t\t\tGruppo CDC\n\t\t\t\t\t\t\t\t\t<\/div>\n\t\t\t\t\t\t\t\t\t<div class=\"contatti-icon-image-address\" >\n\t\t\t\t\t\t\t\t\t\t<img loading=\"lazy\" decoding=\"async\" src=\"https:\/\/www.studiomedicofanton.it\/wp-content\/uploads\/2021\/09\/pointer-w-300x300-1.png\" alt=\"\" width=\"300\" height=\"300\" class=\"aligncenter size-medium wp-image-238\" \/>\n\t\t\t\t\t\t\t\t\t<\/div>\n\t\t\t\t\t\t\t\t\t<div class=\"contatti-icon-desc\" >\n\t\t\t\t\t\t\t\t\t\t<p class=\"contatti-icon-caption\" >Corso G. Ferraris, 36<br>10122 Torino (TO)<br>Italia<\/p>\n\t\t\t\t\t\t\t\t\t<\/div>\n\t\t\t\t\t\t\t\t<\/a>\n\t\t\t\t\t\t\t<\/div>\n\t\t\t\t\t\t\t<div class=\"contatti-icon-wrapper\" >\n\t\t\t\t\t\t\t\t<a href=\"tel:00390115513602\" class=\"ft-icon-link\" target=\"_blank\" rel=\"noopener\">\n\t\t\t\t\t\t\t\t\t<div class=\"contatti-icon-image\" >\n\t\t\t\t\t\t\t\t\t\t<img loading=\"lazy\" decoding=\"async\" src=\"https:\/\/www.studiomedicofanton.it\/wp-content\/uploads\/2021\/09\/phone-b-300x300-1.png\" alt=\"\" width=\"300\" height=\"300\" class=\"aligncenter size-medium wp-image-237\" \/>\n\t\t\t\t\t\t\t\t\t<\/div>\n\t\t\t\t\t\t\t\t\t<div class=\"contatti-icon-desc\" >\n\t\t\t\t\t\t\t\t\t\t<p class=\"contatti-icon-caption\" >+39 011 551 36 02<\/p>\n\t\t\t\t\t\t\t\t\t<\/div>\n\t\t\t\t\t\t\t\t<\/a>\n\t\t\t\t\t\t\t<\/div>\n\t\t\t\t\t\t\t<div class=\"contatti-icon-wrapper\" >\n\t\t\t\t\t\t\t\t<a href=\"tel:00393338785812\" class=\"ft-icon-link\" target=\"_blank\" rel=\"noopener\">\n\t\t\t\t\t\t\t\t\t<div class=\"contatti-icon-image\" >\n\t\t\t\t\t\t\t\t\t\t<img loading=\"lazy\" decoding=\"async\" src=\"https:\/\/www.studiomedicofanton.it\/wp-content\/uploads\/2021\/09\/smartphone-b-300x300-1.png\" alt=\"\" width=\"300\" height=\"300\" class=\"aligncenter size-medium wp-image-239\" \/>\n\t\t\t\t\t\t\t\t\t<\/div>\n\t\t\t\t\t\t\t\t\t<div class=\"contatti-icon-desc\" >\n\t\t\t\t\t\t\t\t\t\t<p class=\"contatti-icon-caption\" >333 87 85 812 (Urgenze)<\/p>\n\t\t\t\t\t\t\t\t\t<\/div>\n\t\t\t\t\t\t\t\t<\/a>\n\t\t\t\t\t\t\t<\/div>\n\t\t\t\t\t\t\t<div class=\"contatti-icon-wrapper\" >\n\t\t\t\t\t\t\t\t<a href=\"mailto:studiomedicofanton@gmail.com\" class=\"ft-icon-link\" target=\"_blank\" rel=\"noopener\">\n\t\t\t\t\t\t\t\t\t<div class=\"contatti-icon-image\" >\n\t\t\t\t\t\t\t\t\t\t<img loading=\"lazy\" decoding=\"async\" src=\"https:\/\/www.studiomedicofanton.it\/wp-content\/uploads\/2021\/09\/email-b-300x300-1.png\" alt=\"\" width=\"300\" height=\"300\" class=\"aligncenter size-medium wp-image-235\" \/>\n\t\t\t\t\t\t\t\t\t<\/div>\n\t\t\t\t\t\t\t\t\t<div class=\"contatti-icon-desc\" >\n\t\t\t\t\t\t\t\t\t\t<p class=\"contatti-icon-caption\" >studiomedicofanton@gmail.com<\/p>\n\t\t\t\t\t\t\t\t\t<\/div>\n\t\t\t\t\t\t\t\t<\/a>\n\t\t\t\t\t\t\t<\/div>\n\t\t\t\t\t\t\t<\/div><\/div><\/div><\/div><div id=\"pgc-20-3-1\"  class=\"panel-grid-cell\" ><div id=\"panel-20-3-1-0\" class=\"so-panel widget widget_sow-editor panel-first-child panel-last-child\" data-index=\"6\" ><div\n\t\t\t\n\t\t\tclass=\"so-widget-sow-editor so-widget-sow-editor-base\"\n\t\t\t\n\t\t>\n<div class=\"siteorigin-widget-tinymce textwidget\">\n\t<iframe src=\"https:\/\/www.google.com\/maps\/embed?pb=!1m18!1m12!1m3!1d7971.028098666681!2d7.66007877115916!3d45.06177818319458!2m3!1f0!2f0!3f0!3m2!1i1024!2i768!4f13.1!3m3!1m2!1s0x47886dfa72a85975%3A0x97be6a5c513dc988!2sAffidea%7CCDC-Corso%20Galileo%20Ferraris%2036%20Torino!5e0!3m2!1sit!2sit!4v1633702877585!5m2!1sit!2sit\" width=\"600\" height=\"450\" style=\"border:0;\" allowfullscreen=\"\" loading=\"lazy\"><\/iframe><\/div>\n<\/div><\/div><\/div><\/div><\/div><div id=\"pg-20-4\"  class=\"panel-grid panel-has-style\" ><div class=\"siteorigin-panels-stretch panel-row-style panel-row-style-for-20-4\" data-stretch-type=\"full\" ><div id=\"pgc-20-4-0\"  class=\"panel-grid-cell\" ><div id=\"panel-20-4-0-0\" class=\"widget_text so-panel widget widget_custom_html panel-first-child panel-last-child\" data-index=\"7\" ><div class=\"textwidget custom-html-widget\"><div class=\"sezione-prenotazione-text justify\">\n\t<h3>\n\t\tL'Importanza di una visita Oculistica! \n\t<\/h3>\nDal momento che la vista \u00e8 parte integrante della nostra esperienza sensoriale quotidiana, \u00e8 fondamentale non sottovalutare la quantit\u00e0 di stress a cui sono sottoposti i nostri occhi.<br> Le visite mediche hanno lo scopo di salvaguardarne lo stato di salute, diagnosticando precocemente gravi patologie e intervenendo con terapie mirate ed efficienti. Prenota una visita presso il nostro Studio Medico utilizzando il pulsante sottostante. <br> Se hai dubbi o desideri maggiori informazioni contattaci compilando il seguente modulo. Saremo lieti di risponderti e venire incontro alle tue esigenze.\n<\/div>\n<div class=\"centrato\" style=\"margin-top:50px;\">\n\t<a class=\"mh-button-visit-form\" href=\"tel:+3901522979\">Prenota una visita<\/a>\n<\/div>\n<\/div><\/div><\/div><div id=\"pgc-20-4-1\"  class=\"panel-grid-cell\" ><div id=\"panel-20-4-1-0\" class=\"widget_text so-panel widget widget_custom_html panel-first-child panel-last-child\" data-index=\"8\" ><div class=\"textwidget custom-html-widget\"><div class=\"container-form centrato\">\n\t\n<div class=\"wpcf7 no-js\" id=\"wpcf7-f4-o1\" lang=\"it-IT\" dir=\"ltr\" data-wpcf7-id=\"4\">\n<div class=\"screen-reader-response\"><p role=\"status\" aria-live=\"polite\" aria-atomic=\"true\"><\/p> <ul><\/ul><\/div>\n<form action=\"\/it\/wp-json\/wp\/v2\/pages\/20#wpcf7-f4-o1\" method=\"post\" class=\"wpcf7-form init\" aria-label=\"Modulo di contatto\" novalidate=\"novalidate\" data-status=\"init\">\n<fieldset class=\"hidden-fields-container\"><input type=\"hidden\" name=\"_wpcf7\" value=\"4\" \/><input type=\"hidden\" name=\"_wpcf7_version\" value=\"6.1.5\" \/><input type=\"hidden\" name=\"_wpcf7_locale\" value=\"it_IT\" \/><input type=\"hidden\" name=\"_wpcf7_unit_tag\" value=\"wpcf7-f4-o1\" \/><input type=\"hidden\" name=\"_wpcf7_container_post\" value=\"0\" \/><input type=\"hidden\" name=\"_wpcf7_posted_data_hash\" value=\"\" \/>\n<\/fieldset>\n<div class=\"wpcf7-turnstile cf-turnstile\" data-sitekey=\"0x4AAAAAABs1d-jl9c7nQQX9\" data-response-field-name=\"_wpcf7_turnstile_response\"><\/div>\n\n<p><span class=\"wpcf7-form-control-wrap\" data-name=\"your-name\"><input size=\"40\" maxlength=\"400\" class=\"wpcf7-form-control wpcf7-text wpcf7-validates-as-required\" aria-required=\"true\" aria-invalid=\"false\" placeholder=\"Nome e Cognome*\" value=\"\" type=\"text\" name=\"your-name\" \/><\/span>\n<\/p>\n<p><span class=\"wpcf7-form-control-wrap\" data-name=\"your-email\"><input size=\"40\" maxlength=\"400\" class=\"wpcf7-form-control wpcf7-email wpcf7-validates-as-required wpcf7-text wpcf7-validates-as-email\" aria-required=\"true\" aria-invalid=\"false\" placeholder=\"Email*\" value=\"\" type=\"email\" name=\"your-email\" \/><\/span>\n<\/p>\n<p><span class=\"wpcf7-form-control-wrap\" data-name=\"your-phone\"><input size=\"40\" maxlength=\"400\" class=\"wpcf7-form-control wpcf7-text\" aria-invalid=\"false\" placeholder=\"Numero di Telefono\" value=\"\" type=\"text\" name=\"your-phone\" \/><\/span>\n<\/p>\n<p><span class=\"wpcf7-form-control-wrap\" data-name=\"your-message\"><textarea cols=\"40\" rows=\"2\" maxlength=\"2000\" class=\"wpcf7-form-control wpcf7-textarea wpcf7-validates-as-required\" aria-required=\"true\" aria-invalid=\"false\" placeholder=\"Messaggio*\" name=\"your-message\"><\/textarea><\/span>\n<\/p>\n<div style=\"font-size:0.9em !important;margin-bottom: 10px;color:#5b779d;\" >\n\t<p><span class=\"wpcf7-form-control-wrap\" data-name=\"acceptance-privacy\"><span class=\"wpcf7-form-control wpcf7-acceptance\"><span class=\"wpcf7-list-item\"><label><input type=\"checkbox\" name=\"acceptance-privacy\" value=\"1\" aria-invalid=\"false\" \/><span class=\"wpcf7-list-item-label\">- Acconsento al trattamento dei miei dati personali in accordo con la pi\u00f9 recente <a href=\"https:\/\/www.studiomedicofanton.it\/it\/privacy-policy\/\" target=\"_blank\" style=\"font-size:0.9em;color:#5b779d70;\" >Privacy Policy<\/a><\/span><\/label><\/span><\/span><\/span>\n\t<\/p>\n<\/div>\n<p><input class=\"wpcf7-form-control wpcf7-submit has-spinner\" type=\"submit\" value=\"Invia\" \/>\n<\/p><div class=\"wpcf7-response-output\" aria-hidden=\"true\"><\/div>\n<\/form>\n<\/div>\n\n<\/div>\n<\/div><\/div><\/div><\/div><\/div><\/div>","protected":false},"excerpt":{"rendered":"<p>Contatti Biella Studio Medico Fanton Via Bertodano, 1113900 Biella (BI)Italia +39 015 22 979 (Appuntamenti) +39 333 87 85 812 (Urgenze) studiomedicofanton@gmail.com Lugano Centro Oculistico LuganoCentral Park Riva Antonio Caccia,&hellip;<\/p>\n","protected":false},"author":1,"featured_media":0,"parent":0,"menu_order":0,"comment_status":"closed","ping_status":"closed","template":"","meta":{"footnotes":""},"class_list":["post-20","page","type-page","status-publish","hentry","post"],"yoast_head":"<!-- This site is optimized with the Yoast SEO plugin v27.2 - https:\/\/yoast.com\/product\/yoast-seo-wordpress\/ -->\n<title>Contatti Studio Medico Fanton Biella, Torino e Lugano<\/title>\n<meta name=\"description\" content=\"Prenota una visita oculistica. Contatta lo Studio Medico Fanton: sedi a Biella, Torino e Lugano, specialisti in oculistica e chirurgia refrattiva.\" \/>\n<meta name=\"robots\" content=\"index, follow, max-snippet:-1, max-image-preview:large, max-video-preview:-1\" \/>\n<link rel=\"canonical\" href=\"https:\/\/www.studiomedicofanton.it\/it\/contatti\/\" \/>\n<meta property=\"og:locale\" content=\"it_IT\" \/>\n<meta property=\"og:type\" content=\"article\" \/>\n<meta property=\"og:title\" content=\"Contatti Studio Medico Fanton Biella, Torino e Lugano\" \/>\n<meta property=\"og:description\" content=\"Prenota una visita oculistica. Contatta lo Studio Medico Fanton: sedi a Biella, Torino e Lugano, specialisti in oculistica e chirurgia refrattiva.\" \/>\n<meta property=\"og:url\" content=\"https:\/\/www.studiomedicofanton.it\/it\/contatti\/\" \/>\n<meta property=\"og:site_name\" content=\"Studio Medico Fanton\" \/>\n<meta property=\"article:modified_time\" content=\"2025-06-05T13:42:41+00:00\" \/>\n<meta property=\"og:image\" content=\"https:\/\/www.studiomedicofanton.it\/wp-content\/uploads\/2021\/08\/logo-FANTON1.jpg\" \/>\n\t<meta property=\"og:image:width\" content=\"353\" \/>\n\t<meta property=\"og:image:height\" content=\"370\" \/>\n\t<meta property=\"og:image:type\" content=\"image\/jpeg\" \/>\n<meta name=\"twitter:card\" content=\"summary_large_image\" \/>\n<meta name=\"twitter:label1\" content=\"Tempo di lettura stimato\" \/>\n\t<meta name=\"twitter:data1\" content=\"4 minuti\" \/>\n<script type=\"application\/ld+json\" class=\"yoast-schema-graph\">{\"@context\":\"https:\/\/schema.org\",\"@graph\":[{\"@type\":\"WebPage\",\"@id\":\"https:\/\/www.studiomedicofanton.it\/it\/contatti\/\",\"url\":\"https:\/\/www.studiomedicofanton.it\/it\/contatti\/\",\"name\":\"Contatti Studio Medico Fanton Biella, Torino e Lugano\",\"isPartOf\":{\"@id\":\"https:\/\/www.studiomedicofanton.it\/it\/#website\"},\"datePublished\":\"2021-08-18T10:48:25+00:00\",\"dateModified\":\"2025-06-05T13:42:41+00:00\",\"description\":\"Prenota una visita oculistica. Contatta lo Studio Medico Fanton: sedi a Biella, Torino e Lugano, specialisti in oculistica e chirurgia refrattiva.\",\"breadcrumb\":{\"@id\":\"https:\/\/www.studiomedicofanton.it\/it\/contatti\/#breadcrumb\"},\"inLanguage\":\"it-IT\",\"potentialAction\":[{\"@type\":\"ReadAction\",\"target\":[\"https:\/\/www.studiomedicofanton.it\/it\/contatti\/\"]}]},{\"@type\":\"BreadcrumbList\",\"@id\":\"https:\/\/www.studiomedicofanton.it\/it\/contatti\/#breadcrumb\",\"itemListElement\":[{\"@type\":\"ListItem\",\"position\":1,\"name\":\"Home\",\"item\":\"https:\/\/www.studiomedicofanton.it\/it\/\"},{\"@type\":\"ListItem\",\"position\":2,\"name\":\"Contatti\"}]},{\"@type\":\"WebSite\",\"@id\":\"https:\/\/www.studiomedicofanton.it\/it\/#website\",\"url\":\"https:\/\/www.studiomedicofanton.it\/it\/\",\"name\":\"Studio Medico Fanton\",\"description\":\"Biella Torino Lugano -  I Vostri Occhi, la Nostra Passione\",\"alternateName\":\"Studio Fanton\",\"potentialAction\":[{\"@type\":\"SearchAction\",\"target\":{\"@type\":\"EntryPoint\",\"urlTemplate\":\"https:\/\/www.studiomedicofanton.it\/it\/?s={search_term_string}\"},\"query-input\":{\"@type\":\"PropertyValueSpecification\",\"valueRequired\":true,\"valueName\":\"search_term_string\"}}],\"inLanguage\":\"it-IT\"}]}<\/script>\n<!-- \/ Yoast SEO plugin. -->","yoast_head_json":{"title":"Contatti Studio Medico Fanton Biella, Torino e Lugano","description":"Prenota una visita oculistica. Contatta lo Studio Medico Fanton: sedi a Biella, Torino e Lugano, specialisti in oculistica e chirurgia refrattiva.","robots":{"index":"index","follow":"follow","max-snippet":"max-snippet:-1","max-image-preview":"max-image-preview:large","max-video-preview":"max-video-preview:-1"},"canonical":"https:\/\/www.studiomedicofanton.it\/it\/contatti\/","og_locale":"it_IT","og_type":"article","og_title":"Contatti Studio Medico Fanton Biella, Torino e Lugano","og_description":"Prenota una visita oculistica. Contatta lo Studio Medico Fanton: sedi a Biella, Torino e Lugano, specialisti in oculistica e chirurgia refrattiva.","og_url":"https:\/\/www.studiomedicofanton.it\/it\/contatti\/","og_site_name":"Studio Medico Fanton","article_modified_time":"2025-06-05T13:42:41+00:00","og_image":[{"width":353,"height":370,"url":"https:\/\/www.studiomedicofanton.it\/wp-content\/uploads\/2021\/08\/logo-FANTON1.jpg","type":"image\/jpeg"}],"twitter_card":"summary_large_image","twitter_misc":{"Tempo di lettura stimato":"4 minuti"},"schema":{"@context":"https:\/\/schema.org","@graph":[{"@type":"WebPage","@id":"https:\/\/www.studiomedicofanton.it\/it\/contatti\/","url":"https:\/\/www.studiomedicofanton.it\/it\/contatti\/","name":"Contatti Studio Medico Fanton Biella, Torino e Lugano","isPartOf":{"@id":"https:\/\/www.studiomedicofanton.it\/it\/#website"},"datePublished":"2021-08-18T10:48:25+00:00","dateModified":"2025-06-05T13:42:41+00:00","description":"Prenota una visita oculistica. Contatta lo Studio Medico Fanton: sedi a Biella, Torino e Lugano, specialisti in oculistica e chirurgia refrattiva.","breadcrumb":{"@id":"https:\/\/www.studiomedicofanton.it\/it\/contatti\/#breadcrumb"},"inLanguage":"it-IT","potentialAction":[{"@type":"ReadAction","target":["https:\/\/www.studiomedicofanton.it\/it\/contatti\/"]}]},{"@type":"BreadcrumbList","@id":"https:\/\/www.studiomedicofanton.it\/it\/contatti\/#breadcrumb","itemListElement":[{"@type":"ListItem","position":1,"name":"Home","item":"https:\/\/www.studiomedicofanton.it\/it\/"},{"@type":"ListItem","position":2,"name":"Contatti"}]},{"@type":"WebSite","@id":"https:\/\/www.studiomedicofanton.it\/it\/#website","url":"https:\/\/www.studiomedicofanton.it\/it\/","name":"Studio Medico Fanton","description":"Biella Torino Lugano -  I Vostri Occhi, la Nostra Passione","alternateName":"Studio Fanton","potentialAction":[{"@type":"SearchAction","target":{"@type":"EntryPoint","urlTemplate":"https:\/\/www.studiomedicofanton.it\/it\/?s={search_term_string}"},"query-input":{"@type":"PropertyValueSpecification","valueRequired":true,"valueName":"search_term_string"}}],"inLanguage":"it-IT"}]}},"_links":{"self":[{"href":"https:\/\/www.studiomedicofanton.it\/it\/wp-json\/wp\/v2\/pages\/20","targetHints":{"allow":["GET"]}}],"collection":[{"href":"https:\/\/www.studiomedicofanton.it\/it\/wp-json\/wp\/v2\/pages"}],"about":[{"href":"https:\/\/www.studiomedicofanton.it\/it\/wp-json\/wp\/v2\/types\/page"}],"author":[{"embeddable":true,"href":"https:\/\/www.studiomedicofanton.it\/it\/wp-json\/wp\/v2\/users\/1"}],"replies":[{"embeddable":true,"href":"https:\/\/www.studiomedicofanton.it\/it\/wp-json\/wp\/v2\/comments?post=20"}],"version-history":[{"count":10,"href":"https:\/\/www.studiomedicofanton.it\/it\/wp-json\/wp\/v2\/pages\/20\/revisions"}],"predecessor-version":[{"id":3184,"href":"https:\/\/www.studiomedicofanton.it\/it\/wp-json\/wp\/v2\/pages\/20\/revisions\/3184"}],"wp:attachment":[{"href":"https:\/\/www.studiomedicofanton.it\/it\/wp-json\/wp\/v2\/media?parent=20"}],"curies":[{"name":"wp","href":"https:\/\/api.w.org\/{rel}","templated":true}]}}