{"id":2505,"date":"2022-03-07T12:32:08","date_gmt":"2022-03-07T11:32:08","guid":{"rendered":"https:\/\/www.studiomedicofanton.it\/?page_id=2505"},"modified":"2022-05-18T09:13:36","modified_gmt":"2022-05-18T07:13:36","slug":"dott-ssa-valeria-marinaccio","status":"publish","type":"page","link":"https:\/\/www.studiomedicofanton.it\/it\/il-nostro-team\/dott-ssa-valeria-marinaccio\/","title":{"rendered":"Dott.ssa Valeria Marinaccio"},"content":{"rendered":"<div id=\"pl-2505\"  class=\"panel-layout\" ><div id=\"pg-2505-0\"  class=\"panel-grid panel-has-style\" ><div class=\"siteorigin-panels-stretch panel-row-style panel-row-style-for-2505-0\" data-stretch-type=\"full\" ><div id=\"pgc-2505-0-0\"  class=\"panel-grid-cell\" ><div id=\"panel-2505-0-0-0\" class=\"widget_text so-panel widget widget_custom_html panel-first-child panel-last-child\" data-index=\"0\" ><div class=\"widget_text panel-widget-style panel-widget-style-for-2505-0-0-0\" ><div class=\"textwidget custom-html-widget\"><div class=\"title-page-wrapper\">\n\t<h1 class=\"title-page\">\n\t\tDott.ssa Valeria Marinaccio\n\t<\/h1>\n<\/div>\n<\/div><\/div><\/div><\/div><\/div><\/div><div id=\"pg-2505-1\"  class=\"panel-grid panel-has-style\" ><div class=\"panel-row-style panel-row-style-for-2505-1\" ><div id=\"pgc-2505-1-0\"  class=\"panel-grid-cell\" ><div id=\"panel-2505-1-0-0\" class=\"widget_text so-panel widget widget_custom_html panel-first-child panel-last-child\" data-index=\"1\" ><div class=\"textwidget custom-html-widget\"><img loading=\"lazy\" decoding=\"async\" class=\"aligncenter size-full\" src=\"https:\/\/www.studiomedicofanton.it\/wp-content\/uploads\/2021\/09\/Marinacci.jpg\" alt=\"\" width=\"200\" height=\"300\" \/><\/div><\/div><\/div><div id=\"pgc-2505-1-1\"  class=\"panel-grid-cell\" ><div id=\"panel-2505-1-1-0\" class=\"widget_text so-panel widget widget_custom_html panel-first-child panel-last-child\" data-index=\"2\" ><div class=\"textwidget custom-html-widget\"><div class=\"fanton-info-wrapper\">\n\t<h2 class=\"fanton-info-title\">\n\t\tDott.Ssa Valeria Marinaccio\n\t<\/h2>\n\t<hr \/>\t\n\t<p class=\"fanton-info-text\">\n\t\t<strong>Formazione<\/strong><br>\n\t<ul class=\"fanton-info-text\">\n\t<li>Laurea in Ottica e Optometria presso l'universit\u00e0 di Torino(2013)<\/li>\n\t\t<li>Diploma abilitante di ottica presso Ipsis Gaslini\/Meucci di Genova<\/li>\n\t<\/ul>\n\t<\/p>\n\t<p class=\"fanton-info-text\">\n\t\t<strong>Esperienza<\/strong><br><br>\n\t\tCollabora con Studio Medico Fanton come contattologa e optometrista dal 2012. \u00c9 stata assistente di contattologia presso l'Univerisit\u00e0 degli Studi di Torino nel corso di contattologia avanzata e relatrice al primo Congresso di Ortocheratologia a Lecce. \u00c9 consulente presso numerose ottiche del territorio.\n\t<\/p>\n\t<p class=\"fanton-info-text\">\n\t\t<strong>Aree di Competenza<\/strong>\t<br>\n\n\t<ul class=\"fanton-info-text\">\n\t\t<li>Ottime competenze sull'applicazione, progettazione e calcolo delle seguenti lenti di conatto: <ul><strong>\n\t\t\t<li>Lenti Speciali RGP (rigide gas permeabili)<\/li>\n\t\t\t<li>Lenti ortocheratologiche ORTHO-K (notturne)<\/li>\n\t\t\t<li>Lenti ibride<\/li>\n\t\t\t<li>Lenti sclerali<\/li>\n\t\t\t<li>Lenti terapeutiche<\/li>\n\t\t\t<\/strong><\/ul><\/li>\n\t\t<li>Esperienza nell'utilizzo del Topografo corneale, Tomografia a Coerenza ottica (OCT), IOLmaster, Retinografia, Retimax Advanced Plus, Oftalmoscopio e Lampada a fessura<\/li>\n\t<\/ul>\n<\/p>\n<\/div><\/div><\/div><\/div><\/div><\/div><div id=\"pg-2505-2\"  class=\"panel-grid panel-has-style\" ><div class=\"siteorigin-panels-stretch panel-row-style panel-row-style-for-2505-2\" data-stretch-type=\"full\" ><div id=\"pgc-2505-2-0\"  class=\"panel-grid-cell\" ><div id=\"panel-2505-2-0-0\" class=\"widget_text so-panel widget widget_custom_html panel-first-child panel-last-child\" data-index=\"3\" ><div class=\"textwidget custom-html-widget\"><div class=\"sezione-prenotazione-text justify\">\n\t<h3>\n\t\tL'Importanza di una visita Oculistica! \n\t<\/h3>\nDal momento che la vista \u00e8 parte integrante della nostra esperienza sensoriale quotidiana, \u00e8 fondamentale non sottovalutare la quantit\u00e0 di stress a cui sono sottoposti i nostri occhi.<br> Le visite mediche hanno lo scopo di salvaguardarne lo stato di salute, diagnosticando precocemente gravi patologie e intervenendo con terapie mirate ed efficienti. Prenota una visita presso il nostro Studio Medico utilizzando il pulsante sottostante. <br> Se hai dubbi o desideri maggiori informazioni contattaci compilando il seguente modulo. Saremo lieti di risponderti e venire incontro alle tue esigenze.\n<\/div>\n<div class=\"centrato\" style=\"margin-top:50px;\">\n\t<a class=\"mh-button-visit-form\" href=\"tel:+3901522979\">Prenota una visita<\/a>\n<\/div>\n<\/div><\/div><\/div><div id=\"pgc-2505-2-1\"  class=\"panel-grid-cell\" ><div id=\"panel-2505-2-1-0\" class=\"widget_text so-panel widget widget_custom_html panel-first-child panel-last-child\" data-index=\"4\" ><div class=\"textwidget custom-html-widget\"><div class=\"container-form centrato\">\n\t\n<div class=\"wpcf7 no-js\" id=\"wpcf7-f4-o1\" lang=\"it-IT\" dir=\"ltr\" data-wpcf7-id=\"4\">\n<div class=\"screen-reader-response\"><p role=\"status\" aria-live=\"polite\" aria-atomic=\"true\"><\/p> <ul><\/ul><\/div>\n<form action=\"\/it\/wp-json\/wp\/v2\/pages\/2505#wpcf7-f4-o1\" method=\"post\" class=\"wpcf7-form init\" aria-label=\"Modulo di contatto\" novalidate=\"novalidate\" data-status=\"init\">\n<fieldset class=\"hidden-fields-container\"><input type=\"hidden\" name=\"_wpcf7\" value=\"4\" \/><input type=\"hidden\" name=\"_wpcf7_version\" value=\"6.1.5\" \/><input type=\"hidden\" name=\"_wpcf7_locale\" value=\"it_IT\" \/><input type=\"hidden\" name=\"_wpcf7_unit_tag\" value=\"wpcf7-f4-o1\" \/><input type=\"hidden\" name=\"_wpcf7_container_post\" value=\"0\" \/><input type=\"hidden\" name=\"_wpcf7_posted_data_hash\" value=\"\" \/>\n<\/fieldset>\n<div class=\"wpcf7-turnstile cf-turnstile\" data-sitekey=\"0x4AAAAAABs1d-jl9c7nQQX9\" data-response-field-name=\"_wpcf7_turnstile_response\"><\/div>\n\n<p><span class=\"wpcf7-form-control-wrap\" data-name=\"your-name\"><input size=\"40\" maxlength=\"400\" class=\"wpcf7-form-control wpcf7-text wpcf7-validates-as-required\" aria-required=\"true\" aria-invalid=\"false\" placeholder=\"Nome e Cognome*\" value=\"\" type=\"text\" name=\"your-name\" \/><\/span>\n<\/p>\n<p><span class=\"wpcf7-form-control-wrap\" data-name=\"your-email\"><input size=\"40\" maxlength=\"400\" class=\"wpcf7-form-control wpcf7-email wpcf7-validates-as-required wpcf7-text wpcf7-validates-as-email\" aria-required=\"true\" aria-invalid=\"false\" placeholder=\"Email*\" value=\"\" type=\"email\" name=\"your-email\" \/><\/span>\n<\/p>\n<p><span class=\"wpcf7-form-control-wrap\" data-name=\"your-phone\"><input size=\"40\" maxlength=\"400\" class=\"wpcf7-form-control wpcf7-text\" aria-invalid=\"false\" placeholder=\"Numero di Telefono\" value=\"\" type=\"text\" name=\"your-phone\" \/><\/span>\n<\/p>\n<p><span class=\"wpcf7-form-control-wrap\" data-name=\"your-message\"><textarea cols=\"40\" rows=\"2\" maxlength=\"2000\" class=\"wpcf7-form-control wpcf7-textarea wpcf7-validates-as-required\" aria-required=\"true\" aria-invalid=\"false\" placeholder=\"Messaggio*\" name=\"your-message\"><\/textarea><\/span>\n<\/p>\n<div style=\"font-size:0.9em !important;margin-bottom: 10px;color:#5b779d;\" >\n\t<p><span class=\"wpcf7-form-control-wrap\" data-name=\"acceptance-privacy\"><span class=\"wpcf7-form-control wpcf7-acceptance\"><span class=\"wpcf7-list-item\"><label><input type=\"checkbox\" name=\"acceptance-privacy\" value=\"1\" aria-invalid=\"false\" \/><span class=\"wpcf7-list-item-label\">- Acconsento al trattamento dei miei dati personali in accordo con la pi\u00f9 recente <a href=\"https:\/\/www.studiomedicofanton.it\/it\/privacy-policy\/\" target=\"_blank\" style=\"font-size:0.9em;color:#5b779d70;\" >Privacy Policy<\/a><\/span><\/label><\/span><\/span><\/span>\n\t<\/p>\n<\/div>\n<p><input class=\"wpcf7-form-control wpcf7-submit has-spinner\" type=\"submit\" value=\"Invia\" \/>\n<\/p><div class=\"wpcf7-response-output\" aria-hidden=\"true\"><\/div>\n<\/form>\n<\/div>\n\n<\/div>\n<\/div><\/div><\/div><\/div><\/div><\/div>","protected":false},"excerpt":{"rendered":"<p>Dott.ssa Valeria Marinaccio Dott.Ssa Valeria Marinaccio Formazione Laurea in Ottica e Optometria presso l&#8217;universit\u00e0 di Torino(2013) Diploma abilitante di ottica presso Ipsis Gaslini\/Meucci di Genova Esperienza Collabora con Studio Medico&hellip;<\/p>\n","protected":false},"author":1,"featured_media":0,"parent":14,"menu_order":20,"comment_status":"closed","ping_status":"closed","template":"","meta":{"footnotes":""},"class_list":["post-2505","page","type-page","status-publish","hentry","post"],"yoast_head":"<!-- This site is optimized with the Yoast SEO plugin v27.2 - https:\/\/yoast.com\/product\/yoast-seo-wordpress\/ -->\n<title>Dott.ssa Valeria Marinaccio - Studio Medico Fanton<\/title>\n<meta name=\"robots\" content=\"index, follow, max-snippet:-1, max-image-preview:large, max-video-preview:-1\" \/>\n<link rel=\"canonical\" href=\"https:\/\/www.studiomedicofanton.it\/it\/il-nostro-team\/dott-ssa-valeria-marinaccio\/\" \/>\n<meta property=\"og:locale\" content=\"it_IT\" \/>\n<meta property=\"og:type\" content=\"article\" \/>\n<meta property=\"og:title\" content=\"Dott.ssa Valeria Marinaccio - Studio Medico Fanton\" \/>\n<meta property=\"og:description\" content=\"Dott.ssa Valeria Marinaccio Dott.Ssa Valeria Marinaccio Formazione Laurea in Ottica e Optometria presso l&#039;universit\u00e0 di Torino(2013) Diploma abilitante di ottica presso Ipsis Gaslini\/Meucci di Genova Esperienza Collabora con Studio Medico&hellip;\" \/>\n<meta property=\"og:url\" content=\"https:\/\/www.studiomedicofanton.it\/it\/il-nostro-team\/dott-ssa-valeria-marinaccio\/\" \/>\n<meta property=\"og:site_name\" content=\"Studio Medico Fanton\" \/>\n<meta property=\"article:modified_time\" content=\"2022-05-18T07:13:36+00:00\" \/>\n<meta property=\"og:image\" content=\"https:\/\/www.studiomedicofanton.it\/wp-content\/uploads\/2021\/08\/logo-FANTON1.jpg\" \/>\n\t<meta property=\"og:image:width\" content=\"353\" \/>\n\t<meta property=\"og:image:height\" content=\"370\" \/>\n\t<meta property=\"og:image:type\" content=\"image\/jpeg\" \/>\n<meta name=\"twitter:card\" content=\"summary_large_image\" \/>\n<script type=\"application\/ld+json\" class=\"yoast-schema-graph\">{\"@context\":\"https:\/\/schema.org\",\"@graph\":[{\"@type\":\"WebPage\",\"@id\":\"https:\/\/www.studiomedicofanton.it\/it\/il-nostro-team\/dott-ssa-valeria-marinaccio\/\",\"url\":\"https:\/\/www.studiomedicofanton.it\/it\/il-nostro-team\/dott-ssa-valeria-marinaccio\/\",\"name\":\"Dott.ssa Valeria Marinaccio - Studio Medico Fanton\",\"isPartOf\":{\"@id\":\"https:\/\/www.studiomedicofanton.it\/it\/#website\"},\"datePublished\":\"2022-03-07T11:32:08+00:00\",\"dateModified\":\"2022-05-18T07:13:36+00:00\",\"breadcrumb\":{\"@id\":\"https:\/\/www.studiomedicofanton.it\/it\/il-nostro-team\/dott-ssa-valeria-marinaccio\/#breadcrumb\"},\"inLanguage\":\"it-IT\",\"potentialAction\":[{\"@type\":\"ReadAction\",\"target\":[\"https:\/\/www.studiomedicofanton.it\/it\/il-nostro-team\/dott-ssa-valeria-marinaccio\/\"]}]},{\"@type\":\"BreadcrumbList\",\"@id\":\"https:\/\/www.studiomedicofanton.it\/it\/il-nostro-team\/dott-ssa-valeria-marinaccio\/#breadcrumb\",\"itemListElement\":[{\"@type\":\"ListItem\",\"position\":1,\"name\":\"Home\",\"item\":\"https:\/\/www.studiomedicofanton.it\/it\/\"},{\"@type\":\"ListItem\",\"position\":2,\"name\":\"La Nostra Equipe\",\"item\":\"https:\/\/www.studiomedicofanton.it\/it\/il-nostro-team\/\"},{\"@type\":\"ListItem\",\"position\":3,\"name\":\"Dott.ssa Valeria Marinaccio\"}]},{\"@type\":\"WebSite\",\"@id\":\"https:\/\/www.studiomedicofanton.it\/it\/#website\",\"url\":\"https:\/\/www.studiomedicofanton.it\/it\/\",\"name\":\"Studio Medico Fanton\",\"description\":\"Biella Torino Lugano -  I Vostri Occhi, la Nostra Passione\",\"alternateName\":\"Studio Fanton\",\"potentialAction\":[{\"@type\":\"SearchAction\",\"target\":{\"@type\":\"EntryPoint\",\"urlTemplate\":\"https:\/\/www.studiomedicofanton.it\/it\/?s={search_term_string}\"},\"query-input\":{\"@type\":\"PropertyValueSpecification\",\"valueRequired\":true,\"valueName\":\"search_term_string\"}}],\"inLanguage\":\"it-IT\"}]}<\/script>\n<!-- \/ Yoast SEO plugin. -->","yoast_head_json":{"title":"Dott.ssa Valeria Marinaccio - Studio Medico Fanton","robots":{"index":"index","follow":"follow","max-snippet":"max-snippet:-1","max-image-preview":"max-image-preview:large","max-video-preview":"max-video-preview:-1"},"canonical":"https:\/\/www.studiomedicofanton.it\/it\/il-nostro-team\/dott-ssa-valeria-marinaccio\/","og_locale":"it_IT","og_type":"article","og_title":"Dott.ssa Valeria Marinaccio - Studio Medico Fanton","og_description":"Dott.ssa Valeria Marinaccio Dott.Ssa Valeria Marinaccio Formazione Laurea in Ottica e Optometria presso l'universit\u00e0 di Torino(2013) Diploma abilitante di ottica presso Ipsis Gaslini\/Meucci di Genova Esperienza Collabora con Studio Medico&hellip;","og_url":"https:\/\/www.studiomedicofanton.it\/it\/il-nostro-team\/dott-ssa-valeria-marinaccio\/","og_site_name":"Studio Medico Fanton","article_modified_time":"2022-05-18T07:13:36+00:00","og_image":[{"width":353,"height":370,"url":"https:\/\/www.studiomedicofanton.it\/wp-content\/uploads\/2021\/08\/logo-FANTON1.jpg","type":"image\/jpeg"}],"twitter_card":"summary_large_image","schema":{"@context":"https:\/\/schema.org","@graph":[{"@type":"WebPage","@id":"https:\/\/www.studiomedicofanton.it\/it\/il-nostro-team\/dott-ssa-valeria-marinaccio\/","url":"https:\/\/www.studiomedicofanton.it\/it\/il-nostro-team\/dott-ssa-valeria-marinaccio\/","name":"Dott.ssa Valeria Marinaccio - Studio Medico Fanton","isPartOf":{"@id":"https:\/\/www.studiomedicofanton.it\/it\/#website"},"datePublished":"2022-03-07T11:32:08+00:00","dateModified":"2022-05-18T07:13:36+00:00","breadcrumb":{"@id":"https:\/\/www.studiomedicofanton.it\/it\/il-nostro-team\/dott-ssa-valeria-marinaccio\/#breadcrumb"},"inLanguage":"it-IT","potentialAction":[{"@type":"ReadAction","target":["https:\/\/www.studiomedicofanton.it\/it\/il-nostro-team\/dott-ssa-valeria-marinaccio\/"]}]},{"@type":"BreadcrumbList","@id":"https:\/\/www.studiomedicofanton.it\/it\/il-nostro-team\/dott-ssa-valeria-marinaccio\/#breadcrumb","itemListElement":[{"@type":"ListItem","position":1,"name":"Home","item":"https:\/\/www.studiomedicofanton.it\/it\/"},{"@type":"ListItem","position":2,"name":"La Nostra Equipe","item":"https:\/\/www.studiomedicofanton.it\/it\/il-nostro-team\/"},{"@type":"ListItem","position":3,"name":"Dott.ssa Valeria Marinaccio"}]},{"@type":"WebSite","@id":"https:\/\/www.studiomedicofanton.it\/it\/#website","url":"https:\/\/www.studiomedicofanton.it\/it\/","name":"Studio Medico Fanton","description":"Biella Torino Lugano -  I Vostri Occhi, la Nostra Passione","alternateName":"Studio Fanton","potentialAction":[{"@type":"SearchAction","target":{"@type":"EntryPoint","urlTemplate":"https:\/\/www.studiomedicofanton.it\/it\/?s={search_term_string}"},"query-input":{"@type":"PropertyValueSpecification","valueRequired":true,"valueName":"search_term_string"}}],"inLanguage":"it-IT"}]}},"_links":{"self":[{"href":"https:\/\/www.studiomedicofanton.it\/it\/wp-json\/wp\/v2\/pages\/2505","targetHints":{"allow":["GET"]}}],"collection":[{"href":"https:\/\/www.studiomedicofanton.it\/it\/wp-json\/wp\/v2\/pages"}],"about":[{"href":"https:\/\/www.studiomedicofanton.it\/it\/wp-json\/wp\/v2\/types\/page"}],"author":[{"embeddable":true,"href":"https:\/\/www.studiomedicofanton.it\/it\/wp-json\/wp\/v2\/users\/1"}],"replies":[{"embeddable":true,"href":"https:\/\/www.studiomedicofanton.it\/it\/wp-json\/wp\/v2\/comments?post=2505"}],"version-history":[{"count":10,"href":"https:\/\/www.studiomedicofanton.it\/it\/wp-json\/wp\/v2\/pages\/2505\/revisions"}],"predecessor-version":[{"id":2700,"href":"https:\/\/www.studiomedicofanton.it\/it\/wp-json\/wp\/v2\/pages\/2505\/revisions\/2700"}],"up":[{"embeddable":true,"href":"https:\/\/www.studiomedicofanton.it\/it\/wp-json\/wp\/v2\/pages\/14"}],"wp:attachment":[{"href":"https:\/\/www.studiomedicofanton.it\/it\/wp-json\/wp\/v2\/media?parent=2505"}],"curies":[{"name":"wp","href":"https:\/\/api.w.org\/{rel}","templated":true}]}}