{"id":2801,"date":"2022-07-25T12:40:31","date_gmt":"2022-07-25T10:40:31","guid":{"rendered":"https:\/\/www.studiomedicofanton.it\/?page_id=2801"},"modified":"2025-06-05T16:16:32","modified_gmt":"2025-06-05T14:16:32","slug":"femtolasik","status":"publish","type":"page","link":"https:\/\/www.studiomedicofanton.it\/it\/elimina-gli-occhiali\/femtolasik\/","title":{"rendered":"FemtoLasik"},"content":{"rendered":"<div id=\"pl-2801\"  class=\"panel-layout\" ><div id=\"pg-2801-0\"  class=\"panel-grid panel-has-style\" ><div class=\"panel-row-style panel-row-style-for-2801-0\" ><div id=\"pgc-2801-0-0\"  class=\"panel-grid-cell\" ><div id=\"panel-2801-0-0-0\" class=\"widget_text so-panel widget widget_custom_html panel-first-child panel-last-child\" data-index=\"0\" ><div class=\"textwidget custom-html-widget\"><div class=\"pag-servizio-wrapper chirurgia-title-page\">\n\t<h1 class=\"pag-servizio-title\">\n\t\tFemtolasik\n<\/h1>\n<\/div>\n<hr class=\"pag-servizio-title-line\"\/><\/div><\/div><\/div><\/div><\/div><div id=\"pg-2801-1\"  class=\"panel-grid panel-no-style\" ><div id=\"pgc-2801-1-0\"  class=\"panel-grid-cell\" ><div id=\"panel-2801-1-0-0\" class=\"widget_text so-panel widget widget_custom_html panel-first-child panel-last-child\" data-index=\"1\" ><div class=\"textwidget custom-html-widget\"><div class=\"pag-servizio-wrapper\">\n\t<h2 class=\"pag-servizio-subtitile\">\n\t\tChe cos'&egrave; la FemtoLasik\n\t<\/h2>\n<\/div>\n<div class=\"pag-servizio-wrapper\">\n\t<p class=\"pag-servizio-text\">\n\t\tL\u2019intervento FemtoLasik \u00e8 una delle pi\u00f9 comuni tecniche utilizzate per correggere <strong>miopia<\/strong>, <strong>astigmatismo<\/strong>, <strong>presbiopia<\/strong> e <strong>ipermetropia<\/strong>. <br>\n\t\tIl suo scopo \u00e8 quello di <strong>migliorare la vista<\/strong>, eliminando definitivamente la necessit\u00e0 di ricorrere agli occhiali o alle lenti a contatto. Il trattamento <strong>dura circa 10 minuti ed \u00e8 del tutto indolore<\/strong>, grazie all\u2019applicazione di un collirio anestetico.\n\t<\/p>\n<\/div><\/div><\/div><\/div><div id=\"pgc-2801-1-1\"  class=\"panel-grid-cell\" ><div id=\"panel-2801-1-1-0\" class=\"widget_text so-panel widget widget_custom_html panel-first-child panel-last-child\" data-index=\"2\" ><div class=\"textwidget custom-html-widget\"><img loading=\"lazy\" decoding=\"async\" class=\"aligncenter size-full\" src=\"https:\/\/www.studiomedicofanton.it\/wp-content\/uploads\/2022\/08\/studio-medico-fanton-femtolasik-08-001.jpg\" alt=\"\" width=\"900\" height=\"600\" \/><\/div><\/div><\/div><\/div><div id=\"pg-2801-2\"  class=\"panel-grid panel-has-style\" ><div class=\"siteorigin-panels-stretch panel-row-style panel-row-style-for-2801-2\" data-stretch-type=\"full\" ><div id=\"pgc-2801-2-0\"  class=\"panel-grid-cell\" ><div id=\"panel-2801-2-0-0\" class=\"widget_text so-panel widget widget_custom_html panel-first-child panel-last-child\" data-index=\"3\" ><div class=\"textwidget custom-html-widget\"><div class=\"pag-servizio-wrapper spacing-gray-block centrato\">\n\t<h2 class=\"pag-servizio-subtitile\">\n\t\tCosa differenzia FemtoLasik da PRK?\n\t<\/h2>\n\t<p class=\"pag-servizio-text centrato\">\n\t\tSi tratta di due tecniche estremamente sicure ed efficaci, la cui scelta dipende esclusivamente dall\u2019accurata valutazione del medico oculista e dalla problematica specifica che il soggetto necessita di correggere.\n\t<\/p>\n\t<div class=\"table-container\">\n\t\t<table>\n\t\t\t<tr>\n\t\t\t\t<th>&nbsp;<\/th>\n\t\t\t\t<th><strong>PRK<\/strong><\/th>\n\t\t\t\t<th><strong>FemtoLasik<\/strong><\/th>\n\t\t\t<\/tr>\n\t\t\t<tr>\n\t\t\t\t<td><strong>Durata Trattamento<\/strong><\/td>\n\t\t\t\t<td>Pochi secondi<\/td>\n\t\t\t\t<td>5 Minuti per Occhio<\/td>\n\t\t\t<\/tr>\n\t\t\t<tr>\n\t\t\t\t<td><strong>Tempi di recupero<\/strong><\/td>\n\t\t\t\t<td>1 settimana<\/td>\n\t\t\t\t<td>3 giorni<\/td>\n\t\t\t<\/tr>\n\t\t\t<tr>\n\t\t\t\t<td><strong>Recupero della visione nitida<\/strong><\/td>\n\t\t\t\t<td>Qualche giorno<\/td>\n\t\t\t\t<td>Immediato<\/td>\n\t\t\t<\/tr>\n\t\t\t<tr>\n\t\t\t\t<td><strong>Difetti di vista trattati<\/strong><\/td>\n\t\t\t\t<td>Miopia, Astigmatismo, Ipermetropia<\/td>\n\t\t\t\t<td>Miopia, Astigmatismo, Ipermetropia<\/td>\n\t\t\t<\/tr>\n\t\t\t<tr>\n\t\t\t\t<td><strong>Adatto per cornee sottili<\/strong><\/td>\n\t\t\t\t<td>Si<\/td>\n\t\t\t\t<td>No<\/td>\n\t\t\t<\/tr>\n\t\t\t<tr>\n\t\t\t\t<td><strong>Adatto per difetti di vista lievi<\/strong><\/td>\n\t\t\t\t<td>Si<\/td>\n\t\t\t\t<td>No<\/td>\n\t\t\t<\/tr>\n\t\t<\/table>\n\t<\/div>\n\t<p class=\"pag-servizio-text\">\n\t\tA differenza della PRK, il <strong>recupero post-operatorio della FemtoLasik \u00e8 pi\u00f9 rapido e meno doloroso<\/strong>: gi\u00e0 dal giorno dopo il paziente pu\u00f2 tornare a svolgere le comuni attivit\u00e0 quotidiane.\n\t<\/p>\n<\/div>\n<\/div><\/div><\/div><\/div><\/div><div id=\"pg-2801-3\"  class=\"panel-grid panel-no-style\" ><div id=\"pgc-2801-3-0\"  class=\"panel-grid-cell\" ><div id=\"panel-2801-3-0-0\" class=\"widget_text so-panel widget widget_custom_html panel-first-child panel-last-child\" data-index=\"4\" ><div class=\"textwidget custom-html-widget\"><img loading=\"lazy\" decoding=\"async\" class=\"aligncenter size-full\" src=\"https:\/\/www.studiomedicofanton.it\/wp-content\/uploads\/2022\/08\/studio-medico-fanton-femtolasik-08-002.jpg\" alt=\"\" width=\"900\" height=\"600\" \/><\/div><\/div><\/div><div id=\"pgc-2801-3-1\"  class=\"panel-grid-cell\" ><div id=\"panel-2801-3-1-0\" class=\"widget_text so-panel widget widget_custom_html panel-first-child panel-last-child\" data-index=\"5\" ><div class=\"textwidget custom-html-widget\"><div class=\"pag-servizio-wrapper\">\n\t<h2 class=\"pag-servizio-subtitile\">\n\t\tChi &egrave; idoneo alla FemtoLasik?\n\t<\/h2>\n\t<p class=\"pag-servizio-text\">\n\t\t&Egrave; possibile stabilire se si \u00e8 idonei tramite una visita oculistica, durante la quale il medico oculista verifica lo stato di salute degli occhi attraverso una serie di esami diagnostici preliminari e stabilisce l\u2019intervento pi\u00f9 adatto. \u00c8 comunque necessario avere:<br>\n\t<\/p>\n\t<ul>\n\t\t<li><strong>Et&agrave; superiore ai 18 anni<\/strong><\/li>\n\t\t<li><strong>Stabilit&agrave; della vista da almeno 18 mesi<\/strong><\/li>\n\t\t<li><strong>Buona salute degli occhi<\/strong><\/li>\n\t\t<li><strong>Cornea non troppo sottile<\/strong><\/li>\n\t<\/ul>\n<\/div>\n<\/div><\/div><\/div><\/div><div id=\"pg-2801-4\"  class=\"panel-grid panel-no-style\" ><div id=\"pgc-2801-4-0\"  class=\"panel-grid-cell\" ><div id=\"panel-2801-4-0-0\" class=\"widget_text so-panel widget widget_custom_html panel-first-child panel-last-child\" data-index=\"6\" ><div class=\"textwidget custom-html-widget\"><div class=\"pag-servizio-wrapper\">\n\t<h2 class=\"pag-servizio-subtitile\">\n\t\tCosa fare e cosa <strong>non<\/strong> fare prima dell\u2019intervento FemtoLasik?\n\t<\/h2>\n\t<p class=\"pag-servizio-text\">\n\t\tPrima di sottoporsi all\u2019intervento, si raccomanda di:<br>\n\t<\/p>\t\n\t<ul>\n\t\t<li><strong>Non indossare lenti a contatto<\/strong> nei 30 giorni precedenti<\/li>\n\t\t<li><strong>Non truccarsi<\/strong> nelle 48 ore precedenti<\/li>\n\t\t<li><strong>Non utilizzare profumi o creme <\/strong>(possono causare infezioni prima, dopo e durante l\u2019intervento)<\/li>\n\t\t<li><strong>Seguire la terapia<\/strong> fornita al momento della visita oculistica prechirurgica<\/li>\n\t<\/ul>\n<\/div><\/div><\/div><\/div><\/div><div id=\"pg-2801-5\"  class=\"panel-grid panel-has-style\" ><div class=\"siteorigin-panels-stretch panel-row-style panel-row-style-for-2801-5\" data-stretch-type=\"full\" ><div id=\"pgc-2801-5-0\"  class=\"panel-grid-cell panel-grid-cell-empty\" ><\/div><div id=\"pgc-2801-5-1\"  class=\"panel-grid-cell panel-grid-cell-mobile-last\" ><div id=\"panel-2801-5-1-0\" class=\"widget_text so-panel widget widget_custom_html panel-first-child panel-last-child\" data-index=\"7\" ><div class=\"textwidget custom-html-widget\"><div class=\"pag-servizio-wrapper spacing-gray-block\">\n<h2 class=\"pag-servizio-subtitile centrato\">\n\t\tCome si vede dopo l\u2019intervento FemtoLasik e quanto tempo ci vuole per recuperare la vista?\n\t<\/h2><hr \/>\n\t<p class=\"pag-servizio-text justify\">\n\t\t<strong>I risultati<\/strong> dell\u2019intervento iniziano ad essere visibili <strong>gi\u00e0 subito dopo il trattamento<\/strong>. \u00c8 possibile avvertire un leggero bruciore e una lacrimazione accentuata nelle 48 ore successive. Si tratta di fastidi postoperatori molto comuni che solitamente si riducono notevolmente, o addirittura scompaiono, dopo 3 giorni.<br>\nChi decide di sottoporsi all\u2019intervento FemtoLasik \u00e8 <strong>pienamente soddisfatto del risultato<\/strong>. Molti, infatti, dichiarano di aver raggiunto un\u2019<strong>elevata capacit\u00e0 visiva<\/strong> e, di conseguenza, un netto <strong>miglioramento della qualit\u00e0 della propria vita<\/strong>. La <b>stabilit\u00e0 della vista<\/b> si ottiene <b>dopo circa 7 giorni.<\/b>\n\t<\/p>\n<\/div><\/div><\/div><\/div><div id=\"pgc-2801-5-2\"  class=\"panel-grid-cell panel-grid-cell-empty\" ><\/div><\/div><\/div><div id=\"pg-2801-6\"  class=\"panel-grid panel-no-style\" ><div id=\"pgc-2801-6-0\"  class=\"panel-grid-cell\" ><div id=\"panel-2801-6-0-0\" class=\"widget_text so-panel widget widget_custom_html panel-first-child panel-last-child\" data-index=\"8\" ><div class=\"textwidget custom-html-widget\"><div class=\"pag-servizio-wrapper\">\n\t<h2 class=\"pag-servizio-subtitile\">\n\t\tCosa fare dopo l'intervento FemtoLasik?\n\t<\/h2>\n\t<p class=\"pag-servizio-text\">\n\t\tRisulta fondamentale porre attenzione ad alcuni accorgimenti: <br>\n\t<\/p>\n\t<div class=\"table-container\">\n\t\t<table>\n\t\t\t<tr>\n\t\t\t\t<td><strong>Riposare<\/strong> nelle 3-4 ore successive<\/td>\n\t\t\t<\/tr>\n\t\t\t<tr>\n\t\t\t\t<td><strong>Seguire la terapia<\/strong> post-operatoria prescritta dall\u2019oculista<\/td>\n\t\t\t<\/tr>\n\t\t\t<tr>\n\t\t\t\t<td><strong>Evitare di truccarsi <\/strong>nelle due settimane successive<\/td>\n\t\t\t<\/tr>\n\t\t\t<tr>\n\t\t\t\t<td><strong>Non strofinarsi gli occhi<\/strong><\/td>\n\t\t\t<\/tr>\n\t\t\t<tr>\n\t\t\t\t<td><strong>Evitare luoghi polverosi o esposti a vento <\/strong><\/td>\n\t\t\t<\/tr>\n\t\t\t<tr>\n\t\t\t\t<td><strong>Evitare che l\u2019occhio entri in contatto con l\u2019acqua <\/strong><\/td>\n\t\t\t<\/tr>\n\t\t\t<tr>\n\t\t\t\t<td><strong>Evitare che l\u2019occhio entri in contatto con shampoo e sapone durante la doccia<\/strong><\/td>\n\t\t\t<\/tr>\n\t\t\t<tr>\n\t\t\t\t<td><strong>Evitare l\u2019eccessiva esposizione alla luce del sole e indossare gli occhiali da sole protettivi <\/strong><\/td>\n\t\t\t<\/tr>\n\t\t<\/table>\n\t<\/div>\n<\/div>\n<\/div><\/div><\/div><\/div><div id=\"pg-2801-7\"  class=\"panel-grid panel-no-style\" ><div id=\"pgc-2801-7-0\"  class=\"panel-grid-cell\" ><div id=\"panel-2801-7-0-0\" class=\"widget_text so-panel widget widget_custom_html panel-first-child panel-last-child\" data-index=\"9\" ><div class=\"textwidget custom-html-widget\"><div class=\"pag-servizio-wrapper\">\n\t<h2 class=\"pag-servizio-subtitile\">\n\t\tCome pulire gli occhi dopo FemtoLasik?\n\t<\/h2>\n\t<p class=\"pag-servizio-text\">\n\t\t&Egrave; fortemente raccomandato non lavarsi il viso nelle prime due settimane dall\u2019intervento e idratarli con lacrime artificiali. Nel caso in cui si avvertisse prurito o fastidio dovuto alla caduta di ciglia, &egrave; comunque indicato instillare i colliri prescritti per la terapia postoperatoria.\n\t<\/p>\t\n<\/div><\/div><\/div><\/div><div id=\"pgc-2801-7-1\"  class=\"panel-grid-cell\" ><div id=\"panel-2801-7-1-0\" class=\"widget_text so-panel widget widget_custom_html panel-first-child panel-last-child\" data-index=\"10\" ><div class=\"textwidget custom-html-widget\"><img loading=\"lazy\" decoding=\"async\" class=\"aligncenter size-full\" src=\"https:\/\/www.studiomedicofanton.it\/wp-content\/uploads\/2022\/07\/studio-medico-fanton-femtolasik-chirurgia-03-2.jpg\" alt=\"\" width=\"900\" height=\"600\" \/><\/div><\/div><\/div><\/div><div id=\"pg-2801-8\"  class=\"panel-grid panel-has-style\" ><div class=\"siteorigin-panels-stretch panel-row-style panel-row-style-for-2801-8\" data-stretch-type=\"full\" ><div id=\"pgc-2801-8-0\"  class=\"panel-grid-cell\" ><div id=\"panel-2801-8-0-0\" class=\"widget_text so-panel widget widget_custom_html panel-first-child panel-last-child\" data-index=\"11\" ><div class=\"textwidget custom-html-widget\"><div class=\"pag-servizio-wrapper spacing-gray-block\">\n\t<h2 class=\"pag-servizio-subtitile centrato\">\n\t\tI risultati della FemtoLasik per quanto tempo durano?\n\t<\/h2>\n\t<p class=\"pag-servizio-text centrato\">\n\t\tGrazie alla FemtoLasik \u00e8 possibile recuperare una vista ottimale ottenendo l\u2019indipendenza da occhiali e lenti a contatto.  Il risultato del trattamento <strong>\u00e8 definitivo, salvo comparsa di problematiche legate all\u2019invecchiamento, come cataratta e presbiopia<\/strong>.\n\t<\/p>\n<\/div><\/div><\/div><\/div><\/div><\/div><div id=\"pg-2801-9\"  class=\"panel-grid panel-has-style\" ><div class=\"siteorigin-panels-stretch panel-row-style panel-row-style-for-2801-9\" data-stretch-type=\"full\" ><div id=\"pgc-2801-9-0\"  class=\"panel-grid-cell\" ><div id=\"panel-2801-9-0-0\" class=\"widget_text so-panel widget widget_custom_html panel-first-child panel-last-child\" data-index=\"12\" ><div class=\"textwidget custom-html-widget\"><div class=\"sezione-prenotazione-text justify\">\n\t<h3>\n\t\tL'Importanza di una visita Oculistica! \n\t<\/h3>\nLe Visite mediche servono soprattutto a diagnosticare patologie gravi, permettendo di effettuare terapie precoci con la possibilit\u00e0 di salvaguardare la vista.\nPer prenotare una visita presso il nostro Studio medico puoi utilizzare il pulsante sottostante. Se hai dubbi o hai bisogno di maggiori informazioni, sentiti libero di contattarci utilizzando il modulo di contatto. Saremo lieti di risponderti e venire incontro alle tue esigenze.\n<\/div>\n<div class=\"centrato\" style=\"margin-top:50px;\">\n\t<a class=\"mh-button-visit-form\" href=\"tel:+3901522979\">Prenota un visita<\/a>\n<\/div>\n<\/div><\/div><\/div><div id=\"pgc-2801-9-1\"  class=\"panel-grid-cell\" ><div id=\"panel-2801-9-1-0\" class=\"widget_text so-panel widget widget_custom_html panel-first-child panel-last-child\" data-index=\"13\" ><div class=\"textwidget custom-html-widget\"><div class=\"container-form centrato\">\n\t\n<div class=\"wpcf7 no-js\" id=\"wpcf7-f4-o1\" lang=\"it-IT\" dir=\"ltr\" data-wpcf7-id=\"4\">\n<div class=\"screen-reader-response\"><p role=\"status\" aria-live=\"polite\" aria-atomic=\"true\"><\/p> <ul><\/ul><\/div>\n<form action=\"\/it\/wp-json\/wp\/v2\/pages\/2801#wpcf7-f4-o1\" method=\"post\" class=\"wpcf7-form init\" aria-label=\"Modulo di contatto\" novalidate=\"novalidate\" data-status=\"init\">\n<fieldset class=\"hidden-fields-container\"><input type=\"hidden\" name=\"_wpcf7\" value=\"4\" \/><input type=\"hidden\" name=\"_wpcf7_version\" value=\"6.1.5\" \/><input type=\"hidden\" name=\"_wpcf7_locale\" value=\"it_IT\" \/><input type=\"hidden\" name=\"_wpcf7_unit_tag\" value=\"wpcf7-f4-o1\" \/><input type=\"hidden\" name=\"_wpcf7_container_post\" value=\"0\" \/><input type=\"hidden\" name=\"_wpcf7_posted_data_hash\" value=\"\" \/>\n<\/fieldset>\n<div class=\"wpcf7-turnstile cf-turnstile\" data-sitekey=\"0x4AAAAAABs1d-jl9c7nQQX9\" data-response-field-name=\"_wpcf7_turnstile_response\"><\/div>\n\n<p><span class=\"wpcf7-form-control-wrap\" data-name=\"your-name\"><input size=\"40\" maxlength=\"400\" class=\"wpcf7-form-control wpcf7-text wpcf7-validates-as-required\" aria-required=\"true\" aria-invalid=\"false\" placeholder=\"Nome e Cognome*\" value=\"\" type=\"text\" name=\"your-name\" \/><\/span>\n<\/p>\n<p><span class=\"wpcf7-form-control-wrap\" data-name=\"your-email\"><input size=\"40\" maxlength=\"400\" class=\"wpcf7-form-control wpcf7-email wpcf7-validates-as-required wpcf7-text wpcf7-validates-as-email\" aria-required=\"true\" aria-invalid=\"false\" placeholder=\"Email*\" value=\"\" type=\"email\" name=\"your-email\" \/><\/span>\n<\/p>\n<p><span class=\"wpcf7-form-control-wrap\" data-name=\"your-phone\"><input size=\"40\" maxlength=\"400\" class=\"wpcf7-form-control wpcf7-text\" aria-invalid=\"false\" placeholder=\"Numero di Telefono\" value=\"\" type=\"text\" name=\"your-phone\" \/><\/span>\n<\/p>\n<p><span class=\"wpcf7-form-control-wrap\" data-name=\"your-message\"><textarea cols=\"40\" rows=\"2\" maxlength=\"2000\" class=\"wpcf7-form-control wpcf7-textarea wpcf7-validates-as-required\" aria-required=\"true\" aria-invalid=\"false\" placeholder=\"Messaggio*\" name=\"your-message\"><\/textarea><\/span>\n<\/p>\n<div style=\"font-size:0.9em !important;margin-bottom: 10px;color:#5b779d;\" >\n\t<p><span class=\"wpcf7-form-control-wrap\" data-name=\"acceptance-privacy\"><span class=\"wpcf7-form-control wpcf7-acceptance\"><span class=\"wpcf7-list-item\"><label><input type=\"checkbox\" name=\"acceptance-privacy\" value=\"1\" aria-invalid=\"false\" \/><span class=\"wpcf7-list-item-label\">- Acconsento al trattamento dei miei dati personali in accordo con la pi\u00f9 recente <a href=\"https:\/\/www.studiomedicofanton.it\/it\/privacy-policy\/\" target=\"_blank\" style=\"font-size:0.9em;color:#5b779d70;\" >Privacy Policy<\/a><\/span><\/label><\/span><\/span><\/span>\n\t<\/p>\n<\/div>\n<p><input class=\"wpcf7-form-control wpcf7-submit has-spinner\" type=\"submit\" value=\"Invia\" \/>\n<\/p><div class=\"wpcf7-response-output\" aria-hidden=\"true\"><\/div>\n<\/form>\n<\/div>\n\n<\/div>\n<\/div><\/div><\/div><\/div><\/div><\/div>","protected":false},"excerpt":{"rendered":"<p>Femtolasik Che cos&#8217;&egrave; la FemtoLasik L\u2019intervento FemtoLasik \u00e8 una delle pi\u00f9 comuni tecniche utilizzate per correggere miopia, astigmatismo, presbiopia e ipermetropia. Il suo scopo \u00e8 quello di migliorare la vista,&hellip;<\/p>\n","protected":false},"author":1,"featured_media":0,"parent":2799,"menu_order":10,"comment_status":"closed","ping_status":"closed","template":"","meta":{"footnotes":""},"class_list":["post-2801","page","type-page","status-publish","hentry","post"],"yoast_head":"<!-- This site is optimized with the Yoast SEO plugin v27.2 - https:\/\/yoast.com\/product\/yoast-seo-wordpress\/ -->\n<title>FEMTOLASIK: correzione laser miopia e astigmatismo<\/title>\n<meta name=\"description\" content=\"Scopri la tecnica FEMTOLASIK per correggere miopia, astigmatismo e ipermetropia. Intervento laser di ultima generazione, preciso e indolore.\" \/>\n<meta name=\"robots\" content=\"index, follow, max-snippet:-1, max-image-preview:large, max-video-preview:-1\" \/>\n<link rel=\"canonical\" href=\"https:\/\/www.studiomedicofanton.it\/it\/elimina-gli-occhiali\/femtolasik\/\" \/>\n<meta property=\"og:locale\" content=\"it_IT\" \/>\n<meta property=\"og:type\" content=\"article\" \/>\n<meta property=\"og:title\" content=\"FEMTOLASIK: correzione laser miopia e astigmatismo\" \/>\n<meta property=\"og:description\" content=\"Scopri la tecnica FEMTOLASIK per correggere miopia, astigmatismo e ipermetropia. Intervento laser di ultima generazione, preciso e indolore.\" \/>\n<meta property=\"og:url\" content=\"https:\/\/www.studiomedicofanton.it\/it\/elimina-gli-occhiali\/femtolasik\/\" \/>\n<meta property=\"og:site_name\" content=\"Studio Medico Fanton\" \/>\n<meta property=\"article:modified_time\" content=\"2025-06-05T14:16:32+00:00\" \/>\n<meta property=\"og:image\" content=\"https:\/\/www.studiomedicofanton.it\/wp-content\/uploads\/2021\/08\/logo-FANTON1.jpg\" \/>\n\t<meta property=\"og:image:width\" content=\"353\" \/>\n\t<meta property=\"og:image:height\" content=\"370\" \/>\n\t<meta property=\"og:image:type\" content=\"image\/jpeg\" \/>\n<meta name=\"twitter:card\" content=\"summary_large_image\" \/>\n<meta name=\"twitter:label1\" content=\"Tempo di lettura stimato\" \/>\n\t<meta name=\"twitter:data1\" content=\"4 minuti\" \/>\n<script type=\"application\/ld+json\" class=\"yoast-schema-graph\">{\"@context\":\"https:\/\/schema.org\",\"@graph\":[{\"@type\":\"WebPage\",\"@id\":\"https:\/\/www.studiomedicofanton.it\/it\/elimina-gli-occhiali\/femtolasik\/\",\"url\":\"https:\/\/www.studiomedicofanton.it\/it\/elimina-gli-occhiali\/femtolasik\/\",\"name\":\"FEMTOLASIK: correzione laser miopia e astigmatismo\",\"isPartOf\":{\"@id\":\"https:\/\/www.studiomedicofanton.it\/it\/#website\"},\"datePublished\":\"2022-07-25T10:40:31+00:00\",\"dateModified\":\"2025-06-05T14:16:32+00:00\",\"description\":\"Scopri la tecnica FEMTOLASIK per correggere miopia, astigmatismo e ipermetropia. Intervento laser di ultima generazione, preciso e indolore.\",\"breadcrumb\":{\"@id\":\"https:\/\/www.studiomedicofanton.it\/it\/elimina-gli-occhiali\/femtolasik\/#breadcrumb\"},\"inLanguage\":\"it-IT\",\"potentialAction\":[{\"@type\":\"ReadAction\",\"target\":[\"https:\/\/www.studiomedicofanton.it\/it\/elimina-gli-occhiali\/femtolasik\/\"]}]},{\"@type\":\"BreadcrumbList\",\"@id\":\"https:\/\/www.studiomedicofanton.it\/it\/elimina-gli-occhiali\/femtolasik\/#breadcrumb\",\"itemListElement\":[{\"@type\":\"ListItem\",\"position\":1,\"name\":\"Home\",\"item\":\"https:\/\/www.studiomedicofanton.it\/it\/\"},{\"@type\":\"ListItem\",\"position\":2,\"name\":\"Elimina gli Occhiali\",\"item\":\"https:\/\/www.studiomedicofanton.it\/it\/elimina-gli-occhiali\/\"},{\"@type\":\"ListItem\",\"position\":3,\"name\":\"FemtoLasik\"}]},{\"@type\":\"WebSite\",\"@id\":\"https:\/\/www.studiomedicofanton.it\/it\/#website\",\"url\":\"https:\/\/www.studiomedicofanton.it\/it\/\",\"name\":\"Studio Medico Fanton\",\"description\":\"Biella Torino Lugano -  I Vostri Occhi, la Nostra Passione\",\"alternateName\":\"Studio Fanton\",\"potentialAction\":[{\"@type\":\"SearchAction\",\"target\":{\"@type\":\"EntryPoint\",\"urlTemplate\":\"https:\/\/www.studiomedicofanton.it\/it\/?s={search_term_string}\"},\"query-input\":{\"@type\":\"PropertyValueSpecification\",\"valueRequired\":true,\"valueName\":\"search_term_string\"}}],\"inLanguage\":\"it-IT\"}]}<\/script>\n<!-- \/ Yoast SEO plugin. -->","yoast_head_json":{"title":"FEMTOLASIK: correzione laser miopia e astigmatismo","description":"Scopri la tecnica FEMTOLASIK per correggere miopia, astigmatismo e ipermetropia. Intervento laser di ultima generazione, preciso e indolore.","robots":{"index":"index","follow":"follow","max-snippet":"max-snippet:-1","max-image-preview":"max-image-preview:large","max-video-preview":"max-video-preview:-1"},"canonical":"https:\/\/www.studiomedicofanton.it\/it\/elimina-gli-occhiali\/femtolasik\/","og_locale":"it_IT","og_type":"article","og_title":"FEMTOLASIK: correzione laser miopia e astigmatismo","og_description":"Scopri la tecnica FEMTOLASIK per correggere miopia, astigmatismo e ipermetropia. Intervento laser di ultima generazione, preciso e indolore.","og_url":"https:\/\/www.studiomedicofanton.it\/it\/elimina-gli-occhiali\/femtolasik\/","og_site_name":"Studio Medico Fanton","article_modified_time":"2025-06-05T14:16:32+00:00","og_image":[{"width":353,"height":370,"url":"https:\/\/www.studiomedicofanton.it\/wp-content\/uploads\/2021\/08\/logo-FANTON1.jpg","type":"image\/jpeg"}],"twitter_card":"summary_large_image","twitter_misc":{"Tempo di lettura stimato":"4 minuti"},"schema":{"@context":"https:\/\/schema.org","@graph":[{"@type":"WebPage","@id":"https:\/\/www.studiomedicofanton.it\/it\/elimina-gli-occhiali\/femtolasik\/","url":"https:\/\/www.studiomedicofanton.it\/it\/elimina-gli-occhiali\/femtolasik\/","name":"FEMTOLASIK: correzione laser miopia e astigmatismo","isPartOf":{"@id":"https:\/\/www.studiomedicofanton.it\/it\/#website"},"datePublished":"2022-07-25T10:40:31+00:00","dateModified":"2025-06-05T14:16:32+00:00","description":"Scopri la tecnica FEMTOLASIK per correggere miopia, astigmatismo e ipermetropia. Intervento laser di ultima generazione, preciso e indolore.","breadcrumb":{"@id":"https:\/\/www.studiomedicofanton.it\/it\/elimina-gli-occhiali\/femtolasik\/#breadcrumb"},"inLanguage":"it-IT","potentialAction":[{"@type":"ReadAction","target":["https:\/\/www.studiomedicofanton.it\/it\/elimina-gli-occhiali\/femtolasik\/"]}]},{"@type":"BreadcrumbList","@id":"https:\/\/www.studiomedicofanton.it\/it\/elimina-gli-occhiali\/femtolasik\/#breadcrumb","itemListElement":[{"@type":"ListItem","position":1,"name":"Home","item":"https:\/\/www.studiomedicofanton.it\/it\/"},{"@type":"ListItem","position":2,"name":"Elimina gli Occhiali","item":"https:\/\/www.studiomedicofanton.it\/it\/elimina-gli-occhiali\/"},{"@type":"ListItem","position":3,"name":"FemtoLasik"}]},{"@type":"WebSite","@id":"https:\/\/www.studiomedicofanton.it\/it\/#website","url":"https:\/\/www.studiomedicofanton.it\/it\/","name":"Studio Medico Fanton","description":"Biella Torino Lugano -  I Vostri Occhi, la Nostra Passione","alternateName":"Studio Fanton","potentialAction":[{"@type":"SearchAction","target":{"@type":"EntryPoint","urlTemplate":"https:\/\/www.studiomedicofanton.it\/it\/?s={search_term_string}"},"query-input":{"@type":"PropertyValueSpecification","valueRequired":true,"valueName":"search_term_string"}}],"inLanguage":"it-IT"}]}},"_links":{"self":[{"href":"https:\/\/www.studiomedicofanton.it\/it\/wp-json\/wp\/v2\/pages\/2801","targetHints":{"allow":["GET"]}}],"collection":[{"href":"https:\/\/www.studiomedicofanton.it\/it\/wp-json\/wp\/v2\/pages"}],"about":[{"href":"https:\/\/www.studiomedicofanton.it\/it\/wp-json\/wp\/v2\/types\/page"}],"author":[{"embeddable":true,"href":"https:\/\/www.studiomedicofanton.it\/it\/wp-json\/wp\/v2\/users\/1"}],"replies":[{"embeddable":true,"href":"https:\/\/www.studiomedicofanton.it\/it\/wp-json\/wp\/v2\/comments?post=2801"}],"version-history":[{"count":10,"href":"https:\/\/www.studiomedicofanton.it\/it\/wp-json\/wp\/v2\/pages\/2801\/revisions"}],"predecessor-version":[{"id":3193,"href":"https:\/\/www.studiomedicofanton.it\/it\/wp-json\/wp\/v2\/pages\/2801\/revisions\/3193"}],"up":[{"embeddable":true,"href":"https:\/\/www.studiomedicofanton.it\/it\/wp-json\/wp\/v2\/pages\/2799"}],"wp:attachment":[{"href":"https:\/\/www.studiomedicofanton.it\/it\/wp-json\/wp\/v2\/media?parent=2801"}],"curies":[{"name":"wp","href":"https:\/\/api.w.org\/{rel}","templated":true}]}}