{"id":770,"date":"2021-09-20T14:47:31","date_gmt":"2021-09-20T12:47:31","guid":{"rendered":"https:\/\/www.studiomedicofanton.it\/?page_id=770"},"modified":"2025-06-05T15:52:10","modified_gmt":"2025-06-05T13:52:10","slug":"dott-fanton","status":"publish","type":"page","link":"https:\/\/www.studiomedicofanton.it\/it\/il-nostro-team\/dott-fanton\/","title":{"rendered":"Dott. Fanton"},"content":{"rendered":"<div id=\"pl-770\"  class=\"panel-layout\" ><div id=\"pg-770-0\"  class=\"panel-grid panel-has-style\" ><div class=\"siteorigin-panels-stretch panel-row-style panel-row-style-for-770-0\" data-stretch-type=\"full\" ><div id=\"pgc-770-0-0\"  class=\"panel-grid-cell\" ><div id=\"panel-770-0-0-0\" class=\"widget_text so-panel widget widget_custom_html panel-first-child panel-last-child\" data-index=\"0\" ><div class=\"widget_text panel-widget-style panel-widget-style-for-770-0-0-0\" ><div class=\"textwidget custom-html-widget\"><div class=\"title-page-wrapper\">\n\t<h1 class=\"title-page\">\n\t\tPhD FEBO DiSSO FMH Giordano Fanton\n\t<\/h1>\n<\/div>\n<\/div><\/div><\/div><\/div><\/div><\/div><div id=\"pg-770-1\"  class=\"panel-grid panel-has-style\" ><div class=\"panel-row-style panel-row-style-for-770-1\" ><div id=\"pgc-770-1-0\"  class=\"panel-grid-cell\" ><div id=\"panel-770-1-0-0\" class=\"widget_text so-panel widget widget_custom_html panel-first-child panel-last-child\" data-index=\"1\" ><div class=\"textwidget custom-html-widget\"><img loading=\"lazy\" decoding=\"async\" class=\"aligncenter wp-image-163 size-full\" src=\"https:\/\/www.studiomedicofanton.it\/wp-content\/uploads\/2021\/08\/fanton-0191-2.jpg\" alt=\"\" width=\"200\" height=\"300\" \/><\/div><\/div><\/div><div id=\"pgc-770-1-1\"  class=\"panel-grid-cell\" ><div id=\"panel-770-1-1-0\" class=\"widget_text so-panel widget widget_custom_html panel-first-child panel-last-child\" data-index=\"2\" ><div class=\"textwidget custom-html-widget\"><div class=\"fanton-info-wrapper\">\n\t<h2 class=\"fanton-info-title\">\n\t\tDott. Giordano Fanton\n\t<\/h2>\n\t<hr \/>\t\n\t<ul class=\"fanton-info-text\">\n\t\t<li>Medico Chirurgo \u2013 Specialista in Oftalmologia<\/li>\n\t\t<li>PhD \u2013 Dottore di Ricerca in Scienze Cliniche<\/li>\n\t\t<li>FEBO \u2013 Fellow European Board Ophthalmology<\/li>\n\t\t<li>DiSSO \u2013 Diploma of Superior Specialist in Ophthalmology<\/li>\n\t\t<li>Specialista FMH in Oftalmologia<\/li>\n\t<\/ul>\n<\/div><\/div><\/div><\/div><\/div><\/div><div id=\"pg-770-2\"  class=\"panel-grid panel-has-style\" ><div class=\"panel-row-style panel-row-style-for-770-2\" ><div id=\"pgc-770-2-0\"  class=\"panel-grid-cell\" ><div id=\"panel-770-2-0-0\" class=\"widget_text so-panel widget widget_custom_html panel-first-child panel-last-child\" data-index=\"3\" ><div class=\"textwidget custom-html-widget\"><p class=\"fanton-info-text\">\n\tDopo aver frequentato la Scuola Normale Superiore di Pisa (Collegio Puteano), il Dott. Giordano Fanton consegue nel 2003 la laurea in Medicina e Chirurgia presso l\u2019Universit\u00e0 degli Studi di Pisa.<br \/>\n\t\tNel 2004 si iscrive all\u2019Ordine dei Medici Chirurghi di Biella (916 M.C.)<br \/>  \n\t\tNel 2007 discute la tesi di Specializzazione in Oftalmologia presso l\u2019Universit\u00e0 degli Studi di Torino, dove nel 2012 ottiene il titolo di Dottore di Ricerca in Scienze Cliniche e Oncologia Umana.<br \/>\n\t\u00c9 specializzato nella microchirurgia del segmento anteriore. I suoi principali campi di interesse sono la chirurgia refrattiva e della cornea, la cataratta, il glaucoma e la traumatologia oculare. Ha maturato inoltre una buona esperienza nella diagnostica oftalmologica avanzata, in particolare Ecografia oculare A-B Scan, High Frequency Ultrabiomicroscopy (Ubm) e nella ricerca visuale. Ha conseguito importanti certificazioni a livello internazionale. Nel Maggio 2010 ha superato l\u2019esame del European Board of Opthalmology (FEBO).<br \/>\n\tDopo aver completato gli studi presso la European School for Advanced Studies in Opthalmology (ESASO), nell\u2019Ottobre 2013 consegue il DiSSO (Diploma of Specialist Superior in Ophthalmology) presso l\u2019Universit\u00e0 della Svizzera Italiana.<br \/>\n\tDal Dicembre del 2012 \u00e8 Membro della FMH (Foederatio Medicorum Helveticorum) ed \u00e8 iscritto all\u2019Ordine dei Medici del Canton Ticino (OMTC). <br \/><br \/> \n\t\u00c9 membro, inoltre, di numerose associazioni tra cui:\n<\/p>\n<ul>\n\t<li><strong>ARVO<\/strong> \u2013 Association for Research in Vision &amp; Ophthalmology<\/li>\n\t<li><strong>EGS <\/strong>\u2013 European Glaucoma Society<\/li>\n\t<li><strong>ESCRS <\/strong>\u2013 European Society of Cataract &amp; Refractive Surgery<\/li>\n\t<li><strong>ICO <\/strong>\u2013 International Council of Ophthalmology<\/li>\n\t<li><strong>FMH <\/strong>\u2013 Federatio Medicorum Helveticourm<\/li>\n\t<li><strong>SEE <\/strong>\u2013 Sight Eye Expeditions<\/li>\n\t<li><strong>SFO <\/strong>\u2013 Societ\u00e0 Oftalmologica Francese<\/li>\n\t<li><strong>SIEO <\/strong>\u2013 Societ\u00e0 Italiana di Ecografia Oculare<\/li>\n\t<li><strong>SOI  <\/strong>\u2013 Societ\u00e0 Oftalmologica Italiana<\/li>\n\t<li><strong>SSO <\/strong>\u2013 Societ\u00e0 Oftalmologica Svizzera<\/li>\n<\/ul><\/div><\/div><\/div><\/div><\/div><div id=\"pg-770-3\"  class=\"panel-grid panel-has-style\" ><div class=\"siteorigin-panels-stretch panel-row-style panel-row-style-for-770-3\" data-stretch-type=\"full-width-stretch\" ><div id=\"pgc-770-3-0\"  class=\"panel-grid-cell\" ><div id=\"panel-770-3-0-0\" class=\"widget_text so-panel widget widget_custom_html panel-first-child panel-last-child\" data-index=\"4\" ><div class=\"widget_text panel-widget-style panel-widget-style-for-770-3-0-0\" ><div class=\"textwidget custom-html-widget\"><div style=\"margin:50px;\">\n\t&nbsp;\n<\/div><\/div><\/div><\/div><\/div><\/div><\/div><div id=\"pg-770-4\"  class=\"panel-grid panel-has-style\" ><div id=\"grazianofanton\" class=\"panel-row-style panel-row-style-for-770-4\" ><div id=\"pgc-770-4-0\"  class=\"panel-grid-cell\" ><div id=\"panel-770-4-0-0\" class=\"widget_text so-panel widget widget_custom_html panel-first-child panel-last-child\" data-index=\"5\" ><div class=\"textwidget custom-html-widget\"><img loading=\"lazy\" decoding=\"async\" class=\"aligncenter wp-image-400 size-full\" src=\"https:\/\/www.studiomedicofanton.it\/wp-content\/uploads\/2021\/09\/fanton_padre-199x300-1.jpg\" alt=\"\" width=\"199\" height=\"300\" \/><\/div><\/div><\/div><div id=\"pgc-770-4-1\"  class=\"panel-grid-cell\" ><div id=\"panel-770-4-1-0\" class=\"widget_text so-panel widget widget_custom_html panel-first-child panel-last-child\" data-index=\"6\" ><div class=\"textwidget custom-html-widget\"><div class=\"fanton-info-wrapper\">\n\t<h2 class=\"fanton-info-title\">\n\t\tDott. Graziano Fanton\n\t<\/h2>\n\t<hr \/>\t\n\t<p class=\"fanton-info-text-graziano\">\n\t\tLaureato in Medicina e Chirurgia presso l'Universit\u00e0 degli Studi di Torino nel 1976. <br \/>\n\t\tNel 1981 il Dott. Graziano Fanton si specializza in <strong>Anestesiologia e Rianimazione<\/strong>.\n\t<\/p>\n<\/div><\/div><\/div><\/div><\/div><\/div><div id=\"pg-770-5\"  class=\"panel-grid panel-has-style\" ><div class=\"panel-row-style panel-row-style-for-770-5\" ><div id=\"pgc-770-5-0\"  class=\"panel-grid-cell\" ><div id=\"panel-770-5-0-0\" class=\"widget_text so-panel widget widget_custom_html panel-first-child panel-last-child\" data-index=\"7\" ><div class=\"textwidget custom-html-widget\"><p class=\"fanton-info-text\">\n\tNel corso della sua carriera, il Dott. Graziano Fanton, ha prestato la sua opera nelle pi\u00f9 importanti realt\u00e0 sanitarie del territorio biellese. Socio Fondatore dell\u2019Associazione Biellese di Bioetica e Co-Fondatore del Servizio di Cure Palliative domiciliari sul territorio biellese, ha partecipato a numerose ricerche nel campo dell\u2019attivit\u00e0 di farmaci nella terapia del coma cerebrale traumatico e delle infezioni in terapia intensiva.<br \/>\n\t\u00c8 stato relatore di numerosi seminari e docente per la formazione del personale addetto al primo soccorso del paziente critico nel mondo del lavoro.\n<\/p>\n<\/div><\/div><\/div><\/div><\/div><div id=\"pg-770-6\"  class=\"panel-grid panel-has-style\" ><div class=\"siteorigin-panels-stretch panel-row-style panel-row-style-for-770-6\" data-stretch-type=\"full\" ><div id=\"pgc-770-6-0\"  class=\"panel-grid-cell\" ><div id=\"panel-770-6-0-0\" class=\"widget_text so-panel widget widget_custom_html panel-first-child panel-last-child\" data-index=\"8\" ><div class=\"textwidget custom-html-widget\"><div class=\"sezione-prenotazione-text justify\">\n\t<h3>\n\t\tL'Importanza di una visita Oculistica! \n\t<\/h3>\nDal momento che la vista \u00e8 parte integrante della nostra esperienza sensoriale quotidiana, \u00e8 fondamentale non sottovalutare la quantit\u00e0 di stress a cui sono sottoposti i nostri occhi.<br> Le visite mediche hanno lo scopo di salvaguardarne lo stato di salute, diagnosticando precocemente gravi patologie e intervenendo con terapie mirate ed efficienti. Prenota una visita presso il nostro Studio Medico utilizzando il pulsante sottostante. <br> Se hai dubbi o desideri maggiori informazioni contattaci compilando il seguente modulo. Saremo lieti di risponderti e venire incontro alle tue esigenze.\n<\/div>\n<div class=\"centrato\" style=\"margin-top:50px;\">\n\t<a class=\"mh-button-visit-form\" href=\"tel:+3901522979\">Prenota una visita<\/a>\n<\/div>\n<\/div><\/div><\/div><div id=\"pgc-770-6-1\"  class=\"panel-grid-cell\" ><div id=\"panel-770-6-1-0\" class=\"widget_text so-panel widget widget_custom_html panel-first-child panel-last-child\" data-index=\"9\" ><div class=\"textwidget custom-html-widget\"><div class=\"container-form centrato\">\n\t\n<div class=\"wpcf7 no-js\" id=\"wpcf7-f4-o1\" lang=\"it-IT\" dir=\"ltr\" data-wpcf7-id=\"4\">\n<div class=\"screen-reader-response\"><p role=\"status\" aria-live=\"polite\" aria-atomic=\"true\"><\/p> <ul><\/ul><\/div>\n<form action=\"\/it\/wp-json\/wp\/v2\/pages\/770#wpcf7-f4-o1\" method=\"post\" class=\"wpcf7-form init\" aria-label=\"Modulo di contatto\" novalidate=\"novalidate\" data-status=\"init\">\n<fieldset class=\"hidden-fields-container\"><input type=\"hidden\" name=\"_wpcf7\" value=\"4\" \/><input type=\"hidden\" name=\"_wpcf7_version\" value=\"6.1.5\" \/><input type=\"hidden\" name=\"_wpcf7_locale\" value=\"it_IT\" \/><input type=\"hidden\" name=\"_wpcf7_unit_tag\" value=\"wpcf7-f4-o1\" \/><input type=\"hidden\" name=\"_wpcf7_container_post\" value=\"0\" \/><input type=\"hidden\" name=\"_wpcf7_posted_data_hash\" value=\"\" \/>\n<\/fieldset>\n<div class=\"wpcf7-turnstile cf-turnstile\" data-sitekey=\"0x4AAAAAABs1d-jl9c7nQQX9\" data-response-field-name=\"_wpcf7_turnstile_response\"><\/div>\n\n<p><span class=\"wpcf7-form-control-wrap\" data-name=\"your-name\"><input size=\"40\" maxlength=\"400\" class=\"wpcf7-form-control wpcf7-text wpcf7-validates-as-required\" aria-required=\"true\" aria-invalid=\"false\" placeholder=\"Nome e Cognome*\" value=\"\" type=\"text\" name=\"your-name\" \/><\/span>\n<\/p>\n<p><span class=\"wpcf7-form-control-wrap\" data-name=\"your-email\"><input size=\"40\" maxlength=\"400\" class=\"wpcf7-form-control wpcf7-email wpcf7-validates-as-required wpcf7-text wpcf7-validates-as-email\" aria-required=\"true\" aria-invalid=\"false\" placeholder=\"Email*\" value=\"\" type=\"email\" name=\"your-email\" \/><\/span>\n<\/p>\n<p><span class=\"wpcf7-form-control-wrap\" data-name=\"your-phone\"><input size=\"40\" maxlength=\"400\" class=\"wpcf7-form-control wpcf7-text\" aria-invalid=\"false\" placeholder=\"Numero di Telefono\" value=\"\" type=\"text\" name=\"your-phone\" \/><\/span>\n<\/p>\n<p><span class=\"wpcf7-form-control-wrap\" data-name=\"your-message\"><textarea cols=\"40\" rows=\"2\" maxlength=\"2000\" class=\"wpcf7-form-control wpcf7-textarea wpcf7-validates-as-required\" aria-required=\"true\" aria-invalid=\"false\" placeholder=\"Messaggio*\" name=\"your-message\"><\/textarea><\/span>\n<\/p>\n<div style=\"font-size:0.9em !important;margin-bottom: 10px;color:#5b779d;\" >\n\t<p><span class=\"wpcf7-form-control-wrap\" data-name=\"acceptance-privacy\"><span class=\"wpcf7-form-control wpcf7-acceptance\"><span class=\"wpcf7-list-item\"><label><input type=\"checkbox\" name=\"acceptance-privacy\" value=\"1\" aria-invalid=\"false\" \/><span class=\"wpcf7-list-item-label\">- Acconsento al trattamento dei miei dati personali in accordo con la pi\u00f9 recente <a href=\"https:\/\/www.studiomedicofanton.it\/it\/privacy-policy\/\" target=\"_blank\" style=\"font-size:0.9em;color:#5b779d70;\" >Privacy Policy<\/a><\/span><\/label><\/span><\/span><\/span>\n\t<\/p>\n<\/div>\n<p><input class=\"wpcf7-form-control wpcf7-submit has-spinner\" type=\"submit\" value=\"Invia\" \/>\n<\/p><div class=\"wpcf7-response-output\" aria-hidden=\"true\"><\/div>\n<\/form>\n<\/div>\n\n<\/div>\n<\/div><\/div><\/div><\/div><\/div><\/div>","protected":false},"excerpt":{"rendered":"<p>PhD FEBO DiSSO FMH Giordano Fanton Dott. Giordano Fanton Medico Chirurgo \u2013 Specialista in Oftalmologia PhD \u2013 Dottore di Ricerca in Scienze Cliniche FEBO \u2013 Fellow European Board Ophthalmology DiSSO&hellip;<\/p>\n","protected":false},"author":1,"featured_media":0,"parent":14,"menu_order":10,"comment_status":"closed","ping_status":"closed","template":"","meta":{"footnotes":""},"class_list":["post-770","page","type-page","status-publish","hentry","post"],"yoast_head":"<!-- This site is optimized with the Yoast SEO plugin v27.2 - https:\/\/yoast.com\/product\/yoast-seo-wordpress\/ -->\n<title>Dott. Giordano Fanton | Specialista in chirurgia oculare e refrattiva<\/title>\n<meta name=\"description\" content=\"Con oltre 20.000 interventi eseguiti, il Dott. Giordano Fanton \u00e8 specialista in chirurgia della cataratta e refrattiva. Esperienza, innovazione e approccio personalizzato.\" \/>\n<meta name=\"robots\" content=\"index, follow, max-snippet:-1, max-image-preview:large, max-video-preview:-1\" \/>\n<link rel=\"canonical\" href=\"https:\/\/www.studiomedicofanton.it\/it\/il-nostro-team\/dott-fanton\/\" \/>\n<meta property=\"og:locale\" content=\"it_IT\" \/>\n<meta property=\"og:type\" content=\"article\" \/>\n<meta property=\"og:title\" content=\"Dott. Giordano Fanton | Specialista in chirurgia oculare e refrattiva\" \/>\n<meta property=\"og:description\" content=\"Con oltre 20.000 interventi eseguiti, il Dott. Giordano Fanton \u00e8 specialista in chirurgia della cataratta e refrattiva. Esperienza, innovazione e approccio personalizzato.\" \/>\n<meta property=\"og:url\" content=\"https:\/\/www.studiomedicofanton.it\/it\/il-nostro-team\/dott-fanton\/\" \/>\n<meta property=\"og:site_name\" content=\"Studio Medico Fanton\" \/>\n<meta property=\"article:modified_time\" content=\"2025-06-05T13:52:10+00:00\" \/>\n<meta property=\"og:image\" content=\"https:\/\/www.studiomedicofanton.it\/wp-content\/uploads\/2021\/08\/logo-FANTON1.jpg\" \/>\n\t<meta property=\"og:image:width\" content=\"353\" \/>\n\t<meta property=\"og:image:height\" content=\"370\" \/>\n\t<meta property=\"og:image:type\" content=\"image\/jpeg\" \/>\n<meta name=\"twitter:card\" content=\"summary_large_image\" \/>\n<meta name=\"twitter:label1\" content=\"Tempo di lettura stimato\" \/>\n\t<meta name=\"twitter:data1\" content=\"4 minuti\" \/>\n<script type=\"application\/ld+json\" class=\"yoast-schema-graph\">{\"@context\":\"https:\/\/schema.org\",\"@graph\":[{\"@type\":\"WebPage\",\"@id\":\"https:\/\/www.studiomedicofanton.it\/it\/il-nostro-team\/dott-fanton\/\",\"url\":\"https:\/\/www.studiomedicofanton.it\/it\/il-nostro-team\/dott-fanton\/\",\"name\":\"Dott. Giordano Fanton | Specialista in chirurgia oculare e refrattiva\",\"isPartOf\":{\"@id\":\"https:\/\/www.studiomedicofanton.it\/it\/#website\"},\"datePublished\":\"2021-09-20T12:47:31+00:00\",\"dateModified\":\"2025-06-05T13:52:10+00:00\",\"description\":\"Con oltre 20.000 interventi eseguiti, il Dott. Giordano Fanton \u00e8 specialista in chirurgia della cataratta e refrattiva. Esperienza, innovazione e approccio personalizzato.\",\"breadcrumb\":{\"@id\":\"https:\/\/www.studiomedicofanton.it\/it\/il-nostro-team\/dott-fanton\/#breadcrumb\"},\"inLanguage\":\"it-IT\",\"potentialAction\":[{\"@type\":\"ReadAction\",\"target\":[\"https:\/\/www.studiomedicofanton.it\/it\/il-nostro-team\/dott-fanton\/\"]}]},{\"@type\":\"BreadcrumbList\",\"@id\":\"https:\/\/www.studiomedicofanton.it\/it\/il-nostro-team\/dott-fanton\/#breadcrumb\",\"itemListElement\":[{\"@type\":\"ListItem\",\"position\":1,\"name\":\"Home\",\"item\":\"https:\/\/www.studiomedicofanton.it\/it\/\"},{\"@type\":\"ListItem\",\"position\":2,\"name\":\"La Nostra Equipe\",\"item\":\"https:\/\/www.studiomedicofanton.it\/it\/il-nostro-team\/\"},{\"@type\":\"ListItem\",\"position\":3,\"name\":\"Dott. Fanton\"}]},{\"@type\":\"WebSite\",\"@id\":\"https:\/\/www.studiomedicofanton.it\/it\/#website\",\"url\":\"https:\/\/www.studiomedicofanton.it\/it\/\",\"name\":\"Studio Medico Fanton\",\"description\":\"Biella Torino Lugano -  I Vostri Occhi, la Nostra Passione\",\"alternateName\":\"Studio Fanton\",\"potentialAction\":[{\"@type\":\"SearchAction\",\"target\":{\"@type\":\"EntryPoint\",\"urlTemplate\":\"https:\/\/www.studiomedicofanton.it\/it\/?s={search_term_string}\"},\"query-input\":{\"@type\":\"PropertyValueSpecification\",\"valueRequired\":true,\"valueName\":\"search_term_string\"}}],\"inLanguage\":\"it-IT\"}]}<\/script>\n<!-- \/ Yoast SEO plugin. -->","yoast_head_json":{"title":"Dott. Giordano Fanton | Specialista in chirurgia oculare e refrattiva","description":"Con oltre 20.000 interventi eseguiti, il Dott. Giordano Fanton \u00e8 specialista in chirurgia della cataratta e refrattiva. Esperienza, innovazione e approccio personalizzato.","robots":{"index":"index","follow":"follow","max-snippet":"max-snippet:-1","max-image-preview":"max-image-preview:large","max-video-preview":"max-video-preview:-1"},"canonical":"https:\/\/www.studiomedicofanton.it\/it\/il-nostro-team\/dott-fanton\/","og_locale":"it_IT","og_type":"article","og_title":"Dott. Giordano Fanton | Specialista in chirurgia oculare e refrattiva","og_description":"Con oltre 20.000 interventi eseguiti, il Dott. Giordano Fanton \u00e8 specialista in chirurgia della cataratta e refrattiva. Esperienza, innovazione e approccio personalizzato.","og_url":"https:\/\/www.studiomedicofanton.it\/it\/il-nostro-team\/dott-fanton\/","og_site_name":"Studio Medico Fanton","article_modified_time":"2025-06-05T13:52:10+00:00","og_image":[{"width":353,"height":370,"url":"https:\/\/www.studiomedicofanton.it\/wp-content\/uploads\/2021\/08\/logo-FANTON1.jpg","type":"image\/jpeg"}],"twitter_card":"summary_large_image","twitter_misc":{"Tempo di lettura stimato":"4 minuti"},"schema":{"@context":"https:\/\/schema.org","@graph":[{"@type":"WebPage","@id":"https:\/\/www.studiomedicofanton.it\/it\/il-nostro-team\/dott-fanton\/","url":"https:\/\/www.studiomedicofanton.it\/it\/il-nostro-team\/dott-fanton\/","name":"Dott. Giordano Fanton | Specialista in chirurgia oculare e refrattiva","isPartOf":{"@id":"https:\/\/www.studiomedicofanton.it\/it\/#website"},"datePublished":"2021-09-20T12:47:31+00:00","dateModified":"2025-06-05T13:52:10+00:00","description":"Con oltre 20.000 interventi eseguiti, il Dott. Giordano Fanton \u00e8 specialista in chirurgia della cataratta e refrattiva. Esperienza, innovazione e approccio personalizzato.","breadcrumb":{"@id":"https:\/\/www.studiomedicofanton.it\/it\/il-nostro-team\/dott-fanton\/#breadcrumb"},"inLanguage":"it-IT","potentialAction":[{"@type":"ReadAction","target":["https:\/\/www.studiomedicofanton.it\/it\/il-nostro-team\/dott-fanton\/"]}]},{"@type":"BreadcrumbList","@id":"https:\/\/www.studiomedicofanton.it\/it\/il-nostro-team\/dott-fanton\/#breadcrumb","itemListElement":[{"@type":"ListItem","position":1,"name":"Home","item":"https:\/\/www.studiomedicofanton.it\/it\/"},{"@type":"ListItem","position":2,"name":"La Nostra Equipe","item":"https:\/\/www.studiomedicofanton.it\/it\/il-nostro-team\/"},{"@type":"ListItem","position":3,"name":"Dott. Fanton"}]},{"@type":"WebSite","@id":"https:\/\/www.studiomedicofanton.it\/it\/#website","url":"https:\/\/www.studiomedicofanton.it\/it\/","name":"Studio Medico Fanton","description":"Biella Torino Lugano -  I Vostri Occhi, la Nostra Passione","alternateName":"Studio Fanton","potentialAction":[{"@type":"SearchAction","target":{"@type":"EntryPoint","urlTemplate":"https:\/\/www.studiomedicofanton.it\/it\/?s={search_term_string}"},"query-input":{"@type":"PropertyValueSpecification","valueRequired":true,"valueName":"search_term_string"}}],"inLanguage":"it-IT"}]}},"_links":{"self":[{"href":"https:\/\/www.studiomedicofanton.it\/it\/wp-json\/wp\/v2\/pages\/770","targetHints":{"allow":["GET"]}}],"collection":[{"href":"https:\/\/www.studiomedicofanton.it\/it\/wp-json\/wp\/v2\/pages"}],"about":[{"href":"https:\/\/www.studiomedicofanton.it\/it\/wp-json\/wp\/v2\/types\/page"}],"author":[{"embeddable":true,"href":"https:\/\/www.studiomedicofanton.it\/it\/wp-json\/wp\/v2\/users\/1"}],"replies":[{"embeddable":true,"href":"https:\/\/www.studiomedicofanton.it\/it\/wp-json\/wp\/v2\/comments?post=770"}],"version-history":[{"count":11,"href":"https:\/\/www.studiomedicofanton.it\/it\/wp-json\/wp\/v2\/pages\/770\/revisions"}],"predecessor-version":[{"id":3189,"href":"https:\/\/www.studiomedicofanton.it\/it\/wp-json\/wp\/v2\/pages\/770\/revisions\/3189"}],"up":[{"embeddable":true,"href":"https:\/\/www.studiomedicofanton.it\/it\/wp-json\/wp\/v2\/pages\/14"}],"wp:attachment":[{"href":"https:\/\/www.studiomedicofanton.it\/it\/wp-json\/wp\/v2\/media?parent=770"}],"curies":[{"name":"wp","href":"https:\/\/api.w.org\/{rel}","templated":true}]}}